{"id":30727,"date":"2026-02-27T00:11:03","date_gmt":"2026-02-27T00:11:03","guid":{"rendered":"https:\/\/nordicmart.andreevmaster.com\/product\/songmics-jarjestelija-leluille-ja-kirjoille\/"},"modified":"2026-02-27T09:34:25","modified_gmt":"2026-02-27T09:34:25","slug":"songmics-jarjestelija-leluille-ja-kirjoille","status":"publish","type":"product","link":"https:\/\/nordicmart.andreevmaster.com\/fi\/tuote\/songmics-jarjestelija-leluille-ja-kirjoille\/","title":{"rendered":"SONGMICS J\u00e4rjestelij\u00e4 leluille ja kirjoille"},"content":{"rendered":"<p>Ajaton, lapsille sopiva, yksil\u00f6llisesti muokattava: klassisen valkoisena t\u00e4m\u00e4 leluhylly ei koskaan mene muodista. V\u00e4rikk\u00e4ill\u00e4 tarroilla, joissa on &#8221;universumin motiiveja&#8221;, se voidaan lis\u00e4ksi muokata lapsille sopivaksi ja se sopii n\u00e4in jokaiseen lastenhuoneeseen. Yksi kaikkeen: lastenkirjat mahtuvat aaltoileviin lokeroihin, lelut mahtuvat kahteen kangaspussiin ja pokaalit seisovat ylpein\u00e4 hyllyill\u00e4. Kirjahylly lapsille, lelujen s\u00e4ilytysj\u00e4rjestelm\u00e4, s\u00e4ilytyslaatikko, hylly \u2013 saat kaiken t\u00e4m\u00e4n yhdell\u00e4 tilauksella! Mik\u00e4 ihana iltap\u00e4iv\u00e4! Lapsesi leikkii iloisesti lastenhuoneessa ja ottaa sitten lempikuvakirjansa hyllyn yl\u00e4hyllylt\u00e4. Mitk\u00e4 lelut h\u00e4n taianomaisesti ottaa esiin kangaspusseista, kun on katsellut kaikki kuvat? Tuotetiedot:V\u00e4ri: valkoinen Materiaali: puristettu puulevy, tekstiilikomposiitti, v\u00e4rikk\u00e4\u00e4t tarrat Koko: 93 x 30 x 100 cm (P x L x K) Paino: 18,8 kg Toimitus sis\u00e4lt\u00e4\u00e4: 1 x lastenhuoneen hylly 2 x kangaspussi 1 x s\u00e4ilytyslaatikko tarvikkeille 1 x ohjeet (DE, EN, FR, ES, IT) SONGMICS-ohjeet:Puhdista tuote kostealla liinalla ja aseta se sitten kuivaan paikkaan. Kun avaat tuotteen pakkauksen, se saattaa tuoksua &#8221;uudelta&#8221;. Siin\u00e4 tapauksessa aseta se muutamaksi tunniksi viile\u00e4\u00e4n, hyvin tuuletettuun paikkaan.<\/p>\n","protected":false},"excerpt":{"rendered":"<p>SONGMICS lastenhuoneen hylly, lelujen s\u00e4ilytysj\u00e4rjestelm\u00e4, kirjahylly lapsille, monik\u00e4ytt\u00f6inen s\u00e4ilytysratkaisu 2 s\u00e4ilytyslaatikolla, avaruusaiheiset tarrat, lastenhuone, makuuhuone, valkoinen GKR42WT<\/p>\n","protected":false},"featured_media":39951,"comment_status":"open","ping_status":"closed","template":"","meta":[],"product_brand":[],"product_cat":[32],"product_tag":[],"class_list":{"0":"post-30727","1":"product","2":"type-product","3":"status-publish","4":"has-post-thumbnail","6":"product_cat-uncategorized-fi","8":"first","9":"instock","10":"shipping-taxable","11":"purchasable","12":"product-type-simple"},"_links":{"self":[{"href":"https:\/\/nordicmart.andreevmaster.com\/fi\/wp-json\/wp\/v2\/product\/30727","targetHints":{"allow":["GET"]}}],"collection":[{"href":"https:\/\/nordicmart.andreevmaster.com\/fi\/wp-json\/wp\/v2\/product"}],"about":[{"href":"https:\/\/nordicmart.andreevmaster.com\/fi\/wp-json\/wp\/v2\/types\/product"}],"replies":[{"embeddable":true,"href":"https:\/\/nordicmart.andreevmaster.com\/fi\/wp-json\/wp\/v2\/comments?post=30727"}],"wp:featuredmedia":[{"embeddable":true,"href":"https:\/\/nordicmart.andreevmaster.com\/fi\/wp-json\/wp\/v2\/media\/39951"}],"wp:attachment":[{"href":"https:\/\/nordicmart.andreevmaster.com\/fi\/wp-json\/wp\/v2\/media?parent=30727"}],"wp:term":[{"taxonomy":"product_brand","embeddable":true,"href":"https:\/\/nordicmart.andreevmaster.com\/fi\/wp-json\/wp\/v2\/product_brand?post=30727"},{"taxonomy":"product_cat","embeddable":true,"href":"https:\/\/nordicmart.andreevmaster.com\/fi\/wp-json\/wp\/v2\/product_cat?post=30727"},{"taxonomy":"product_tag","embeddable":true,"href":"https:\/\/nordicmart.andreevmaster.com\/fi\/wp-json\/wp\/v2\/product_tag?post=30727"}],"curies":[{"name":"wp","href":"https:\/\/api.w.org\/{rel}","templated":true}]}}