{"id":30726,"date":"2026-02-27T00:11:03","date_gmt":"2026-02-27T00:11:03","guid":{"rendered":"https:\/\/nordicmart.andreevmaster.com\/product\/songmics-leluhylly\/"},"modified":"2026-02-27T09:34:25","modified_gmt":"2026-02-27T09:34:25","slug":"songmics-leluhylly","status":"publish","type":"product","link":"https:\/\/nordicmart.andreevmaster.com\/fi\/tuote\/songmics-leluhylly\/","title":{"rendered":"SONGMICS leluhylly"},"content":{"rendered":"<p>Tuotetiedot: V\u00e4ri: valkoinen Materiaali: MDF (keskitihe\u00e4 kuitulevy), puulevy Koko: 62,5 x 29,5 x 70 cm (P x L x K) Paino: 13,7 kgToimitus sis\u00e4lt\u00e4\u00e4:1 x lastenhuoneen hylly1 x kaatumissuoja1 x asennustarvikkeet1 x ohjeet (DE, EN, FR, ES, IT)SONGMICS-ohjeet:Kiinnit\u00e4 t\u00e4m\u00e4 tuote sein\u00e4\u00e4n mukana toimitetulla kaatumissuojalla turvallisen k\u00e4yt\u00f6n varmistamiseksi.Pyyhi tuote p\u00e4ivitt\u00e4in kostealla liinalla.<\/p>\n","protected":false},"excerpt":{"rendered":"<p>SONGMICS leluhylly, kirjahylly lapsille, lastenhuoneen hylly 3 lokerolla ja ulosvedett\u00e4v\u00e4ll\u00e4 lelulaatikolla py\u00f6rill\u00e4, lelujen j\u00e4rjestelij\u00e4, lastenhuone, kirjoille, leluille, valkoinen GKR41WT<\/p>\n","protected":false},"featured_media":39950,"comment_status":"open","ping_status":"closed","template":"","meta":[],"product_brand":[],"product_cat":[32],"product_tag":[],"class_list":{"0":"post-30726","1":"product","2":"type-product","3":"status-publish","4":"has-post-thumbnail","6":"product_cat-uncategorized-fi","8":"first","9":"instock","10":"shipping-taxable","11":"purchasable","12":"product-type-simple"},"_links":{"self":[{"href":"https:\/\/nordicmart.andreevmaster.com\/fi\/wp-json\/wp\/v2\/product\/30726","targetHints":{"allow":["GET"]}}],"collection":[{"href":"https:\/\/nordicmart.andreevmaster.com\/fi\/wp-json\/wp\/v2\/product"}],"about":[{"href":"https:\/\/nordicmart.andreevmaster.com\/fi\/wp-json\/wp\/v2\/types\/product"}],"replies":[{"embeddable":true,"href":"https:\/\/nordicmart.andreevmaster.com\/fi\/wp-json\/wp\/v2\/comments?post=30726"}],"wp:featuredmedia":[{"embeddable":true,"href":"https:\/\/nordicmart.andreevmaster.com\/fi\/wp-json\/wp\/v2\/media\/39950"}],"wp:attachment":[{"href":"https:\/\/nordicmart.andreevmaster.com\/fi\/wp-json\/wp\/v2\/media?parent=30726"}],"wp:term":[{"taxonomy":"product_brand","embeddable":true,"href":"https:\/\/nordicmart.andreevmaster.com\/fi\/wp-json\/wp\/v2\/product_brand?post=30726"},{"taxonomy":"product_cat","embeddable":true,"href":"https:\/\/nordicmart.andreevmaster.com\/fi\/wp-json\/wp\/v2\/product_cat?post=30726"},{"taxonomy":"product_tag","embeddable":true,"href":"https:\/\/nordicmart.andreevmaster.com\/fi\/wp-json\/wp\/v2\/product_tag?post=30726"}],"curies":[{"name":"wp","href":"https:\/\/api.w.org\/{rel}","templated":true}]}}