{"id":30724,"date":"2026-02-27T00:11:02","date_gmt":"2026-02-27T00:11:02","guid":{"rendered":"https:\/\/nordicmart.andreevmaster.com\/product\/songmics-lastenhuoneen-hylly-lelujen-sailytykseen\/"},"modified":"2026-02-27T09:34:24","modified_gmt":"2026-02-27T09:34:24","slug":"songmics-lastenhuoneen-hylly-lelujen-sailytykseen","status":"publish","type":"product","link":"https:\/\/nordicmart.andreevmaster.com\/fi\/tuote\/songmics-lastenhuoneen-hylly-lelujen-sailytykseen\/","title":{"rendered":"SONGMICS lastenhuoneen hylly lelujen s\u00e4ilytykseen"},"content":{"rendered":"<p>Tuotetiedot: V\u00e4ri: Valkoinen hylly; s\u00e4ilytyslaatikot valkoisena, sinisen\u00e4 ja harmaana Materiaali: Puristettu puulevy, fleece, v\u00e4rikk\u00e4\u00e4t paperitarrat Koko: 62,5 x 29,5 x 60 cm (P x L x K) Paino: 5,5 kg Toimitus sis\u00e4lt\u00e4\u00e4: 2 x hyllylevy 9 x s\u00e4ilytyslaatikko 9 x tanko 1 x s\u00e4ilytyslaatikko tarvikkeilla 1 x ohjeet (DE, EN, FR, ES, IT) SONGMICS-ohjeet:Puhdista tuote kostealla liinalla ja anna sen kuivua ilmassa.<\/p>\n","protected":false},"excerpt":{"rendered":"<p>SONGMICS lastenhuoneen hylly, lelujen s\u00e4ilytyslaatikko, kirjahylly lapsille, 9 fleece-s\u00e4ilytyslaatikkoa, lastenhuone, koulu, p\u00e4iv\u00e4koti, 62,5 x 29,5 x 60 cm, avaruusaiheinen, valkoinen GKR33WT<\/p>\n","protected":false},"featured_media":39948,"comment_status":"open","ping_status":"closed","template":"","meta":[],"product_brand":[],"product_cat":[32],"product_tag":[],"class_list":{"0":"post-30724","1":"product","2":"type-product","3":"status-publish","4":"has-post-thumbnail","6":"product_cat-uncategorized-fi","8":"first","9":"instock","10":"shipping-taxable","11":"purchasable","12":"product-type-simple"},"_links":{"self":[{"href":"https:\/\/nordicmart.andreevmaster.com\/fi\/wp-json\/wp\/v2\/product\/30724","targetHints":{"allow":["GET"]}}],"collection":[{"href":"https:\/\/nordicmart.andreevmaster.com\/fi\/wp-json\/wp\/v2\/product"}],"about":[{"href":"https:\/\/nordicmart.andreevmaster.com\/fi\/wp-json\/wp\/v2\/types\/product"}],"replies":[{"embeddable":true,"href":"https:\/\/nordicmart.andreevmaster.com\/fi\/wp-json\/wp\/v2\/comments?post=30724"}],"wp:featuredmedia":[{"embeddable":true,"href":"https:\/\/nordicmart.andreevmaster.com\/fi\/wp-json\/wp\/v2\/media\/39948"}],"wp:attachment":[{"href":"https:\/\/nordicmart.andreevmaster.com\/fi\/wp-json\/wp\/v2\/media?parent=30724"}],"wp:term":[{"taxonomy":"product_brand","embeddable":true,"href":"https:\/\/nordicmart.andreevmaster.com\/fi\/wp-json\/wp\/v2\/product_brand?post=30724"},{"taxonomy":"product_cat","embeddable":true,"href":"https:\/\/nordicmart.andreevmaster.com\/fi\/wp-json\/wp\/v2\/product_cat?post=30724"},{"taxonomy":"product_tag","embeddable":true,"href":"https:\/\/nordicmart.andreevmaster.com\/fi\/wp-json\/wp\/v2\/product_tag?post=30724"}],"curies":[{"name":"wp","href":"https:\/\/api.w.org\/{rel}","templated":true}]}}