{"id":30723,"date":"2026-02-27T00:11:02","date_gmt":"2026-02-27T00:11:02","guid":{"rendered":"https:\/\/nordicmart.andreevmaster.com\/product\/songmics-lastenhuoneen-hylly-sailytyslaatikoilla\/"},"modified":"2026-02-27T09:34:24","modified_gmt":"2026-02-27T09:34:24","slug":"songmics-lastenhuoneen-hylly-sailytyslaatikoilla","status":"publish","type":"product","link":"https:\/\/nordicmart.andreevmaster.com\/fi\/tuote\/songmics-lastenhuoneen-hylly-sailytyslaatikoilla\/","title":{"rendered":"SONGMICS lastenhuoneen hylly s\u00e4ilytyslaatikoilla"},"content":{"rendered":"<p>Uusia seikkailuja kohti! Minne avaruusalus vie meid\u00e4t t\u00e4n\u00e4\u00e4n? Lapsesi voivat kokea omia seikkailujaan ja kehitt\u00e4\u00e4 mielikuvitustaan, luovuuttaan ja uteliaisuuttaan. Leluhylly on 4 hyllytasollaan ja 3 s\u00e4ilytyslaatikollaan riitt\u00e4v\u00e4n tilava, jotta siihen mahtuu lukuisia lastenkirjoja ja leluja kaukaisiin matkoihin vieraiden maailmojen pariin. Tervetullut vieras T\u00e4m\u00e4 leluhylly on valmistettu korkealaatuisista materiaaleista, siin\u00e4 on 3 s\u00e4ilytyslaatikkoa ja hyllytasot on sijoitettu lapsille sopivalle korkeudelle. Siksi se on tervetullut vieras jokaiseen lastenhuoneeseen. Tuotetiedot: &#8211; V\u00e4ri: valkoinen, sininen, pinkki ja keltainen &#8211; Materiaali: MDF (keskitihe\u00e4 kuitulevy), puulevy, kuitukangas &#8211; Koko: 62 x 29,5 x 96 cm (P x L x K) &#8211; Koko per kangaspakkaus: 27 x 27 x 27 (P x L x K) &#8211; Paino: 14,9 kg Toimitus sis\u00e4lt\u00e4\u00e4: &#8211; 1 x lastenhuoneen hylly &#8211; 1 x lis\u00e4varustepaketti &#8211; 3 x s\u00e4ilytyslaatikko &#8211; 1 x ohjeet (DE, EN, FR, ES, IT) SONGMICS Huomautukset:- Tuotetta ei voi pest\u00e4 \u2013 puhdista se kostealla liinalla ja aseta kuivaan paikkaan. &#8211; Jos tuotteesta tulee avaamisen j\u00e4lkeen \u201duuden\u201d tuoksu, aseta se hetkeksi hyvin tuuletettuun paikkaan.<\/p>\n","protected":false},"excerpt":{"rendered":"<p>SONGMICS lastenhuoneen hylly, kirjahylly, leluhylly, lelujen s\u00e4ilytys, monik\u00e4ytt\u00f6iset s\u00e4ilytyslaatikot, s\u00e4ilytystila, lastenhuoneeseen, leikkihuoneeseen, valkoinen, sininen, pinkki ja keltainen GKR330W01<\/p>\n","protected":false},"featured_media":39947,"comment_status":"open","ping_status":"closed","template":"","meta":[],"product_brand":[],"product_cat":[32],"product_tag":[],"class_list":{"0":"post-30723","1":"product","2":"type-product","3":"status-publish","4":"has-post-thumbnail","6":"product_cat-uncategorized-fi","8":"first","9":"instock","10":"shipping-taxable","11":"purchasable","12":"product-type-simple"},"_links":{"self":[{"href":"https:\/\/nordicmart.andreevmaster.com\/fi\/wp-json\/wp\/v2\/product\/30723","targetHints":{"allow":["GET"]}}],"collection":[{"href":"https:\/\/nordicmart.andreevmaster.com\/fi\/wp-json\/wp\/v2\/product"}],"about":[{"href":"https:\/\/nordicmart.andreevmaster.com\/fi\/wp-json\/wp\/v2\/types\/product"}],"replies":[{"embeddable":true,"href":"https:\/\/nordicmart.andreevmaster.com\/fi\/wp-json\/wp\/v2\/comments?post=30723"}],"wp:featuredmedia":[{"embeddable":true,"href":"https:\/\/nordicmart.andreevmaster.com\/fi\/wp-json\/wp\/v2\/media\/39947"}],"wp:attachment":[{"href":"https:\/\/nordicmart.andreevmaster.com\/fi\/wp-json\/wp\/v2\/media?parent=30723"}],"wp:term":[{"taxonomy":"product_brand","embeddable":true,"href":"https:\/\/nordicmart.andreevmaster.com\/fi\/wp-json\/wp\/v2\/product_brand?post=30723"},{"taxonomy":"product_cat","embeddable":true,"href":"https:\/\/nordicmart.andreevmaster.com\/fi\/wp-json\/wp\/v2\/product_cat?post=30723"},{"taxonomy":"product_tag","embeddable":true,"href":"https:\/\/nordicmart.andreevmaster.com\/fi\/wp-json\/wp\/v2\/product_tag?post=30723"}],"curies":[{"name":"wp","href":"https:\/\/api.w.org\/{rel}","templated":true}]}}