{"id":30722,"date":"2026-02-27T00:11:02","date_gmt":"2026-02-27T00:11:02","guid":{"rendered":"https:\/\/nordicmart.andreevmaster.com\/product\/songmics-lastenhuoneen-hylly-musta-oranssi-ja-keltainen\/"},"modified":"2026-02-27T09:34:24","modified_gmt":"2026-02-27T09:34:24","slug":"songmics-lastenhuoneen-hylly-musta-oranssi-ja-keltainen","status":"publish","type":"product","link":"https:\/\/nordicmart.andreevmaster.com\/fi\/tuote\/songmics-lastenhuoneen-hylly-musta-oranssi-ja-keltainen\/","title":{"rendered":"SONGMICS lastenhuoneen hylly, musta, oranssi ja keltainen"},"content":{"rendered":"<p>Laatikko t\u00e4ynn\u00e4 mielikuvitusta! 2 tilavaa lelulaatikkoa, 2 avointa hylly\u00e4 keskell\u00e4 ja lokerot yl\u00e4osassa her\u00e4tt\u00e4v\u00e4t lastesi mielikuvituksen. Kirjat, rakennuspalikat ja leikkifiguurit \u2013 kaikki mahtuu t\u00e4nne. Onni on t\u00e4\u00e4ll\u00e4. Lapsesi n\u00e4ytt\u00e4v\u00e4t ylpe\u00e4n\u00e4 t\u00e4t\u00e4 leluhylly\u00e4 yst\u00e4villeen seuraavalla vierailullaan, koska kaikki heid\u00e4n aarteensa mahtuvat t\u00e4h\u00e4n &#8221;taloon&#8221;. He voivat my\u00f6s antaa vapauden taiteelliselle ja luovalle puolelleen taululla ja pit\u00e4\u00e4 viel\u00e4kin enemm\u00e4n hauskaa. Tuotetiedot: &#8211; V\u00e4ri: valkoinen, musta, oranssi ja keltainen &#8211; Materiaali: MDF (keskitihe\u00e4 kuitulevy), puulastulevy, kuitukangas &#8211; Koko: 65 x 26,5 x 90 cm (P x L x K) &#8211; Koko per kangaskotelo: 31 x 28 x 17 cm (P x L x K) &#8211; Paino: 10,9 kg Toimitus sis\u00e4lt\u00e4\u00e4: &#8211; 1 x lastenhuoneen hylly &#8211; 1 x lis\u00e4varustepaketti &#8211; 2 x s\u00e4ilytyslaatikko &#8211; 1 x ohjeet (DE, EN, FR, ES, IT) SONGMICS Huomautukset:- Tuotetta ei voi pest\u00e4 \u2013 puhdista se kostealla liinalla ja aseta kuivaan paikkaan. &#8211; Jos tuotteesta tulee avaamisen j\u00e4lkeen \u201duuden\u201d tuoksu, aseta se hetkeksi hyvin tuuletettuun paikkaan.<\/p>\n","protected":false},"excerpt":{"rendered":"<p>SONGMICS lastenhuoneen hylly, lelujen j\u00e4rjestelij\u00e4, leluhylly mustalla taululla, monik\u00e4ytt\u00f6iset s\u00e4ilytyslaatikot, s\u00e4ilytystila, valkoinen, musta, oranssi ja keltainen GKR320W01<\/p>\n","protected":false},"featured_media":39946,"comment_status":"open","ping_status":"closed","template":"","meta":[],"product_brand":[],"product_cat":[32],"product_tag":[],"class_list":{"0":"post-30722","1":"product","2":"type-product","3":"status-publish","4":"has-post-thumbnail","6":"product_cat-uncategorized-fi","8":"first","9":"instock","10":"shipping-taxable","11":"purchasable","12":"product-type-simple"},"_links":{"self":[{"href":"https:\/\/nordicmart.andreevmaster.com\/fi\/wp-json\/wp\/v2\/product\/30722","targetHints":{"allow":["GET"]}}],"collection":[{"href":"https:\/\/nordicmart.andreevmaster.com\/fi\/wp-json\/wp\/v2\/product"}],"about":[{"href":"https:\/\/nordicmart.andreevmaster.com\/fi\/wp-json\/wp\/v2\/types\/product"}],"replies":[{"embeddable":true,"href":"https:\/\/nordicmart.andreevmaster.com\/fi\/wp-json\/wp\/v2\/comments?post=30722"}],"wp:featuredmedia":[{"embeddable":true,"href":"https:\/\/nordicmart.andreevmaster.com\/fi\/wp-json\/wp\/v2\/media\/39946"}],"wp:attachment":[{"href":"https:\/\/nordicmart.andreevmaster.com\/fi\/wp-json\/wp\/v2\/media?parent=30722"}],"wp:term":[{"taxonomy":"product_brand","embeddable":true,"href":"https:\/\/nordicmart.andreevmaster.com\/fi\/wp-json\/wp\/v2\/product_brand?post=30722"},{"taxonomy":"product_cat","embeddable":true,"href":"https:\/\/nordicmart.andreevmaster.com\/fi\/wp-json\/wp\/v2\/product_cat?post=30722"},{"taxonomy":"product_tag","embeddable":true,"href":"https:\/\/nordicmart.andreevmaster.com\/fi\/wp-json\/wp\/v2\/product_tag?post=30722"}],"curies":[{"name":"wp","href":"https:\/\/api.w.org\/{rel}","templated":true}]}}