{"id":30721,"date":"2026-02-27T00:11:02","date_gmt":"2026-02-27T00:11:02","guid":{"rendered":"https:\/\/nordicmart.andreevmaster.com\/product\/songmics-lasten-hylly-varikkailla-laatikoilla\/"},"modified":"2026-02-27T09:34:24","modified_gmt":"2026-02-27T09:34:24","slug":"songmics-lasten-hylly-varikkailla-laatikoilla","status":"publish","type":"product","link":"https:\/\/nordicmart.andreevmaster.com\/fi\/tuote\/songmics-lasten-hylly-varikkailla-laatikoilla\/","title":{"rendered":"SONGMICS lasten hylly v\u00e4rikk\u00e4ill\u00e4 laatikoilla"},"content":{"rendered":"<p>SONGMICS-lelujen s\u00e4ilytysj\u00e4rjestelm\u00e4 on upea lis\u00e4 jokaiselle leikkihuoneelle ja tarjoaa lukuisia mahdollisuuksia luoda lis\u00e4\u00e4 s\u00e4ilytystilaa tai esitt\u00e4\u00e4 lapsen lempileluja! J\u00e4rjestelij\u00e4ss\u00e4 on hylly yl\u00e4osassa ja 9 s\u00e4ilytyslaatikkoa, joiden koko sopii pienille lapsille. N\u00e4in he oppivat itse j\u00e4rjest\u00e4m\u00e4\u00e4n kirjat, lelut ja koulutarvikkeet siististi. MDF-puusta valmistettu runko on lis\u00e4ksi kest\u00e4v\u00e4, vakaa ja kevyt. Mukana toimitettavat kaatumisenestohihnat takaavat turvallisuuden ja suojaavat lapsia loukkaantumisilta.<\/p>\n","protected":false},"excerpt":{"rendered":"<p>SONGMICS lastenhuoneen hylly, lelujen s\u00e4ilytysj\u00e4rjestelm\u00e4 9 irrotettavalla kuitukangaskorilla, lelujen ja kirjojen hylly lastenhuoneeseen, valkoinen runko GKR31WT<\/p>\n","protected":false},"featured_media":39945,"comment_status":"open","ping_status":"closed","template":"","meta":[],"product_brand":[],"product_cat":[32],"product_tag":[],"class_list":{"0":"post-30721","1":"product","2":"type-product","3":"status-publish","4":"has-post-thumbnail","6":"product_cat-uncategorized-fi","8":"first","9":"instock","10":"shipping-taxable","11":"purchasable","12":"product-type-simple"},"_links":{"self":[{"href":"https:\/\/nordicmart.andreevmaster.com\/fi\/wp-json\/wp\/v2\/product\/30721","targetHints":{"allow":["GET"]}}],"collection":[{"href":"https:\/\/nordicmart.andreevmaster.com\/fi\/wp-json\/wp\/v2\/product"}],"about":[{"href":"https:\/\/nordicmart.andreevmaster.com\/fi\/wp-json\/wp\/v2\/types\/product"}],"replies":[{"embeddable":true,"href":"https:\/\/nordicmart.andreevmaster.com\/fi\/wp-json\/wp\/v2\/comments?post=30721"}],"wp:featuredmedia":[{"embeddable":true,"href":"https:\/\/nordicmart.andreevmaster.com\/fi\/wp-json\/wp\/v2\/media\/39945"}],"wp:attachment":[{"href":"https:\/\/nordicmart.andreevmaster.com\/fi\/wp-json\/wp\/v2\/media?parent=30721"}],"wp:term":[{"taxonomy":"product_brand","embeddable":true,"href":"https:\/\/nordicmart.andreevmaster.com\/fi\/wp-json\/wp\/v2\/product_brand?post=30721"},{"taxonomy":"product_cat","embeddable":true,"href":"https:\/\/nordicmart.andreevmaster.com\/fi\/wp-json\/wp\/v2\/product_cat?post=30721"},{"taxonomy":"product_tag","embeddable":true,"href":"https:\/\/nordicmart.andreevmaster.com\/fi\/wp-json\/wp\/v2\/product_tag?post=30721"}],"curies":[{"name":"wp","href":"https:\/\/api.w.org\/{rel}","templated":true}]}}