{"id":30720,"date":"2026-02-27T00:11:02","date_gmt":"2026-02-27T00:11:02","guid":{"rendered":"https:\/\/nordicmart.andreevmaster.com\/product\/songmics-leluhylly-2-sailytyslaatikolla\/"},"modified":"2026-02-27T09:34:24","modified_gmt":"2026-02-27T09:34:24","slug":"songmics-leluhylly-2-sailytyslaatikolla","status":"publish","type":"product","link":"https:\/\/nordicmart.andreevmaster.com\/fi\/tuote\/songmics-leluhylly-2-sailytyslaatikolla\/","title":{"rendered":"SONGMICS leluhylly 2 s\u00e4ilytyslaatikolla"},"content":{"rendered":"<p>Koristele kotisi Klassinen valkoinen kehys, kauniit kuviot, v\u00e4rikk\u00e4\u00e4t laatikot ja lapsille sopiva muotoilu \u2013 t\u00e4m\u00e4 lelujen s\u00e4ilytysj\u00e4rjestelm\u00e4 kaunistaa kotisi. Hyv\u00e4 alku On parempi opettaa lapsille jo varhain, miten j\u00e4rjestell\u00e4 tavarat ja valmistautua kouluun. T\u00e4m\u00e4 leluhylly, jossa on runsaasti s\u00e4ilytystilaa ja vieh\u00e4tt\u00e4v\u00e4 ulkon\u00e4k\u00f6, saa lapsesi siivoamaan tavarat iloisesti itse. Tuotetiedot: &#8211; V\u00e4ri: valkoinen, vaaleanpunainen ja keltainen &#8211; Materiaali: MDF (keskitihe\u00e4 kuitulevy), lastulevy, kuitukangas &#8211; Koko: 62 x 29,5 x 80 cm (P x L x K) &#8211; Koko per kangaskotelo: 29,5 x 27 x 27 cm (P x L x K) &#8211; Paino: 12,5 kg Toimitus sis\u00e4lt\u00e4\u00e4: &#8211; 1 x lastenhuoneen hylly &#8211; 1 x lis\u00e4varustepaketti &#8211; 2 x s\u00e4ilytyslaatikko &#8211; 1 x ohjeet (DE, EN, FR, ES, IT) SONGMICS-huomautukset:- Tuotetta ei voi pest\u00e4 \u2013 puhdista se kostealla liinalla ja aseta kuivaan paikkaan. &#8211; Jos tuotteesta tulee avaamisen j\u00e4lkeen \u201duuden\u201d tuoksu, aseta se hetkeksi hyvin tuuletettuun paikkaan.<\/p>\n","protected":false},"excerpt":{"rendered":"<p>SONGMICS lasten hylly, kirjahylly, leluhylly, lelujen s\u00e4ilytysj\u00e4rjestelm\u00e4, 2 monik\u00e4ytt\u00f6ist\u00e4 s\u00e4ilytyslaatikkoa, hylly, lastenhuoneeseen, leikkihuoneeseen, p\u00e4iv\u00e4kotiin, valkoinen, vaaleanpunainen ja keltainen GKR310W01<\/p>\n","protected":false},"featured_media":39944,"comment_status":"open","ping_status":"closed","template":"","meta":[],"product_brand":[],"product_cat":[32],"product_tag":[],"class_list":{"0":"post-30720","1":"product","2":"type-product","3":"status-publish","4":"has-post-thumbnail","6":"product_cat-uncategorized-fi","8":"first","9":"instock","10":"shipping-taxable","11":"purchasable","12":"product-type-simple"},"_links":{"self":[{"href":"https:\/\/nordicmart.andreevmaster.com\/fi\/wp-json\/wp\/v2\/product\/30720","targetHints":{"allow":["GET"]}}],"collection":[{"href":"https:\/\/nordicmart.andreevmaster.com\/fi\/wp-json\/wp\/v2\/product"}],"about":[{"href":"https:\/\/nordicmart.andreevmaster.com\/fi\/wp-json\/wp\/v2\/types\/product"}],"replies":[{"embeddable":true,"href":"https:\/\/nordicmart.andreevmaster.com\/fi\/wp-json\/wp\/v2\/comments?post=30720"}],"wp:featuredmedia":[{"embeddable":true,"href":"https:\/\/nordicmart.andreevmaster.com\/fi\/wp-json\/wp\/v2\/media\/39944"}],"wp:attachment":[{"href":"https:\/\/nordicmart.andreevmaster.com\/fi\/wp-json\/wp\/v2\/media?parent=30720"}],"wp:term":[{"taxonomy":"product_brand","embeddable":true,"href":"https:\/\/nordicmart.andreevmaster.com\/fi\/wp-json\/wp\/v2\/product_brand?post=30720"},{"taxonomy":"product_cat","embeddable":true,"href":"https:\/\/nordicmart.andreevmaster.com\/fi\/wp-json\/wp\/v2\/product_cat?post=30720"},{"taxonomy":"product_tag","embeddable":true,"href":"https:\/\/nordicmart.andreevmaster.com\/fi\/wp-json\/wp\/v2\/product_tag?post=30720"}],"curies":[{"name":"wp","href":"https:\/\/api.w.org\/{rel}","templated":true}]}}