{"id":30719,"date":"2026-02-27T00:11:01","date_gmt":"2026-02-27T00:11:01","guid":{"rendered":"https:\/\/nordicmart.andreevmaster.com\/product\/songmics-kirjahylly-lapsille-valkoinen-sininen-pinkki-keltainen-ja-musta\/"},"modified":"2026-02-27T09:34:24","modified_gmt":"2026-02-27T09:34:24","slug":"songmics-kirjahylly-lapsille-valkoinen-sininen-pinkki-keltainen-ja-musta","status":"publish","type":"product","link":"https:\/\/nordicmart.andreevmaster.com\/fi\/tuote\/songmics-kirjahylly-lapsille-valkoinen-sininen-pinkki-keltainen-ja-musta\/","title":{"rendered":"SONGMICS Kirjahylly lapsille, valkoinen, sininen, pinkki, keltainen ja musta"},"content":{"rendered":"<p>Lukemista, maalaamista ja unelmointia Kirjahylly, jonka takana on liitutaulu \u2013 yhdistelm\u00e4, joka vapauttaa lastesi piilev\u00e4n potentiaalin! He voivat uppoutua kuvakirjojen maailmaan tuntikausiksi. Ja kun kaikki on luettu, suosikkitarina voidaan kertoa uudelleen tai jatkaa liidulla k\u00e4dess\u00e4. Jos talossa on useita lapsia, kaikki l\u00f6yt\u00e4v\u00e4t t\u00e4\u00e4lt\u00e4 tekemist\u00e4. Aina tarpeeksi huomiota lapsilleV\u00e4rikk\u00e4\u00e4t v\u00e4lisein\u00e4t, yksisarviskoristeet, k\u00e4yt\u00e4nn\u00f6lliset rullat ja py\u00f6ristetyt kulmat&#8230; N\u00e4iden lapsiyst\u00e4v\u00e4llisten elementtien ansiosta t\u00e4m\u00e4 SONGMICS-kirjahylly luo rennon ja kodikkaan ilmapiirin lukemiseen ja maalaamiseen. Tuotetiedot:- V\u00e4ri: valkoinen, sininen, vaaleanpunainen, keltainen ja musta- Materiaali: MDF (keskitihe\u00e4 kuitulevy), lastulevy &#8211; Koko: 68 x 40 x 61,5 cm (P x L x K) &#8211; Paino: 12,2 kg Toimitus sis\u00e4lt\u00e4\u00e4: &#8211; 1 x kirjahylly &#8211; 1 x lis\u00e4varustepaketti &#8211; 1 x ohjeet (DE, EN, FR, ES, IT) SONGMICS-huomautukset:- Tuotetta ei voi pest\u00e4 \u2013 puhdista se kostealla liinalla ja aseta kuivaan paikkaan. &#8211; Jos tuotteesta tulee avaamisen j\u00e4lkeen \u201duuden\u201d tuoksu, aseta se hetkeksi hyvin tuuletettuun paikkaan.<\/p>\n","protected":false},"excerpt":{"rendered":"<p>SONGMICS Kirjahylly lapsille, kirjanpit\u00e4j\u00e4, lastenhuoneen hylly py\u00f6rill\u00e4, taulu ja hyllyt, lastenhuoneeseen, leikkihuoneeseen, valkoinen, sininen, pinkki, keltainen ja musta GKR075W01<\/p>\n","protected":false},"featured_media":39943,"comment_status":"open","ping_status":"closed","template":"","meta":[],"product_brand":[],"product_cat":[32],"product_tag":[],"class_list":{"0":"post-30719","1":"product","2":"type-product","3":"status-publish","4":"has-post-thumbnail","6":"product_cat-uncategorized-fi","8":"first","9":"instock","10":"shipping-taxable","11":"purchasable","12":"product-type-simple"},"_links":{"self":[{"href":"https:\/\/nordicmart.andreevmaster.com\/fi\/wp-json\/wp\/v2\/product\/30719","targetHints":{"allow":["GET"]}}],"collection":[{"href":"https:\/\/nordicmart.andreevmaster.com\/fi\/wp-json\/wp\/v2\/product"}],"about":[{"href":"https:\/\/nordicmart.andreevmaster.com\/fi\/wp-json\/wp\/v2\/types\/product"}],"replies":[{"embeddable":true,"href":"https:\/\/nordicmart.andreevmaster.com\/fi\/wp-json\/wp\/v2\/comments?post=30719"}],"wp:featuredmedia":[{"embeddable":true,"href":"https:\/\/nordicmart.andreevmaster.com\/fi\/wp-json\/wp\/v2\/media\/39943"}],"wp:attachment":[{"href":"https:\/\/nordicmart.andreevmaster.com\/fi\/wp-json\/wp\/v2\/media?parent=30719"}],"wp:term":[{"taxonomy":"product_brand","embeddable":true,"href":"https:\/\/nordicmart.andreevmaster.com\/fi\/wp-json\/wp\/v2\/product_brand?post=30719"},{"taxonomy":"product_cat","embeddable":true,"href":"https:\/\/nordicmart.andreevmaster.com\/fi\/wp-json\/wp\/v2\/product_cat?post=30719"},{"taxonomy":"product_tag","embeddable":true,"href":"https:\/\/nordicmart.andreevmaster.com\/fi\/wp-json\/wp\/v2\/product_tag?post=30719"}],"curies":[{"name":"wp","href":"https:\/\/api.w.org\/{rel}","templated":true}]}}