{"id":30718,"date":"2026-02-27T00:11:01","date_gmt":"2026-02-27T00:11:01","guid":{"rendered":"https:\/\/nordicmart.andreevmaster.com\/product\/songmics-kirjahylly-lapsille\/"},"modified":"2026-02-27T09:34:24","modified_gmt":"2026-02-27T09:34:24","slug":"songmics-kirjahylly-lapsille","status":"publish","type":"product","link":"https:\/\/nordicmart.andreevmaster.com\/fi\/tuote\/songmics-kirjahylly-lapsille\/","title":{"rendered":"SONGMICS Kirjahylly lapsille"},"content":{"rendered":"<p>Tuotetiedot: &#8211; V\u00e4ri: valkoinen-vaaleanpunainen &#8211; Materiaali: MDF (keskitihe\u00e4 kuitulevy), ter\u00e4s, Oxford-kangas &#8211; Koko: 62,8 x 28 x 72 cm (P x L x K) &#8211; Paino: 6 kg Toimitus sis\u00e4lt\u00e4\u00e4: &#8211; 1 x kirjahylly &#8211; 1 x lis\u00e4varustepaketti &#8211; 1 x kaatumissuoja &#8211; 1 x ohjeet SONGMICS Huomautukset: &#8211; Puhdista tuote kostealla liinalla ja anna sen kuivua ilmassa. Kangasosan voi pest\u00e4 vedell\u00e4.<\/p>\n","protected":false},"excerpt":{"rendered":"<p>SONGMICS Kirjahylly lapsille, lastenhuoneen hylly, 5 tasoa, lelujen j\u00e4rjestelij\u00e4, kaatumissuojalla, lastenhuoneeseen, leikkihuoneeseen, kouluun, p\u00e4iv\u00e4kotiin, 62,8 x 28 x 72 cm, valkoinen-vaaleanpunainen GKR071P01<\/p>\n","protected":false},"featured_media":39942,"comment_status":"open","ping_status":"closed","template":"","meta":[],"product_brand":[],"product_cat":[32],"product_tag":[],"class_list":{"0":"post-30718","1":"product","2":"type-product","3":"status-publish","4":"has-post-thumbnail","6":"product_cat-uncategorized-fi","8":"first","9":"instock","10":"shipping-taxable","11":"purchasable","12":"product-type-simple"},"_links":{"self":[{"href":"https:\/\/nordicmart.andreevmaster.com\/fi\/wp-json\/wp\/v2\/product\/30718","targetHints":{"allow":["GET"]}}],"collection":[{"href":"https:\/\/nordicmart.andreevmaster.com\/fi\/wp-json\/wp\/v2\/product"}],"about":[{"href":"https:\/\/nordicmart.andreevmaster.com\/fi\/wp-json\/wp\/v2\/types\/product"}],"replies":[{"embeddable":true,"href":"https:\/\/nordicmart.andreevmaster.com\/fi\/wp-json\/wp\/v2\/comments?post=30718"}],"wp:featuredmedia":[{"embeddable":true,"href":"https:\/\/nordicmart.andreevmaster.com\/fi\/wp-json\/wp\/v2\/media\/39942"}],"wp:attachment":[{"href":"https:\/\/nordicmart.andreevmaster.com\/fi\/wp-json\/wp\/v2\/media?parent=30718"}],"wp:term":[{"taxonomy":"product_brand","embeddable":true,"href":"https:\/\/nordicmart.andreevmaster.com\/fi\/wp-json\/wp\/v2\/product_brand?post=30718"},{"taxonomy":"product_cat","embeddable":true,"href":"https:\/\/nordicmart.andreevmaster.com\/fi\/wp-json\/wp\/v2\/product_cat?post=30718"},{"taxonomy":"product_tag","embeddable":true,"href":"https:\/\/nordicmart.andreevmaster.com\/fi\/wp-json\/wp\/v2\/product_tag?post=30718"}],"curies":[{"name":"wp","href":"https:\/\/api.w.org\/{rel}","templated":true}]}}