{"id":30717,"date":"2026-02-27T00:11:01","date_gmt":"2026-02-27T00:11:01","guid":{"rendered":"https:\/\/nordicmart.andreevmaster.com\/product\/songmics-leluhylly-16-irrotettavalla-laatikolla\/"},"modified":"2026-02-27T09:34:23","modified_gmt":"2026-02-27T09:34:23","slug":"songmics-leluhylly-16-irrotettavalla-laatikolla","status":"publish","type":"product","link":"https:\/\/nordicmart.andreevmaster.com\/fi\/tuote\/songmics-leluhylly-16-irrotettavalla-laatikolla\/","title":{"rendered":"SONGMICS leluhylly 16 irrotettavalla laatikolla"},"content":{"rendered":"<p>Pid\u00e4 lelut poissa tielt\u00e4 Onko lapsillasi paljon leluja, jotka ovat lev\u00e4ll\u00e4\u00e4n ymp\u00e4ri taloa ja ajavat sinut hulluksi? T\u00e4m\u00e4 leluhylly v\u00e4rikk\u00e4ill\u00e4 laatikoilla vie vain v\u00e4h\u00e4n tilaa ja kannustaa lapsia siivoamaan sotkunsa itse. Lajittele ja j\u00e4rjest\u00e4 Lasten korkeudelle sopivan hyllyn ansiosta kaikki aarteet ovat aina lasten ulottuvilla. Eriv\u00e4riset laatikot auttavat s\u00e4ilytt\u00e4m\u00e4\u00e4n lelut siististi, lajittelemaan ne paremmin ja l\u00f6yt\u00e4m\u00e4\u00e4n ne yhdell\u00e4 silm\u00e4yksell\u00e4, samalla kun ne tuovat iloa lastenhuoneeseen, leikkihuoneeseen, olohuoneeseen, kouluun ja p\u00e4iv\u00e4kotiin. Tuotetiedot: &#8211; V\u00e4ri: valkoinen, sininen ja harmaa &#8211; Materiaali: MDF (keskitihe\u00e4 kuitulevy), PP-muovi &#8211; Koko: 106 x 26,5 x 78 cm (P x L x K) &#8211; Paino: 9 kg Toimitus sis\u00e4lt\u00e4\u00e4: &#8211; 1 x leluhylly &#8211; 16 x laatikko &#8211; 1 x kaatumissuoja &#8211; 1 x ohjeet (DE, EN, FR, ES, IT) SONGMICS-ohjeet:- Puhdista muovilaatikot vedell\u00e4. Pyyhi runko p\u00e4ivitt\u00e4in kostealla liinalla ja anna sen kuivua ilmassa. &#8211; Kiinnit\u00e4 t\u00e4m\u00e4 tuote sein\u00e4\u00e4n mukana toimitetulla kaatumissuojalla, jotta se ei kaadu.<\/p>\n","protected":false},"excerpt":{"rendered":"<p>SONGMICS leluhylly, lelujen s\u00e4ilytysj\u00e4rjestelm\u00e4, lastenhuoneen hylly 16 irrotettavalla PP-muovilaatikolla, lastenhuoneeseen, leikkihuoneeseen, kouluun, keltainen, vaaleanvihre\u00e4, vaaleanpunainen ja smaragdinvihre\u00e4 GKR070W01<\/p>\n","protected":false},"featured_media":39941,"comment_status":"open","ping_status":"closed","template":"","meta":[],"product_brand":[],"product_cat":[32],"product_tag":[],"class_list":{"0":"post-30717","1":"product","2":"type-product","3":"status-publish","4":"has-post-thumbnail","6":"product_cat-uncategorized-fi","8":"first","9":"instock","10":"shipping-taxable","11":"purchasable","12":"product-type-simple"},"_links":{"self":[{"href":"https:\/\/nordicmart.andreevmaster.com\/fi\/wp-json\/wp\/v2\/product\/30717","targetHints":{"allow":["GET"]}}],"collection":[{"href":"https:\/\/nordicmart.andreevmaster.com\/fi\/wp-json\/wp\/v2\/product"}],"about":[{"href":"https:\/\/nordicmart.andreevmaster.com\/fi\/wp-json\/wp\/v2\/types\/product"}],"replies":[{"embeddable":true,"href":"https:\/\/nordicmart.andreevmaster.com\/fi\/wp-json\/wp\/v2\/comments?post=30717"}],"wp:featuredmedia":[{"embeddable":true,"href":"https:\/\/nordicmart.andreevmaster.com\/fi\/wp-json\/wp\/v2\/media\/39941"}],"wp:attachment":[{"href":"https:\/\/nordicmart.andreevmaster.com\/fi\/wp-json\/wp\/v2\/media?parent=30717"}],"wp:term":[{"taxonomy":"product_brand","embeddable":true,"href":"https:\/\/nordicmart.andreevmaster.com\/fi\/wp-json\/wp\/v2\/product_brand?post=30717"},{"taxonomy":"product_cat","embeddable":true,"href":"https:\/\/nordicmart.andreevmaster.com\/fi\/wp-json\/wp\/v2\/product_cat?post=30717"},{"taxonomy":"product_tag","embeddable":true,"href":"https:\/\/nordicmart.andreevmaster.com\/fi\/wp-json\/wp\/v2\/product_tag?post=30717"}],"curies":[{"name":"wp","href":"https:\/\/api.w.org\/{rel}","templated":true}]}}