{"id":30716,"date":"2026-02-27T00:11:01","date_gmt":"2026-02-27T00:11:01","guid":{"rendered":"https:\/\/nordicmart.andreevmaster.com\/product\/songmics-lelujen-sailytysjarjestelma-16-irrotettavalla-laatikolla\/"},"modified":"2026-02-27T09:34:23","modified_gmt":"2026-02-27T09:34:23","slug":"songmics-lelujen-sailytysjarjestelma-16-irrotettavalla-laatikolla","status":"publish","type":"product","link":"https:\/\/nordicmart.andreevmaster.com\/fi\/tuote\/songmics-lelujen-sailytysjarjestelma-16-irrotettavalla-laatikolla\/","title":{"rendered":"SONGMICS lelujen s\u00e4ilytysj\u00e4rjestelm\u00e4 16 irrotettavalla laatikolla"},"content":{"rendered":"<p>Pid\u00e4 hajallaan olevat lelut j\u00e4rjestyksess\u00e4. Tekev\u00e4tk\u00f6 hajallaan olevat lelut sinut hulluksi? Oletko kyll\u00e4stynyt tuhlaamaan arvokasta aikaasi lelujen kaaokseen? T\u00e4m\u00e4 16 laatikon hylly auttaa sinua ja kannustaa lapsesi hallitsemaan kaaoksen itse. Se vie v\u00e4h\u00e4n tilaa ja sopii lastenhuoneeseen, leikkihuoneeseen, olohuoneeseen sek\u00e4 p\u00e4iv\u00e4koteihin ja lastentarhoihin. Lajittele ja j\u00e4rjest\u00e4 Hyllytasot on sijoitettu lapsille sopivalle korkeudelle, jotta lapset p\u00e4\u00e4sev\u00e4t itse k\u00e4siksi kaikkiin aarteisiinsa. 4 eri v\u00e4risi\u00e4 ja 2 eri kokoista laatikkoa auttavat heit\u00e4 s\u00e4ilytt\u00e4m\u00e4\u00e4n lelut siististi, lajittelemaan ne paremmin ja tunnistamaan yhdell\u00e4 silm\u00e4yksell\u00e4, mik\u00e4 kuuluu mihinkin paikkaan. Avaruusaiheiset kuvat her\u00e4tt\u00e4v\u00e4t lasten uteliaisuutta ja stimuloivat heid\u00e4n luovuuttaan. Tuotetiedot: &#8211; V\u00e4ri: oranssi, keltainen, sininen ja vihre\u00e4 &#8211; Materiaali: MDF (keskitihe\u00e4 kuitulevy), PP-muovi, metalliputket &#8211; Koko: 106 x 26,5 x 78 cm (P x L x K) &#8211; Paino: 9 kg Toimitus sis\u00e4lt\u00e4\u00e4:- 1 x leluhylly &#8211; 16 x laatikko &#8211; 1 x kaatumissuoja &#8211; 1 x ohjeet (DE, EN, FR, ES, IT) SONGMICS-ohjeet: &#8211; Puhdista muovilaatikot vedell\u00e4. Pyyhi runko p\u00e4ivitt\u00e4in kostealla liinalla ja anna sen kuivua ilmassa.<\/p>\n","protected":false},"excerpt":{"rendered":"<p>SONGMICS leluhylly, lelujen s\u00e4ilytysj\u00e4rjestelm\u00e4, lastenhuoneen hylly 16 irrotettavalla PP-muovilaatikolla, lastenhuoneeseen, leikkihuoneeseen, kouluun, keltainen, vaaleanvihre\u00e4, vaaleanpunainen ja smaragdinvihre\u00e4 GKR070W01<\/p>\n","protected":false},"featured_media":39940,"comment_status":"open","ping_status":"closed","template":"","meta":[],"product_brand":[],"product_cat":[32],"product_tag":[],"class_list":{"0":"post-30716","1":"product","2":"type-product","3":"status-publish","4":"has-post-thumbnail","6":"product_cat-uncategorized-fi","8":"first","9":"instock","10":"shipping-taxable","11":"purchasable","12":"product-type-simple"},"_links":{"self":[{"href":"https:\/\/nordicmart.andreevmaster.com\/fi\/wp-json\/wp\/v2\/product\/30716","targetHints":{"allow":["GET"]}}],"collection":[{"href":"https:\/\/nordicmart.andreevmaster.com\/fi\/wp-json\/wp\/v2\/product"}],"about":[{"href":"https:\/\/nordicmart.andreevmaster.com\/fi\/wp-json\/wp\/v2\/types\/product"}],"replies":[{"embeddable":true,"href":"https:\/\/nordicmart.andreevmaster.com\/fi\/wp-json\/wp\/v2\/comments?post=30716"}],"wp:featuredmedia":[{"embeddable":true,"href":"https:\/\/nordicmart.andreevmaster.com\/fi\/wp-json\/wp\/v2\/media\/39940"}],"wp:attachment":[{"href":"https:\/\/nordicmart.andreevmaster.com\/fi\/wp-json\/wp\/v2\/media?parent=30716"}],"wp:term":[{"taxonomy":"product_brand","embeddable":true,"href":"https:\/\/nordicmart.andreevmaster.com\/fi\/wp-json\/wp\/v2\/product_brand?post=30716"},{"taxonomy":"product_cat","embeddable":true,"href":"https:\/\/nordicmart.andreevmaster.com\/fi\/wp-json\/wp\/v2\/product_cat?post=30716"},{"taxonomy":"product_tag","embeddable":true,"href":"https:\/\/nordicmart.andreevmaster.com\/fi\/wp-json\/wp\/v2\/product_tag?post=30716"}],"curies":[{"name":"wp","href":"https:\/\/api.w.org\/{rel}","templated":true}]}}