{"id":30715,"date":"2026-02-27T00:11:00","date_gmt":"2026-02-27T00:11:00","guid":{"rendered":"https:\/\/nordicmart.andreevmaster.com\/product\/songmics-kirjahylly-lastenhuoneeseen\/"},"modified":"2026-02-27T09:34:23","modified_gmt":"2026-02-27T09:34:23","slug":"songmics-kirjahylly-lastenhuoneeseen","status":"publish","type":"product","link":"https:\/\/nordicmart.andreevmaster.com\/fi\/tuote\/songmics-kirjahylly-lastenhuoneeseen\/","title":{"rendered":"SONGMICS Kirjahylly lastenhuoneeseen"},"content":{"rendered":"<p>Kirjat sein\u00e4ll\u00e4: Eik\u00f6 lapsillesi ole tilaa heid\u00e4n lempikirjoilleen? T\u00e4m\u00e4 sein\u00e4lle kiinnitett\u00e4v\u00e4 kirjahylly on t\u00e4ydellinen ja turvallinen koti niille. Avoimen rakenteensa ja sivulevyjen v\u00e4liss\u00e4 olevien lis\u00e4tankojen ansiosta lapsesi p\u00e4\u00e4sev\u00e4t helposti k\u00e4siksi kirjoihinsa yhdell\u00e4 silm\u00e4yksell\u00e4. Eik\u00e4 sinun tarvitse huolehtia kirjojen putoamisesta. Rajoittamaton tutkiminen: Avaruusteemat voivat edist\u00e4\u00e4 lastesi tutkijanhenke\u00e4, vahvistaa heid\u00e4n kiinnostustaan universumiin ja her\u00e4tt\u00e4\u00e4 heid\u00e4n luovuuttaan. 11,5 cm:n syvyydell\u00e4 3 hylly\u00e4 odottavat mielenkiintoisia tarinoita ja s\u00e4\u00e4st\u00e4v\u00e4t samalla tilaa lastenhuoneessa, leikkihuoneessa tai luokkahuoneessa. Tuotetiedot:- V\u00e4ri: valkoinen &#8211; Materiaali: MDF (keskitihe\u00e4 kuitulevy), metalli &#8211; Koko: 60 x 11,5 x 82 cm (P x L x K) &#8211; Paino: 5,4 kg Toimitus sis\u00e4lt\u00e4\u00e4: &#8211; 1 x kirjahylly &#8211; 1 x lis\u00e4varustepaketti &#8211; 1 x ohjeet<\/p>\n","protected":false},"excerpt":{"rendered":"<p>SONGMICS Kirjahylly lapsille, sein\u00e4hylly, kirjanj\u00e4rjestelij\u00e4, 3 hylly\u00e4, lastenhuoneeseen, leikkihuoneeseen, kouluun, tilaa s\u00e4\u00e4st\u00e4v\u00e4, valkoinen GKR051W01<\/p>\n","protected":false},"featured_media":39939,"comment_status":"open","ping_status":"closed","template":"","meta":[],"product_brand":[],"product_cat":[32],"product_tag":[],"class_list":{"0":"post-30715","1":"product","2":"type-product","3":"status-publish","4":"has-post-thumbnail","6":"product_cat-uncategorized-fi","8":"first","9":"instock","10":"shipping-taxable","11":"purchasable","12":"product-type-simple"},"_links":{"self":[{"href":"https:\/\/nordicmart.andreevmaster.com\/fi\/wp-json\/wp\/v2\/product\/30715","targetHints":{"allow":["GET"]}}],"collection":[{"href":"https:\/\/nordicmart.andreevmaster.com\/fi\/wp-json\/wp\/v2\/product"}],"about":[{"href":"https:\/\/nordicmart.andreevmaster.com\/fi\/wp-json\/wp\/v2\/types\/product"}],"replies":[{"embeddable":true,"href":"https:\/\/nordicmart.andreevmaster.com\/fi\/wp-json\/wp\/v2\/comments?post=30715"}],"wp:featuredmedia":[{"embeddable":true,"href":"https:\/\/nordicmart.andreevmaster.com\/fi\/wp-json\/wp\/v2\/media\/39939"}],"wp:attachment":[{"href":"https:\/\/nordicmart.andreevmaster.com\/fi\/wp-json\/wp\/v2\/media?parent=30715"}],"wp:term":[{"taxonomy":"product_brand","embeddable":true,"href":"https:\/\/nordicmart.andreevmaster.com\/fi\/wp-json\/wp\/v2\/product_brand?post=30715"},{"taxonomy":"product_cat","embeddable":true,"href":"https:\/\/nordicmart.andreevmaster.com\/fi\/wp-json\/wp\/v2\/product_cat?post=30715"},{"taxonomy":"product_tag","embeddable":true,"href":"https:\/\/nordicmart.andreevmaster.com\/fi\/wp-json\/wp\/v2\/product_tag?post=30715"}],"curies":[{"name":"wp","href":"https:\/\/api.w.org\/{rel}","templated":true}]}}