{"id":30714,"date":"2026-02-27T00:11:00","date_gmt":"2026-02-27T00:11:00","guid":{"rendered":"https:\/\/nordicmart.andreevmaster.com\/product\/songmics-kirjahylly-4-hyllytasoa-valkoinen\/"},"modified":"2026-02-27T09:34:23","modified_gmt":"2026-02-27T09:34:23","slug":"songmics-kirjahylly-4-hyllytasoa-valkoinen","status":"publish","type":"product","link":"https:\/\/nordicmart.andreevmaster.com\/fi\/tuote\/songmics-kirjahylly-4-hyllytasoa-valkoinen\/","title":{"rendered":"SONGMICS kirjahylly, 4 hyllytasoa, valkoinen"},"content":{"rendered":"<p>Kirjat sein\u00e4ll\u00e4 Ei tilaa lasten lempikirjoille? T\u00e4m\u00e4 sein\u00e4lle asennettava kirjahylly on t\u00e4ydellinen ja turvallinen koti niille. Avoimen rakenteen ja sivulevyjen v\u00e4liss\u00e4 olevien lis\u00e4palkkien ansiosta lapset p\u00e4\u00e4sev\u00e4t helposti k\u00e4siksi kirjoihinsa yhdell\u00e4 silm\u00e4yksell\u00e4. Eik\u00e4 sinun tarvitse huolehtia kirjojen putoamisesta. Rajoittamaton tutkiminen Avaruusteemat voivat ruokkia lastesi uteliaisuutta, vahvistaa heid\u00e4n kiinnostustaan universumiin ja her\u00e4tt\u00e4\u00e4 heid\u00e4n luovuuttaan. 11,5 cm:n syvyisill\u00e4 4 hyllyll\u00e4 on tilaa mielenkiintoisille tarinoille ja ne s\u00e4\u00e4st\u00e4v\u00e4t samalla tilaa lastenhuoneessa, leikkihuoneessa tai luokkahuoneessa. Tuotetiedot: &#8211; V\u00e4ri: valkoinen &#8211; Materiaali: MDF (keskitihe\u00e4 kuitulevy), metalli &#8211; Koko: 80 x 11,5 x 118,8 cm (P x L x K) &#8211; Paino: 8,4 kg Toimitus sis\u00e4lt\u00e4\u00e4: &#8211; 1 x kirjahylly &#8211; 1 x lis\u00e4varustepaketti &#8211; 1 x ohjeet (DE, EN, FR, ES, IT) SONGMICS-ohjeet: &#8211; Pyyhi tuote p\u00e4ivitt\u00e4in kostealla liinalla.<\/p>\n","protected":false},"excerpt":{"rendered":"<p>SONGMICS kirjahylly lapsille, sein\u00e4hylly, kirjanj\u00e4rjestelij\u00e4 4 hyllyll\u00e4, lastenhuoneeseen, leikkihuoneeseen, kouluun, tilaa s\u00e4\u00e4st\u00e4v\u00e4, valkoinen GKR050W01<\/p>\n","protected":false},"featured_media":39938,"comment_status":"open","ping_status":"closed","template":"","meta":[],"product_brand":[],"product_cat":[32],"product_tag":[],"class_list":{"0":"post-30714","1":"product","2":"type-product","3":"status-publish","4":"has-post-thumbnail","6":"product_cat-uncategorized-fi","8":"first","9":"instock","10":"shipping-taxable","11":"purchasable","12":"product-type-simple"},"_links":{"self":[{"href":"https:\/\/nordicmart.andreevmaster.com\/fi\/wp-json\/wp\/v2\/product\/30714","targetHints":{"allow":["GET"]}}],"collection":[{"href":"https:\/\/nordicmart.andreevmaster.com\/fi\/wp-json\/wp\/v2\/product"}],"about":[{"href":"https:\/\/nordicmart.andreevmaster.com\/fi\/wp-json\/wp\/v2\/types\/product"}],"replies":[{"embeddable":true,"href":"https:\/\/nordicmart.andreevmaster.com\/fi\/wp-json\/wp\/v2\/comments?post=30714"}],"wp:featuredmedia":[{"embeddable":true,"href":"https:\/\/nordicmart.andreevmaster.com\/fi\/wp-json\/wp\/v2\/media\/39938"}],"wp:attachment":[{"href":"https:\/\/nordicmart.andreevmaster.com\/fi\/wp-json\/wp\/v2\/media?parent=30714"}],"wp:term":[{"taxonomy":"product_brand","embeddable":true,"href":"https:\/\/nordicmart.andreevmaster.com\/fi\/wp-json\/wp\/v2\/product_brand?post=30714"},{"taxonomy":"product_cat","embeddable":true,"href":"https:\/\/nordicmart.andreevmaster.com\/fi\/wp-json\/wp\/v2\/product_cat?post=30714"},{"taxonomy":"product_tag","embeddable":true,"href":"https:\/\/nordicmart.andreevmaster.com\/fi\/wp-json\/wp\/v2\/product_tag?post=30714"}],"curies":[{"name":"wp","href":"https:\/\/api.w.org\/{rel}","templated":true}]}}