{"id":30713,"date":"2026-02-27T00:11:00","date_gmt":"2026-02-27T00:11:00","guid":{"rendered":"https:\/\/nordicmart.andreevmaster.com\/product\/songmics-lastenhuoneen-hylly-varikkailla-laatikoilla\/"},"modified":"2026-02-27T09:34:23","modified_gmt":"2026-02-27T09:34:23","slug":"songmics-lastenhuoneen-hylly-varikkailla-laatikoilla","status":"publish","type":"product","link":"https:\/\/nordicmart.andreevmaster.com\/fi\/tuote\/songmics-lastenhuoneen-hylly-varikkailla-laatikoilla\/","title":{"rendered":"SONGMICS lastenhuoneen hylly v\u00e4rikk\u00e4ill\u00e4 laatikoilla"},"content":{"rendered":"<p>Tuotetiedot:  &#8211; V\u00e4ri:  Runko: valkoinen  S\u00e4ilytyslaatikot: oranssi, keltainen, sininen, vihre\u00e4 &#8211; Materiaali: MDF-levyt, metalliputket, PP-muovi &#8211; Mitat (pieni laatikko): 30 x 12 x 19,5 cm (L x K x S)  &#8211; Mitat (iso laatikko): 41 x 12 x 29,5 cm (L x K x S)  &#8211; Kokonaismitat: 86 x 78 x 26,5 cm ( L x K x S)  &#8211; Nettopaino: 7,9 kg &#8211; Bruttopaino: 9,2 kg Toimitus sis\u00e4lt\u00e4\u00e4:  &#8211; 1 x leluhylly &#8211; 2 x kaatumissuoja &#8211; 1 x kiinnityspussi &#8211; 1 x ohjeet ( DE, EN, IT, FR, ES)  Huomautukset:  1. Puhdista tuote s\u00e4\u00e4nn\u00f6llisesti.  2. Turvallisuuden vuoksi tarkista s\u00e4\u00e4nn\u00f6llisesti, ett\u00e4 tuotteen ruuvit ja kaatumissuojat ovat kunnolla kiinni.  3. K\u00e4yt\u00e4 tuotetta vain kuivassa ymp\u00e4rist\u00f6ss\u00e4 ja suojaa sit\u00e4 suoralta auringonvalolta ja kosteudelta.<\/p>\n","protected":false},"excerpt":{"rendered":"<p>SONGMICS lasten hylly, lastenhuoneen hylly, leluhylly, lelujen s\u00e4ilytys lapsille, lelujen s\u00e4ilytyshylly, j\u00e4rjestelyhylly s\u00e4ilytyslaatikoilla, moniv\u00e4rinen GKR04W<\/p>\n","protected":false},"featured_media":39937,"comment_status":"open","ping_status":"closed","template":"","meta":[],"product_brand":[],"product_cat":[32],"product_tag":[],"class_list":{"0":"post-30713","1":"product","2":"type-product","3":"status-publish","4":"has-post-thumbnail","6":"product_cat-uncategorized-fi","8":"first","9":"instock","10":"shipping-taxable","11":"purchasable","12":"product-type-simple"},"_links":{"self":[{"href":"https:\/\/nordicmart.andreevmaster.com\/fi\/wp-json\/wp\/v2\/product\/30713","targetHints":{"allow":["GET"]}}],"collection":[{"href":"https:\/\/nordicmart.andreevmaster.com\/fi\/wp-json\/wp\/v2\/product"}],"about":[{"href":"https:\/\/nordicmart.andreevmaster.com\/fi\/wp-json\/wp\/v2\/types\/product"}],"replies":[{"embeddable":true,"href":"https:\/\/nordicmart.andreevmaster.com\/fi\/wp-json\/wp\/v2\/comments?post=30713"}],"wp:featuredmedia":[{"embeddable":true,"href":"https:\/\/nordicmart.andreevmaster.com\/fi\/wp-json\/wp\/v2\/media\/39937"}],"wp:attachment":[{"href":"https:\/\/nordicmart.andreevmaster.com\/fi\/wp-json\/wp\/v2\/media?parent=30713"}],"wp:term":[{"taxonomy":"product_brand","embeddable":true,"href":"https:\/\/nordicmart.andreevmaster.com\/fi\/wp-json\/wp\/v2\/product_brand?post=30713"},{"taxonomy":"product_cat","embeddable":true,"href":"https:\/\/nordicmart.andreevmaster.com\/fi\/wp-json\/wp\/v2\/product_cat?post=30713"},{"taxonomy":"product_tag","embeddable":true,"href":"https:\/\/nordicmart.andreevmaster.com\/fi\/wp-json\/wp\/v2\/product_tag?post=30713"}],"curies":[{"name":"wp","href":"https:\/\/api.w.org\/{rel}","templated":true}]}}