{"id":30712,"date":"2026-02-27T00:11:00","date_gmt":"2026-02-27T00:11:00","guid":{"rendered":"https:\/\/nordicmart.andreevmaster.com\/product\/songmics-leluhylly-varillisilla-laatikoilla\/"},"modified":"2026-02-27T09:34:23","modified_gmt":"2026-02-27T09:34:23","slug":"songmics-leluhylly-varillisilla-laatikoilla","status":"publish","type":"product","link":"https:\/\/nordicmart.andreevmaster.com\/fi\/tuote\/songmics-leluhylly-varillisilla-laatikoilla\/","title":{"rendered":"SONGMICS leluhylly v\u00e4rillisill\u00e4 laatikoilla"},"content":{"rendered":"<p>Siivoa lelut pois tielt\u00e4: Lapsilla on usein paljon leluja \u2013 niin paljon, ett\u00e4 vanhemmat voivat tulla hulluiksi, kun ne ovat lev\u00e4ll\u00e4\u00e4n ymp\u00e4ri taloa. T\u00e4m\u00e4 tilaa s\u00e4\u00e4st\u00e4v\u00e4 lastenhuoneen hylly kannustaa lapsia siivoamaan sotkun ja laittamaan lelunsa siististi v\u00e4rikk\u00e4isiin laatikoihin.Lajittele ja j\u00e4rjest\u00e4: Hyllyn lapsille sopivan korkeuden ansiosta my\u00f6s pienet k\u00e4\u00e4pi\u00f6t p\u00e4\u00e4sev\u00e4t helposti k\u00e4siksi lempileluihinsa. Lelujen s\u00e4ilytysj\u00e4rjestelm\u00e4 sopii siksi t\u00e4ydellisesti jokaiseen lastenhuoneeseen, leikkihuoneeseen, olohuoneeseen sek\u00e4 p\u00e4iv\u00e4koteihin ja lastentarhoihin. Tuotetiedot: V\u00e4ri: valkoinen, keltainen, vaaleanpunainen, vihre\u00e4, violetti Materiaali: MDF (keskitihe\u00e4 kuitulevy), PP-muovi Koko: 86 x 26,5 x 78 cm (P x L x K) Paino: 8 kg Toimitus sis\u00e4lt\u00e4\u00e4: 1 x hylly 12 x s\u00e4ilytyslaatikko 1 x kaatumissuoja 1 x ohjeet (DE, EN, FR, ES, IT) SONGMICS-ohjeet: Puhdista vain muovilaatikot juoksevalla vedell\u00e4. Puhdista muu tuote kostealla liinalla ja aseta se sitten kuivaan paikkaan. Huomautus: Yksitt\u00e4inen osa B kiinnitet\u00e4\u00e4n muovilaatikkoon E.<\/p>\n","protected":false},"excerpt":{"rendered":"<p>SONGMICS lasten hylly, lastenhuoneen hylly, leluhylly, lelujen s\u00e4ilytys lapsille, lelujen s\u00e4ilytyshylly, j\u00e4rjestelyhylly s\u00e4ilytyslaatikoilla, moniv\u00e4rinen GKR04W<\/p>\n","protected":false},"featured_media":39936,"comment_status":"open","ping_status":"closed","template":"","meta":[],"product_brand":[],"product_cat":[32],"product_tag":[],"class_list":{"0":"post-30712","1":"product","2":"type-product","3":"status-publish","4":"has-post-thumbnail","6":"product_cat-uncategorized-fi","8":"first","9":"instock","10":"shipping-taxable","11":"purchasable","12":"product-type-simple"},"_links":{"self":[{"href":"https:\/\/nordicmart.andreevmaster.com\/fi\/wp-json\/wp\/v2\/product\/30712","targetHints":{"allow":["GET"]}}],"collection":[{"href":"https:\/\/nordicmart.andreevmaster.com\/fi\/wp-json\/wp\/v2\/product"}],"about":[{"href":"https:\/\/nordicmart.andreevmaster.com\/fi\/wp-json\/wp\/v2\/types\/product"}],"replies":[{"embeddable":true,"href":"https:\/\/nordicmart.andreevmaster.com\/fi\/wp-json\/wp\/v2\/comments?post=30712"}],"wp:featuredmedia":[{"embeddable":true,"href":"https:\/\/nordicmart.andreevmaster.com\/fi\/wp-json\/wp\/v2\/media\/39936"}],"wp:attachment":[{"href":"https:\/\/nordicmart.andreevmaster.com\/fi\/wp-json\/wp\/v2\/media?parent=30712"}],"wp:term":[{"taxonomy":"product_brand","embeddable":true,"href":"https:\/\/nordicmart.andreevmaster.com\/fi\/wp-json\/wp\/v2\/product_brand?post=30712"},{"taxonomy":"product_cat","embeddable":true,"href":"https:\/\/nordicmart.andreevmaster.com\/fi\/wp-json\/wp\/v2\/product_cat?post=30712"},{"taxonomy":"product_tag","embeddable":true,"href":"https:\/\/nordicmart.andreevmaster.com\/fi\/wp-json\/wp\/v2\/product_tag?post=30712"}],"curies":[{"name":"wp","href":"https:\/\/api.w.org\/{rel}","templated":true}]}}