{"id":30711,"date":"2026-02-27T00:11:00","date_gmt":"2026-02-27T00:11:00","guid":{"rendered":"https:\/\/nordicmart.andreevmaster.com\/product\/songmics-lastenhuoneen-hylly-12-sailytyslaatikolla\/"},"modified":"2026-02-27T09:34:22","modified_gmt":"2026-02-27T09:34:22","slug":"songmics-lastenhuoneen-hylly-12-sailytyslaatikolla","status":"publish","type":"product","link":"https:\/\/nordicmart.andreevmaster.com\/fi\/tuote\/songmics-lastenhuoneen-hylly-12-sailytyslaatikolla\/","title":{"rendered":"SONGMICS lastenhuoneen hylly 12 s\u00e4ilytyslaatikolla"},"content":{"rendered":"<p>Tuotetiedot: V\u00e4ri: tummanharmaa-valkoinen Materiaali: MDF (keskitihe\u00e4 kuitulevy), PP-muovi Koko: 86 x 26,5 x 78 cm (P x L x K) Paino: 8 kg Toimitus sis\u00e4lt\u00e4\u00e4: 1 x hylly 12 x s\u00e4ilytyslaatikko 1 x kaatumissuoja 1 x ohjeet (DE, EN, FR, ES, IT) SONGMICS Huomautukset: Puhdista vain muovilaatikot juoksevalla vedell\u00e4. Puhdista muu tuote kostealla liinalla ja aseta se sitten kuivaan paikkaan. Huomautus: Yksitt\u00e4inen osa B kiinnitet\u00e4\u00e4n muovilaatikkoon E.<\/p>\n","protected":false},"excerpt":{"rendered":"<p>SONGMICS lasten hylly, lastenhuoneen hylly, leluhylly, lelujen s\u00e4ilytys lapsille, lelujen s\u00e4ilytyshylly, j\u00e4rjestelyhylly s\u00e4ilytyslaatikoilla, moniv\u00e4rinen GKR04W<\/p>\n","protected":false},"featured_media":39935,"comment_status":"open","ping_status":"closed","template":"","meta":[],"product_brand":[],"product_cat":[32],"product_tag":[],"class_list":{"0":"post-30711","1":"product","2":"type-product","3":"status-publish","4":"has-post-thumbnail","6":"product_cat-uncategorized-fi","8":"first","9":"instock","10":"shipping-taxable","11":"purchasable","12":"product-type-simple"},"_links":{"self":[{"href":"https:\/\/nordicmart.andreevmaster.com\/fi\/wp-json\/wp\/v2\/product\/30711","targetHints":{"allow":["GET"]}}],"collection":[{"href":"https:\/\/nordicmart.andreevmaster.com\/fi\/wp-json\/wp\/v2\/product"}],"about":[{"href":"https:\/\/nordicmart.andreevmaster.com\/fi\/wp-json\/wp\/v2\/types\/product"}],"replies":[{"embeddable":true,"href":"https:\/\/nordicmart.andreevmaster.com\/fi\/wp-json\/wp\/v2\/comments?post=30711"}],"wp:featuredmedia":[{"embeddable":true,"href":"https:\/\/nordicmart.andreevmaster.com\/fi\/wp-json\/wp\/v2\/media\/39935"}],"wp:attachment":[{"href":"https:\/\/nordicmart.andreevmaster.com\/fi\/wp-json\/wp\/v2\/media?parent=30711"}],"wp:term":[{"taxonomy":"product_brand","embeddable":true,"href":"https:\/\/nordicmart.andreevmaster.com\/fi\/wp-json\/wp\/v2\/product_brand?post=30711"},{"taxonomy":"product_cat","embeddable":true,"href":"https:\/\/nordicmart.andreevmaster.com\/fi\/wp-json\/wp\/v2\/product_cat?post=30711"},{"taxonomy":"product_tag","embeddable":true,"href":"https:\/\/nordicmart.andreevmaster.com\/fi\/wp-json\/wp\/v2\/product_tag?post=30711"}],"curies":[{"name":"wp","href":"https:\/\/api.w.org\/{rel}","templated":true}]}}