{"id":30705,"date":"2026-02-27T00:10:58","date_gmt":"2026-02-27T00:10:58","guid":{"rendered":"https:\/\/nordicmart.andreevmaster.com\/product\/songmics-kirjahylly-3-hyllytasoa-pyorilla\/"},"modified":"2026-02-27T09:34:22","modified_gmt":"2026-02-27T09:34:22","slug":"songmics-kirjahylly-3-hyllytasoa-pyorilla","status":"publish","type":"product","link":"https:\/\/nordicmart.andreevmaster.com\/fi\/tuote\/songmics-kirjahylly-3-hyllytasoa-pyorilla\/","title":{"rendered":"SONGMICS kirjahylly, 3 hyllytasoa, py\u00f6rill\u00e4"},"content":{"rendered":"<p>SONGMICS leluhylly, kirjahylly lapsille, lastenhuoneen hylly 3 lokerolla ja ulosvedett\u00e4v\u00e4ll\u00e4 lelulaatikolla py\u00f6rill\u00e4, lelujen s\u00e4ilytys, lastenhuone, kirjoille<\/p>\n","protected":false},"excerpt":{"rendered":"<p>SONGMICS leluhylly, kirjahylly lapsille, lastenhuoneen hylly 3 lokerolla ja ulosvedett\u00e4v\u00e4ll\u00e4 lelulaatikolla py\u00f6rill\u00e4, lelujen s\u00e4ilytys, lastenhuone, kirjoille<\/p>\n","protected":false},"featured_media":39929,"comment_status":"open","ping_status":"closed","template":"","meta":[],"product_brand":[],"product_cat":[32],"product_tag":[],"class_list":{"0":"post-30705","1":"product","2":"type-product","3":"status-publish","4":"has-post-thumbnail","6":"product_cat-uncategorized-fi","8":"first","9":"instock","10":"shipping-taxable","11":"purchasable","12":"product-type-simple"},"_links":{"self":[{"href":"https:\/\/nordicmart.andreevmaster.com\/fi\/wp-json\/wp\/v2\/product\/30705","targetHints":{"allow":["GET"]}}],"collection":[{"href":"https:\/\/nordicmart.andreevmaster.com\/fi\/wp-json\/wp\/v2\/product"}],"about":[{"href":"https:\/\/nordicmart.andreevmaster.com\/fi\/wp-json\/wp\/v2\/types\/product"}],"replies":[{"embeddable":true,"href":"https:\/\/nordicmart.andreevmaster.com\/fi\/wp-json\/wp\/v2\/comments?post=30705"}],"wp:featuredmedia":[{"embeddable":true,"href":"https:\/\/nordicmart.andreevmaster.com\/fi\/wp-json\/wp\/v2\/media\/39929"}],"wp:attachment":[{"href":"https:\/\/nordicmart.andreevmaster.com\/fi\/wp-json\/wp\/v2\/media?parent=30705"}],"wp:term":[{"taxonomy":"product_brand","embeddable":true,"href":"https:\/\/nordicmart.andreevmaster.com\/fi\/wp-json\/wp\/v2\/product_brand?post=30705"},{"taxonomy":"product_cat","embeddable":true,"href":"https:\/\/nordicmart.andreevmaster.com\/fi\/wp-json\/wp\/v2\/product_cat?post=30705"},{"taxonomy":"product_tag","embeddable":true,"href":"https:\/\/nordicmart.andreevmaster.com\/fi\/wp-json\/wp\/v2\/product_tag?post=30705"}],"curies":[{"name":"wp","href":"https:\/\/api.w.org\/{rel}","templated":true}]}}