{"id":30704,"date":"2026-02-27T00:10:58","date_gmt":"2026-02-27T00:10:58","guid":{"rendered":"https:\/\/nordicmart.andreevmaster.com\/product\/songmics-lasten-hylly-lelujen-ja-kirjojen-sailytykseen\/"},"modified":"2026-02-27T09:34:21","modified_gmt":"2026-02-27T09:34:21","slug":"songmics-lasten-hylly-lelujen-ja-kirjojen-sailytykseen","status":"publish","type":"product","link":"https:\/\/nordicmart.andreevmaster.com\/fi\/tuote\/songmics-lasten-hylly-lelujen-ja-kirjojen-sailytykseen\/","title":{"rendered":"SONGMICS Lasten hylly lelujen ja kirjojen s\u00e4ilytykseen"},"content":{"rendered":"<p>Tuotetiedot: Materiaali runko: ymp\u00e4rist\u00f6yst\u00e4v\u00e4llinen MDF-levy V\u00e4ritys runko: py\u00f6kkiv\u00e4ri (GKR03Y); valkoinen (GKR03W) Mitat: 86 x 78 x 27 cm (L x K x S) Materiaali laatikot: ymp\u00e4rist\u00f6yst\u00e4v\u00e4llinen PP-muovi V\u00e4ritys laatikot: oranssi, keltainen, sininen, vihre\u00e4 Mitat pienet laatikot: kukin 30,5 x 12 x 20 cm (L x K x S) Suurten laatikoiden mitat: kukin 41 x 12 x 29,5 cm (L x K x S) Toimitus sis\u00e4lt\u00e4\u00e4: 1 x lasten s\u00e4ilytyshylly 1 x ohjeet (DE, EN, FR, IT, ES) 1 x kiinnityspussi (laatikoiden v\u00e4liss\u00e4)<\/p>\n","protected":false},"excerpt":{"rendered":"<p>SONGMICS lasten hylly, lastenhuoneen hylly, kirjahylly, s\u00e4ilytyshylly kaatumissuojalla, 6 muovilaatikkoa, helppohoitoinen, lelujen s\u00e4ilytys GKR03W<\/p>\n","protected":false},"featured_media":39928,"comment_status":"open","ping_status":"closed","template":"","meta":[],"product_brand":[],"product_cat":[32],"product_tag":[],"class_list":{"0":"post-30704","1":"product","2":"type-product","3":"status-publish","4":"has-post-thumbnail","6":"product_cat-uncategorized-fi","8":"first","9":"instock","10":"shipping-taxable","11":"purchasable","12":"product-type-simple"},"_links":{"self":[{"href":"https:\/\/nordicmart.andreevmaster.com\/fi\/wp-json\/wp\/v2\/product\/30704","targetHints":{"allow":["GET"]}}],"collection":[{"href":"https:\/\/nordicmart.andreevmaster.com\/fi\/wp-json\/wp\/v2\/product"}],"about":[{"href":"https:\/\/nordicmart.andreevmaster.com\/fi\/wp-json\/wp\/v2\/types\/product"}],"replies":[{"embeddable":true,"href":"https:\/\/nordicmart.andreevmaster.com\/fi\/wp-json\/wp\/v2\/comments?post=30704"}],"wp:featuredmedia":[{"embeddable":true,"href":"https:\/\/nordicmart.andreevmaster.com\/fi\/wp-json\/wp\/v2\/media\/39928"}],"wp:attachment":[{"href":"https:\/\/nordicmart.andreevmaster.com\/fi\/wp-json\/wp\/v2\/media?parent=30704"}],"wp:term":[{"taxonomy":"product_brand","embeddable":true,"href":"https:\/\/nordicmart.andreevmaster.com\/fi\/wp-json\/wp\/v2\/product_brand?post=30704"},{"taxonomy":"product_cat","embeddable":true,"href":"https:\/\/nordicmart.andreevmaster.com\/fi\/wp-json\/wp\/v2\/product_cat?post=30704"},{"taxonomy":"product_tag","embeddable":true,"href":"https:\/\/nordicmart.andreevmaster.com\/fi\/wp-json\/wp\/v2\/product_tag?post=30704"}],"curies":[{"name":"wp","href":"https:\/\/api.w.org\/{rel}","templated":true}]}}