{"id":30702,"date":"2026-02-27T00:10:58","date_gmt":"2026-02-27T00:10:58","guid":{"rendered":"https:\/\/nordicmart.andreevmaster.com\/product\/songmics-lastenhuoneen-hylly-7-laatikolla\/"},"modified":"2026-02-27T09:34:21","modified_gmt":"2026-02-27T09:34:21","slug":"songmics-lastenhuoneen-hylly-7-laatikolla","status":"publish","type":"product","link":"https:\/\/nordicmart.andreevmaster.com\/fi\/tuote\/songmics-lastenhuoneen-hylly-7-laatikolla\/","title":{"rendered":"SONGMICS lastenhuoneen hylly 7 laatikolla"},"content":{"rendered":"<p>Tuotetiedot: V\u00e4ri: valkoinen Materiaali: MDF (keskitihe\u00e4 kuitulevy), ter\u00e4sputket, kuitukangas Koko: 29,5 x 62,5 x 60 cm (S x L x K) Paino: 5,5 kg Maks. staattinen kokonaiskuormitus: 20 kg Toimitus sis\u00e4lt\u00e4\u00e4: 1 x leluhylly 7 x s\u00e4ilytyslaatikko (4 isoa ja 3 pient\u00e4) 1 x lis\u00e4varustepaketti 2 x kaatumissuoja 1 x ohjeet SONGMICS Huomautukset: Tuote ei ole lelu. Lapset saavat k\u00e4ytt\u00e4\u00e4 leluhylly\u00e4 vain aikuisen valvonnassa. Turvallisuussyist\u00e4 lapset eiv\u00e4t saa kiivet\u00e4 s\u00e4ilytyshyllylle. Kiinnit\u00e4 t\u00e4m\u00e4 lasten hylly sein\u00e4\u00e4n mukana toimitetulla kaatumissuojalla, jotta se ei kaadu. Tuotetta ei voi pest\u00e4. Puhdista se kostealla liinalla ja aseta se kuivaan paikkaan. Suojaa kangaskotelot vedelt\u00e4. Jos leluhyllyss\u00e4 on avaamisen j\u00e4lkeen liev\u00e4 haju, aseta se hetkeksi hyvin tuuletettuun paikkaan.<\/p>\n","protected":false},"excerpt":{"rendered":"<p>SONGMICS lastenhuoneen hylly, leluhylly 7:ll\u00e4 kuitukankaalla p\u00e4\u00e4llystetyll\u00e4 s\u00e4ilytyslaatikolla, lasten kirjahylly, lasten leluhylly, lelujen j\u00e4rjestelij\u00e4, 29,5 x 62,5 x 60 cm, valkoinen GKR034W01<\/p>\n","protected":false},"featured_media":0,"comment_status":"open","ping_status":"closed","template":"","meta":[],"product_brand":[],"product_cat":[32],"product_tag":[],"class_list":{"0":"post-30702","1":"product","2":"type-product","3":"status-publish","5":"product_cat-uncategorized-fi","7":"first","8":"instock","9":"shipping-taxable","10":"purchasable","11":"product-type-simple"},"_links":{"self":[{"href":"https:\/\/nordicmart.andreevmaster.com\/fi\/wp-json\/wp\/v2\/product\/30702","targetHints":{"allow":["GET"]}}],"collection":[{"href":"https:\/\/nordicmart.andreevmaster.com\/fi\/wp-json\/wp\/v2\/product"}],"about":[{"href":"https:\/\/nordicmart.andreevmaster.com\/fi\/wp-json\/wp\/v2\/types\/product"}],"replies":[{"embeddable":true,"href":"https:\/\/nordicmart.andreevmaster.com\/fi\/wp-json\/wp\/v2\/comments?post=30702"}],"wp:attachment":[{"href":"https:\/\/nordicmart.andreevmaster.com\/fi\/wp-json\/wp\/v2\/media?parent=30702"}],"wp:term":[{"taxonomy":"product_brand","embeddable":true,"href":"https:\/\/nordicmart.andreevmaster.com\/fi\/wp-json\/wp\/v2\/product_brand?post=30702"},{"taxonomy":"product_cat","embeddable":true,"href":"https:\/\/nordicmart.andreevmaster.com\/fi\/wp-json\/wp\/v2\/product_cat?post=30702"},{"taxonomy":"product_tag","embeddable":true,"href":"https:\/\/nordicmart.andreevmaster.com\/fi\/wp-json\/wp\/v2\/product_tag?post=30702"}],"curies":[{"name":"wp","href":"https:\/\/api.w.org\/{rel}","templated":true}]}}