{"id":30701,"date":"2026-02-27T00:10:58","date_gmt":"2026-02-27T00:10:58","guid":{"rendered":"https:\/\/nordicmart.andreevmaster.com\/product\/songmics-lasten-hylly-7lla-huovasta-valmistetulla-sailytyslaatikolla-kyyhkynharmaa\/"},"modified":"2026-02-27T09:34:21","modified_gmt":"2026-02-27T09:34:21","slug":"songmics-lasten-hylly-7lla-huovasta-valmistetulla-sailytyslaatikolla-kyyhkynharmaa","status":"publish","type":"product","link":"https:\/\/nordicmart.andreevmaster.com\/fi\/tuote\/songmics-lasten-hylly-7lla-huovasta-valmistetulla-sailytyslaatikolla-kyyhkynharmaa\/","title":{"rendered":"SONGMICS lasten hylly 7:ll\u00e4 huovasta valmistetulla s\u00e4ilytyslaatikolla, kyyhkynharmaa"},"content":{"rendered":"<p>SONGMICS lastenhuoneen hylly, leluhylly 7:ll\u00e4 kuitukankaalla p\u00e4\u00e4llystetyll\u00e4 s\u00e4ilytyslaatikolla, lasten kirjahylly, lasten leluhylly, lelujen j\u00e4rjestelij\u00e4, 29,5 x 62,5 x 60 cm, valkoinen GKR034W01<br \/>\nV\u00e4ri: kyyhkynharmaa<br \/>\nMateriaali: MDF (keskitihe\u00e4 kuitulevy), kuitukangas<br \/>\nKoko: 29,5 x 62,5 x 60 cm (S x L x K)<br \/>\nPaino: 5,4 kg<br \/>\nMaks. staattinen kantavuus tasoa kohti: 10 kg<br \/>\nMaks. staattinen kantavuus yhteens\u00e4: 30 kg<\/p>\n","protected":false},"excerpt":{"rendered":"<p>SONGMICS lastenhuoneen hylly, leluhylly 7:ll\u00e4 kuitukankaalla p\u00e4\u00e4llystetyll\u00e4 s\u00e4ilytyslaatikolla, lasten kirjahylly, lasten leluhylly, lelujen j\u00e4rjestelij\u00e4, 29,5 x 62,5 x 60 cm, valkoinen GKR034W01<\/p>\n","protected":false},"featured_media":39927,"comment_status":"open","ping_status":"closed","template":"","meta":[],"product_brand":[],"product_cat":[32],"product_tag":[],"class_list":{"0":"post-30701","1":"product","2":"type-product","3":"status-publish","4":"has-post-thumbnail","6":"product_cat-uncategorized-fi","8":"first","9":"instock","10":"shipping-taxable","11":"purchasable","12":"product-type-simple"},"_links":{"self":[{"href":"https:\/\/nordicmart.andreevmaster.com\/fi\/wp-json\/wp\/v2\/product\/30701","targetHints":{"allow":["GET"]}}],"collection":[{"href":"https:\/\/nordicmart.andreevmaster.com\/fi\/wp-json\/wp\/v2\/product"}],"about":[{"href":"https:\/\/nordicmart.andreevmaster.com\/fi\/wp-json\/wp\/v2\/types\/product"}],"replies":[{"embeddable":true,"href":"https:\/\/nordicmart.andreevmaster.com\/fi\/wp-json\/wp\/v2\/comments?post=30701"}],"wp:featuredmedia":[{"embeddable":true,"href":"https:\/\/nordicmart.andreevmaster.com\/fi\/wp-json\/wp\/v2\/media\/39927"}],"wp:attachment":[{"href":"https:\/\/nordicmart.andreevmaster.com\/fi\/wp-json\/wp\/v2\/media?parent=30701"}],"wp:term":[{"taxonomy":"product_brand","embeddable":true,"href":"https:\/\/nordicmart.andreevmaster.com\/fi\/wp-json\/wp\/v2\/product_brand?post=30701"},{"taxonomy":"product_cat","embeddable":true,"href":"https:\/\/nordicmart.andreevmaster.com\/fi\/wp-json\/wp\/v2\/product_cat?post=30701"},{"taxonomy":"product_tag","embeddable":true,"href":"https:\/\/nordicmart.andreevmaster.com\/fi\/wp-json\/wp\/v2\/product_tag?post=30701"}],"curies":[{"name":"wp","href":"https:\/\/api.w.org\/{rel}","templated":true}]}}