{"id":30700,"date":"2026-02-27T00:10:57","date_gmt":"2026-02-27T00:10:57","guid":{"rendered":"https:\/\/nordicmart.andreevmaster.com\/product\/songmics-lasten-hylly-9lla-valkoisella-kuitukankaalla-paallystetylla-sailytyslaatikolla\/"},"modified":"2026-02-27T09:34:21","modified_gmt":"2026-02-27T09:34:21","slug":"songmics-lasten-hylly-9lla-valkoisella-kuitukankaalla-paallystetylla-sailytyslaatikolla","status":"publish","type":"product","link":"https:\/\/nordicmart.andreevmaster.com\/fi\/tuote\/songmics-lasten-hylly-9lla-valkoisella-kuitukankaalla-paallystetylla-sailytyslaatikolla\/","title":{"rendered":"SONGMICS lasten hylly 9:ll\u00e4 valkoisella kuitukankaalla p\u00e4\u00e4llystetyll\u00e4 s\u00e4ilytyslaatikolla"},"content":{"rendered":"<p>SONGMICS lasten hylly, leluhylly, kirjahylly lapsille, 9 s\u00e4ilytyslaatikkoa kuitukankaasta, lastenhuoneen hylly, tilava, 29,5 x 62,5 x 60 cm<br \/>\nV\u00e4ri: pilvinen valkoinen<br \/>\nMateriaali: MDF (keskitihe\u00e4 kuitulevy), kuitukangas<br \/>\nKoko: 29,5 x 62,5 x 60 cm (S x L x K)<br \/>\nPaino: 5,6 kg<br \/>\nEnimm\u00e4iskantavuus per laatikko: 2 kg<br \/>\nMaks. staattinen kantavuus tasoa kohti: 6 kg<br \/>\nMaks. staattinen kantavuus yhteens\u00e4: 18 kg<\/p>\n","protected":false},"excerpt":{"rendered":"<p>SONGMICS lasten hylly, leluhylly, kirjahylly lapsille, 9 s\u00e4ilytyslaatikkoa kuitukankaasta, lastenhuoneen hylly, tilava, 29,5 x 62,5 x 60 cm<\/p>\n","protected":false},"featured_media":46571,"comment_status":"open","ping_status":"closed","template":"","meta":[],"product_brand":[],"product_cat":[32],"product_tag":[],"class_list":{"0":"post-30700","1":"product","2":"type-product","3":"status-publish","4":"has-post-thumbnail","6":"product_cat-uncategorized-fi","8":"first","9":"instock","10":"shipping-taxable","11":"purchasable","12":"product-type-simple"},"_links":{"self":[{"href":"https:\/\/nordicmart.andreevmaster.com\/fi\/wp-json\/wp\/v2\/product\/30700","targetHints":{"allow":["GET"]}}],"collection":[{"href":"https:\/\/nordicmart.andreevmaster.com\/fi\/wp-json\/wp\/v2\/product"}],"about":[{"href":"https:\/\/nordicmart.andreevmaster.com\/fi\/wp-json\/wp\/v2\/types\/product"}],"replies":[{"embeddable":true,"href":"https:\/\/nordicmart.andreevmaster.com\/fi\/wp-json\/wp\/v2\/comments?post=30700"}],"wp:featuredmedia":[{"embeddable":true,"href":"https:\/\/nordicmart.andreevmaster.com\/fi\/wp-json\/wp\/v2\/media\/46571"}],"wp:attachment":[{"href":"https:\/\/nordicmart.andreevmaster.com\/fi\/wp-json\/wp\/v2\/media?parent=30700"}],"wp:term":[{"taxonomy":"product_brand","embeddable":true,"href":"https:\/\/nordicmart.andreevmaster.com\/fi\/wp-json\/wp\/v2\/product_brand?post=30700"},{"taxonomy":"product_cat","embeddable":true,"href":"https:\/\/nordicmart.andreevmaster.com\/fi\/wp-json\/wp\/v2\/product_cat?post=30700"},{"taxonomy":"product_tag","embeddable":true,"href":"https:\/\/nordicmart.andreevmaster.com\/fi\/wp-json\/wp\/v2\/product_tag?post=30700"}],"curies":[{"name":"wp","href":"https:\/\/api.w.org\/{rel}","templated":true}]}}