{"id":30698,"date":"2026-02-27T00:10:57","date_gmt":"2026-02-27T00:10:57","guid":{"rendered":"https:\/\/nordicmart.andreevmaster.com\/product\/songmics-varikas-lasten-hylly-laatikoilla\/"},"modified":"2026-02-27T09:34:21","modified_gmt":"2026-02-27T09:34:21","slug":"songmics-varikas-lasten-hylly-laatikoilla","status":"publish","type":"product","link":"https:\/\/nordicmart.andreevmaster.com\/fi\/tuote\/songmics-varikas-lasten-hylly-laatikoilla\/","title":{"rendered":"SONGMICS V\u00e4rik\u00e4s lasten hylly laatikoilla"},"content":{"rendered":"<p>Songmics-lasten s\u00e4ilytyshylly on k\u00e4yt\u00e4nn\u00f6llinen huonekalu jokaiseen lastenhuoneeseen. Hylly on juuri oikean kokoinen lapsille, ja laatikot ovat helposti ulottuvilla my\u00f6s pienille lapsille. N\u00e4in lapset oppivat jo varhain siivoamaan huoneensa.Verrattuna kangaskoreihin PP-laatikot ovat kest\u00e4v\u00e4mpi\u00e4, pitk\u00e4ik\u00e4isempi\u00e4 ja helpompia puhdistaa. Songmicsin lasten s\u00e4ilytyshyllyll\u00e4 voi s\u00e4ilytt\u00e4\u00e4 leluja, pehmoleluja, kirjoja ja paljon muuta, jolloin lastenhuone pysyy siistin\u00e4.Tuotetiedot: Materiaali, runko: ymp\u00e4rist\u00f6yst\u00e4v\u00e4llinen MDF-levy V\u00e4ri, runko: valkoinen Mitat: 86 x 60 x 27 cm (L x K x S) Materiaali, laatikot: ymp\u00e4rist\u00f6yst\u00e4v\u00e4llinen PP-muovi V\u00e4ri, laatikot: punainen, keltainen, sininen, vihre\u00e4 Laatikoiden mitat (iso): kukin 41 x 12 x 29,5 cm (L x K x S)Laatikoiden mitat (pienet): kukin 30,5 x 12 x 20 cm (L x K x S)Toimitus sis\u00e4lt\u00e4\u00e4:1 x lasten s\u00e4ilytyshylly1 x ohjeet (DE, EN, FR, IT, ES)1 x kiinnityspussi (laatikoiden v\u00e4liss\u00e4)<\/p>\n","protected":false},"excerpt":{"rendered":"<p>SONGMICS XL leluhylly, lasten hylly, lastenhuoneen hylly kaatumissuojalla, pituus 86 cm, 3 isoa ja 6 pient\u00e4 laatikkoa GKR02W<\/p>\n","protected":false},"featured_media":39926,"comment_status":"open","ping_status":"closed","template":"","meta":[],"product_brand":[],"product_cat":[32],"product_tag":[],"class_list":{"0":"post-30698","1":"product","2":"type-product","3":"status-publish","4":"has-post-thumbnail","6":"product_cat-uncategorized-fi","8":"first","9":"instock","10":"shipping-taxable","11":"purchasable","12":"product-type-simple"},"_links":{"self":[{"href":"https:\/\/nordicmart.andreevmaster.com\/fi\/wp-json\/wp\/v2\/product\/30698","targetHints":{"allow":["GET"]}}],"collection":[{"href":"https:\/\/nordicmart.andreevmaster.com\/fi\/wp-json\/wp\/v2\/product"}],"about":[{"href":"https:\/\/nordicmart.andreevmaster.com\/fi\/wp-json\/wp\/v2\/types\/product"}],"replies":[{"embeddable":true,"href":"https:\/\/nordicmart.andreevmaster.com\/fi\/wp-json\/wp\/v2\/comments?post=30698"}],"wp:featuredmedia":[{"embeddable":true,"href":"https:\/\/nordicmart.andreevmaster.com\/fi\/wp-json\/wp\/v2\/media\/39926"}],"wp:attachment":[{"href":"https:\/\/nordicmart.andreevmaster.com\/fi\/wp-json\/wp\/v2\/media?parent=30698"}],"wp:term":[{"taxonomy":"product_brand","embeddable":true,"href":"https:\/\/nordicmart.andreevmaster.com\/fi\/wp-json\/wp\/v2\/product_brand?post=30698"},{"taxonomy":"product_cat","embeddable":true,"href":"https:\/\/nordicmart.andreevmaster.com\/fi\/wp-json\/wp\/v2\/product_cat?post=30698"},{"taxonomy":"product_tag","embeddable":true,"href":"https:\/\/nordicmart.andreevmaster.com\/fi\/wp-json\/wp\/v2\/product_tag?post=30698"}],"curies":[{"name":"wp","href":"https:\/\/api.w.org\/{rel}","templated":true}]}}