{"id":30695,"date":"2026-02-27T00:10:56","date_gmt":"2026-02-27T00:10:56","guid":{"rendered":"https:\/\/nordicmart.andreevmaster.com\/product\/songmics-lasten-poyta-ja-2-tuolia-valkoinen\/"},"modified":"2026-02-27T09:34:20","modified_gmt":"2026-02-27T09:34:20","slug":"songmics-lasten-poyta-ja-2-tuolia-valkoinen","status":"publish","type":"product","link":"https:\/\/nordicmart.andreevmaster.com\/fi\/tuote\/songmics-lasten-poyta-ja-2-tuolia-valkoinen\/","title":{"rendered":"SONGMICS Lasten p\u00f6yt\u00e4 ja 2 tuolia, valkoinen"},"content":{"rendered":"<p>Erityisesti pienille lapsille Lapsi tykk\u00e4\u00e4 tutkia ymp\u00e4rist\u00f6\u00e4\u00e4n ja yritt\u00e4\u00e4 kiivet\u00e4 \u00e4idin p\u00f6yd\u00e4lle? On aika muuttaa tilanne, jotta sinun ei en\u00e4\u00e4 tarvitse huolehtia! T\u00e4m\u00e4 lapsille suunniteltu p\u00f6yt\u00e4setti on korkeudeltaan 55 cm ja se on t\u00e4ydellinen lahja pienelle seikkailijalle. T\u00e4st\u00e4 l\u00e4htien voit rauhassa ty\u00f6skennell\u00e4 ty\u00f6p\u00f6yd\u00e4ll\u00e4si, kun lapsesi leikkii omalla p\u00f6yd\u00e4ll\u00e4\u00e4n. Pieni p\u00f6yt\u00e4, pieni vaiva Ei vaikeita asennusvaiheita! Yksinkertaisen rakenteen, helppotajuisen ohjeen ja hyvin merkittyjen osien ansiosta kokoaminen on lasten leikki\u00e4. Lapsesi voivat ottaa uuden p\u00f6yd\u00e4n ja tuolit k\u00e4ytt\u00f6\u00f6n hetkess\u00e4. Tuotetiedot: &#8211; V\u00e4ri: valkoinen &#8211; Materiaali: MDF (keskitihe\u00e4 kuitulevy), jalat massiivipuuta &#8211; P\u00f6yd\u00e4n koko: 60 x 60 x 55 cm (P x L x K) &#8211; Tuolin koko: 31 x 31 x 55 cm (P x L x K) &#8211; P\u00f6yt\u00e4setin paino: 12 kg &#8211; P\u00f6yd\u00e4n maks. staattinen kantavuus: 35 kg &#8211; Tuolin maks. staattinen kantavuus: 35 kg Toimitus sis\u00e4lt\u00e4\u00e4:- 1 x p\u00f6yt\u00e4 &#8211; 2 x tuoli &#8211; 1 x lis\u00e4varustepaketti &#8211; 1 x ohjeet (DE, EN, FR, ES, IT)<\/p>\n","protected":false},"excerpt":{"rendered":"<p>SONGMICS lasten p\u00f6yt\u00e4setti, 3-osainen, p\u00f6yt\u00e4 ja 2 tuolia, massiivipuusta valmistetut p\u00f6yd\u00e4njalat, lastenhuonekalut, lastenhuoneeseen ja leikkihuoneeseen, valkoinen GKR010W01<\/p>\n","protected":false},"featured_media":39923,"comment_status":"open","ping_status":"closed","template":"","meta":[],"product_brand":[],"product_cat":[32],"product_tag":[],"class_list":{"0":"post-30695","1":"product","2":"type-product","3":"status-publish","4":"has-post-thumbnail","6":"product_cat-uncategorized-fi","8":"first","9":"instock","10":"shipping-taxable","11":"purchasable","12":"product-type-simple"},"_links":{"self":[{"href":"https:\/\/nordicmart.andreevmaster.com\/fi\/wp-json\/wp\/v2\/product\/30695","targetHints":{"allow":["GET"]}}],"collection":[{"href":"https:\/\/nordicmart.andreevmaster.com\/fi\/wp-json\/wp\/v2\/product"}],"about":[{"href":"https:\/\/nordicmart.andreevmaster.com\/fi\/wp-json\/wp\/v2\/types\/product"}],"replies":[{"embeddable":true,"href":"https:\/\/nordicmart.andreevmaster.com\/fi\/wp-json\/wp\/v2\/comments?post=30695"}],"wp:featuredmedia":[{"embeddable":true,"href":"https:\/\/nordicmart.andreevmaster.com\/fi\/wp-json\/wp\/v2\/media\/39923"}],"wp:attachment":[{"href":"https:\/\/nordicmart.andreevmaster.com\/fi\/wp-json\/wp\/v2\/media?parent=30695"}],"wp:term":[{"taxonomy":"product_brand","embeddable":true,"href":"https:\/\/nordicmart.andreevmaster.com\/fi\/wp-json\/wp\/v2\/product_brand?post=30695"},{"taxonomy":"product_cat","embeddable":true,"href":"https:\/\/nordicmart.andreevmaster.com\/fi\/wp-json\/wp\/v2\/product_cat?post=30695"},{"taxonomy":"product_tag","embeddable":true,"href":"https:\/\/nordicmart.andreevmaster.com\/fi\/wp-json\/wp\/v2\/product_tag?post=30695"}],"curies":[{"name":"wp","href":"https:\/\/api.w.org\/{rel}","templated":true}]}}