{"id":30694,"date":"2026-02-27T00:10:56","date_gmt":"2026-02-27T00:10:56","guid":{"rendered":"https:\/\/nordicmart.andreevmaster.com\/product\/songmics-leluhylly-12-irrotettavalla-laatikolla\/"},"modified":"2026-02-27T09:34:20","modified_gmt":"2026-02-27T09:34:20","slug":"songmics-leluhylly-12-irrotettavalla-laatikolla","status":"publish","type":"product","link":"https:\/\/nordicmart.andreevmaster.com\/fi\/tuote\/songmics-leluhylly-12-irrotettavalla-laatikolla\/","title":{"rendered":"SONGMICS leluhylly 12 irrotettavalla laatikolla"},"content":{"rendered":"<p>Siivoa lelut pois tielt\u00e4 Lapsilla on usein paljon leluja \u2013 niin paljon, ett\u00e4 vanhemmat voivat tulla hulluiksi, kun ne ovat lev\u00e4ll\u00e4\u00e4n ymp\u00e4ri taloa. T\u00e4m\u00e4 tilaa s\u00e4\u00e4st\u00e4v\u00e4 lastenhuoneen hylly kannustaa lapsia siivoamaan sotkun ja laittamaan lelunsa siististi v\u00e4rikk\u00e4isiin laatikoihin. Lajittele ja j\u00e4rjest\u00e4 Hyllyn lapsille sopivan korkeuden ansiosta my\u00f6s pienet k\u00e4\u00e4pi\u00f6t p\u00e4\u00e4sev\u00e4t helposti k\u00e4siksi lempileluihinsa. Lelujen j\u00e4rjestelij\u00e4 sopii siksi t\u00e4ydellisesti jokaiseen lastenhuoneeseen, leikkihuoneeseen, olohuoneeseen sek\u00e4 p\u00e4iv\u00e4koteihin ja lastentarhoihin.Tuotetiedot: &#8211; V\u00e4ri: valkoinen, vaaleanpunainen, oranssi, violetti, vihre\u00e4 &#8211; Materiaali: MDF (keskitihe\u00e4 kuitulevy), PP-muovi &#8211; Koko: 86 x 26,5 x 78 cm (P x L x K) &#8211; Paino: 8 kg Toimitus sis\u00e4lt\u00e4\u00e4:- 1 x leluhylly &#8211; 12 x s\u00e4ilytyslaatikko &#8211; 1 x kaatumissuoja &#8211; 1 x ohjeet SONGMICS-ohjeet: &#8211; Turvallisuussyist\u00e4 lapset eiv\u00e4t saa kiivet\u00e4 tuotteen p\u00e4\u00e4lle tai leikki\u00e4 sill\u00e4. &#8211; Kiinnit\u00e4 t\u00e4m\u00e4 tuote sein\u00e4\u00e4n mukana toimitetulla kaatumissuojalla kaatumisen est\u00e4miseksi.<\/p>\n","protected":false},"excerpt":{"rendered":"<p>SONGMICS leluhylly, lelujen j\u00e4rjestelij\u00e4, lastenhuoneen hylly 12 irrotettavalla PP-muovilaatikolla, lastenhuoneeseen, leikkihuoneeseen, 86 x 26,5 x 78 cm, valkoinen, vaaleanpunainen, oranssi, violetti ja vihre\u00e4 GKR004P01<\/p>\n","protected":false},"featured_media":39922,"comment_status":"open","ping_status":"closed","template":"","meta":[],"product_brand":[],"product_cat":[32],"product_tag":[],"class_list":{"0":"post-30694","1":"product","2":"type-product","3":"status-publish","4":"has-post-thumbnail","6":"product_cat-uncategorized-fi","8":"first","9":"instock","10":"shipping-taxable","11":"purchasable","12":"product-type-simple"},"_links":{"self":[{"href":"https:\/\/nordicmart.andreevmaster.com\/fi\/wp-json\/wp\/v2\/product\/30694","targetHints":{"allow":["GET"]}}],"collection":[{"href":"https:\/\/nordicmart.andreevmaster.com\/fi\/wp-json\/wp\/v2\/product"}],"about":[{"href":"https:\/\/nordicmart.andreevmaster.com\/fi\/wp-json\/wp\/v2\/types\/product"}],"replies":[{"embeddable":true,"href":"https:\/\/nordicmart.andreevmaster.com\/fi\/wp-json\/wp\/v2\/comments?post=30694"}],"wp:featuredmedia":[{"embeddable":true,"href":"https:\/\/nordicmart.andreevmaster.com\/fi\/wp-json\/wp\/v2\/media\/39922"}],"wp:attachment":[{"href":"https:\/\/nordicmart.andreevmaster.com\/fi\/wp-json\/wp\/v2\/media?parent=30694"}],"wp:term":[{"taxonomy":"product_brand","embeddable":true,"href":"https:\/\/nordicmart.andreevmaster.com\/fi\/wp-json\/wp\/v2\/product_brand?post=30694"},{"taxonomy":"product_cat","embeddable":true,"href":"https:\/\/nordicmart.andreevmaster.com\/fi\/wp-json\/wp\/v2\/product_cat?post=30694"},{"taxonomy":"product_tag","embeddable":true,"href":"https:\/\/nordicmart.andreevmaster.com\/fi\/wp-json\/wp\/v2\/product_tag?post=30694"}],"curies":[{"name":"wp","href":"https:\/\/api.w.org\/{rel}","templated":true}]}}