{"id":30693,"date":"2026-02-27T00:10:56","date_gmt":"2026-02-27T00:10:56","guid":{"rendered":"https:\/\/nordicmart.andreevmaster.com\/product\/musliinikoriste-gold-beige-350-cm\/"},"modified":"2026-02-27T09:34:20","modified_gmt":"2026-02-27T09:34:20","slug":"musliinikoriste-gold-beige-350-cm","status":"publish","type":"product","link":"https:\/\/nordicmart.andreevmaster.com\/fi\/tuote\/musliinikoriste-gold-beige-350-cm\/","title":{"rendered":"Musliinikoriste Gold \u2013 Beige 350 cm"},"content":{"rendered":"<p>Ainutlaatuinen koriste lastenhuoneeseen. Se t\u00e4ydent\u00e4\u00e4 kauniisti vauvans\u00e4nkyj\u00e4mme ja musliinipyyhkeit\u00e4mme. Valmistettu korkealaatuisesta puuvillamusliinista ja viimeistelty kultaisella reunuksella. Se on t\u00e4ydellinen lahja vauvakutsuille, syntym\u00e4p\u00e4iville tai muille juhlatilaisuuksille. <\/p>\n<p>Yksityiskohdat:<br \/>\n-Garland valmistettu korkealaatuisesta puuvillakankaasta, jolla on OEKO-TEX 100 -sertifikaatti<br \/>\n-Luonnolliset v\u00e4rit<br \/>\n-Hienovarainen kultainen koriste<br \/>\n-K\u00e4ytett\u00e4v\u00e4 vanhempien valvonnassa. Sis\u00e4lt\u00e4\u00e4 pieni\u00e4 osia. <\/p>\n<p>Pesuohjeet:<br \/>\n-K\u00e4sinpesu<br \/>\n-Ei valkaisuaineita<br \/>\n-Ei rumpukuivausta <\/p>\n<p>Kokonaispituus:<br \/>\n 350 cm<\/p>\n","protected":false},"excerpt":{"rendered":"<p>Ainutlaatuinen koriste lastenhuoneeseen. Se t\u00e4ydent\u00e4\u00e4 kauniisti vauvans\u00e4nkyj\u00e4mme ja musliinipyyhkeit\u00e4mme. Valmistettu korkealaatuisesta puuvillamusliinista ja viimeistelty kultaisella reunuksella. Se on t\u00e4ydellinen lahja vauvakutsuille, syntym\u00e4p\u00e4iville tai muille juhlatilaisuuksille. Yksityiskohdat: -Garland valmistettu korkealaatuisesta puuvillakankaasta, jolla on OEKO-TEX 100 -sertifikaatti -Luonnolliset v\u00e4rit -Hienovarainen kultainen koriste -K\u00e4ytett\u00e4v\u00e4 vanhempien valvonnassa. Sis\u00e4lt\u00e4\u00e4 pieni\u00e4 osia. Pesuohjeet: -K\u00e4sinpesu -Ei valkaisuaineita -Ei rumpukuivausta Kokonaispituus: 350 cm<\/p>\n","protected":false},"featured_media":0,"comment_status":"open","ping_status":"closed","template":"","meta":[],"product_brand":[],"product_cat":[32],"product_tag":[],"class_list":{"0":"post-30693","1":"product","2":"type-product","3":"status-publish","5":"product_cat-uncategorized-fi","7":"first","8":"instock","9":"shipping-taxable","10":"purchasable","11":"product-type-simple"},"_links":{"self":[{"href":"https:\/\/nordicmart.andreevmaster.com\/fi\/wp-json\/wp\/v2\/product\/30693","targetHints":{"allow":["GET"]}}],"collection":[{"href":"https:\/\/nordicmart.andreevmaster.com\/fi\/wp-json\/wp\/v2\/product"}],"about":[{"href":"https:\/\/nordicmart.andreevmaster.com\/fi\/wp-json\/wp\/v2\/types\/product"}],"replies":[{"embeddable":true,"href":"https:\/\/nordicmart.andreevmaster.com\/fi\/wp-json\/wp\/v2\/comments?post=30693"}],"wp:attachment":[{"href":"https:\/\/nordicmart.andreevmaster.com\/fi\/wp-json\/wp\/v2\/media?parent=30693"}],"wp:term":[{"taxonomy":"product_brand","embeddable":true,"href":"https:\/\/nordicmart.andreevmaster.com\/fi\/wp-json\/wp\/v2\/product_brand?post=30693"},{"taxonomy":"product_cat","embeddable":true,"href":"https:\/\/nordicmart.andreevmaster.com\/fi\/wp-json\/wp\/v2\/product_cat?post=30693"},{"taxonomy":"product_tag","embeddable":true,"href":"https:\/\/nordicmart.andreevmaster.com\/fi\/wp-json\/wp\/v2\/product_tag?post=30693"}],"curies":[{"name":"wp","href":"https:\/\/api.w.org\/{rel}","templated":true}]}}