{"id":30691,"date":"2026-02-27T00:10:56","date_gmt":"2026-02-27T00:10:56","guid":{"rendered":"https:\/\/nordicmart.andreevmaster.com\/product\/songmics-riippumatto-telineella-metallinen-riippumattoteline-kantavuus-200-kg\/"},"modified":"2026-02-27T09:34:19","modified_gmt":"2026-02-27T09:34:19","slug":"songmics-riippumatto-telineella-metallinen-riippumattoteline-kantavuus-200-kg","status":"publish","type":"product","link":"https:\/\/nordicmart.andreevmaster.com\/fi\/tuote\/songmics-riippumatto-telineella-metallinen-riippumattoteline-kantavuus-200-kg\/","title":{"rendered":"SONGMICS riippumatto telineell\u00e4, metallinen riippumattoteline, kantavuus 200 kg"},"content":{"rendered":"<p>Hammock with frame, metal hammock frame, load capacity up to 200 kg, with cushion, garden, black frame and grey hammock<br \/>\nTuotetiedot:<br \/>\n&#8211; V\u00e4ri: musta teline, harmaa riippumatto<br \/>\n&#8211; Materiaali: ter\u00e4s, polyesteri<br \/>\n&#8211; Telineen koko: 400 x 100 x 90 cm (P x L x K)<br \/>\n&#8211; Riippumaton koko: 200 x 140 cm (P x L)<br \/>\n&#8211; Paino: 16,6 kg<br \/>\n&#8211; Maks. staattinen kantavuus: 200 kg<\/p>\n<p>Toimitus sis\u00e4lt\u00e4\u00e4<br \/>\n&#8211; 1 x riippumatto telineell\u00e4<br \/>\n&#8211; 4 x kiinnityshihnaa<br \/>\n&#8211; 2 x koukku<br \/>\n&#8211; 2 x ketju<br \/>\n&#8211; 1 x ohjeet<\/p>\n<p>Huomautukset:<br \/>\n&#8211; T\u00e4m\u00e4n riippumaton suurin staattinen kantavuus on 200 kg. \u00c4l\u00e4 ylit\u00e4 t\u00e4t\u00e4 enimm\u00e4ispainoa.<br \/>\n&#8211; \u00c4l\u00e4 altista riippumattoa sateelle tai kosteudelle pitk\u00e4ksi aikaa.<br \/>\n&#8211; Tarkista aina riippumaton vakaus ennen kuin makaat siihen.<\/p>\n","protected":false},"excerpt":{"rendered":"<p>Hammock with frame, metal hammock frame, load capacity up to 200 kg, with cushion, garden, black frame and grey hammock<\/p>\n","protected":false},"featured_media":39920,"comment_status":"open","ping_status":"closed","template":"","meta":[],"product_brand":[],"product_cat":[32],"product_tag":[],"class_list":{"0":"post-30691","1":"product","2":"type-product","3":"status-publish","4":"has-post-thumbnail","6":"product_cat-uncategorized-fi","8":"first","9":"instock","10":"shipping-taxable","11":"purchasable","12":"product-type-simple"},"_links":{"self":[{"href":"https:\/\/nordicmart.andreevmaster.com\/fi\/wp-json\/wp\/v2\/product\/30691","targetHints":{"allow":["GET"]}}],"collection":[{"href":"https:\/\/nordicmart.andreevmaster.com\/fi\/wp-json\/wp\/v2\/product"}],"about":[{"href":"https:\/\/nordicmart.andreevmaster.com\/fi\/wp-json\/wp\/v2\/types\/product"}],"replies":[{"embeddable":true,"href":"https:\/\/nordicmart.andreevmaster.com\/fi\/wp-json\/wp\/v2\/comments?post=30691"}],"wp:featuredmedia":[{"embeddable":true,"href":"https:\/\/nordicmart.andreevmaster.com\/fi\/wp-json\/wp\/v2\/media\/39920"}],"wp:attachment":[{"href":"https:\/\/nordicmart.andreevmaster.com\/fi\/wp-json\/wp\/v2\/media?parent=30691"}],"wp:term":[{"taxonomy":"product_brand","embeddable":true,"href":"https:\/\/nordicmart.andreevmaster.com\/fi\/wp-json\/wp\/v2\/product_brand?post=30691"},{"taxonomy":"product_cat","embeddable":true,"href":"https:\/\/nordicmart.andreevmaster.com\/fi\/wp-json\/wp\/v2\/product_cat?post=30691"},{"taxonomy":"product_tag","embeddable":true,"href":"https:\/\/nordicmart.andreevmaster.com\/fi\/wp-json\/wp\/v2\/product_tag?post=30691"}],"curies":[{"name":"wp","href":"https:\/\/api.w.org\/{rel}","templated":true}]}}