{"id":30685,"date":"2026-02-27T00:10:54","date_gmt":"2026-02-27T00:10:54","guid":{"rendered":"https:\/\/nordicmart.andreevmaster.com\/product\/songmics-riippumatto-telineella\/"},"modified":"2026-02-27T09:34:18","modified_gmt":"2026-02-27T09:34:18","slug":"songmics-riippumatto-telineella","status":"publish","type":"product","link":"https:\/\/nordicmart.andreevmaster.com\/fi\/tuote\/songmics-riippumatto-telineella\/","title":{"rendered":"SONGMICS riippumatto telineell\u00e4"},"content":{"rendered":"<p>S\u00e4\u00e4st\u00e4 vaivaa: Etsitk\u00f6 viel\u00e4 kahta sopivaa puuta riippumaton kiinnitt\u00e4mist\u00e4 varten? Tai suunnitteletko jopa istuttavasi kaksi puuta puutarhaan? Seis! T\u00e4m\u00e4 riippumatto on varustettu telineell\u00e4. Sinun tarvitsee vain k\u00e4ytt\u00e4\u00e4 muutama minuutti t\u00e4m\u00e4n riippumattosetin kokoamiseen, ja puutarhasi muuttuu hetkess\u00e4 rentoutumispaikaksi. Avainsanamme on mukavuus! Riippumatto on valmistettu puuvilla-polyesterikankaasta, ja se on hengitt\u00e4v\u00e4 ja mukava. Teline on vakaa ja luotettava ja valmistettu kest\u00e4v\u00e4st\u00e4 metallista. Makaat riippumatossa ja tunnet olosi rentoutuneeksi ja onnelliseksi \u2013 kuinka mukavaa el\u00e4m\u00e4 onkaan! Tuotetiedot: V\u00e4ri: musta teline, harmaa riippumatto Materiaali: metalli, puuvilla, polyesteri Telineen koko: 300 x 90 x 95 cm (P x L x K) Riippumaton koko: 210 x 150 cm (P x L) Paino: 13 kg Maks. staattinen kantavuus: 240 kg Toimitus sis\u00e4lt\u00e4\u00e4: 1 x riippumaton runko 1 x riippumatto 1 x ohjeet SONGICSin huomautukset: T\u00e4m\u00e4n tuotteen maksimaalinen staattinen kantavuus on 240 kg. \u00c4l\u00e4 ylit\u00e4 t\u00e4t\u00e4 enimm\u00e4ispainoa. \u00c4l\u00e4 altista tuotetta suoralle auringonvalolle pitk\u00e4ksi aikaa. Tarkista aina riippumaton vakaus ennen kuin makaat siihen.<\/p>\n","protected":false},"excerpt":{"rendered":"<p>SONGMICS riippumatto telineell\u00e4, 210 x 150 cm, s\u00e4\u00e4dett\u00e4viss\u00e4 5 eri korkeuteen, metalliteline, kantavuus 240 kg, puutarhaan, musta teline ja harmaa riippumatto GHS001G01<\/p>\n","protected":false},"featured_media":39914,"comment_status":"open","ping_status":"closed","template":"","meta":[],"product_brand":[],"product_cat":[32],"product_tag":[],"class_list":{"0":"post-30685","1":"product","2":"type-product","3":"status-publish","4":"has-post-thumbnail","6":"product_cat-uncategorized-fi","8":"first","9":"instock","10":"shipping-taxable","11":"purchasable","12":"product-type-simple"},"_links":{"self":[{"href":"https:\/\/nordicmart.andreevmaster.com\/fi\/wp-json\/wp\/v2\/product\/30685","targetHints":{"allow":["GET"]}}],"collection":[{"href":"https:\/\/nordicmart.andreevmaster.com\/fi\/wp-json\/wp\/v2\/product"}],"about":[{"href":"https:\/\/nordicmart.andreevmaster.com\/fi\/wp-json\/wp\/v2\/types\/product"}],"replies":[{"embeddable":true,"href":"https:\/\/nordicmart.andreevmaster.com\/fi\/wp-json\/wp\/v2\/comments?post=30685"}],"wp:featuredmedia":[{"embeddable":true,"href":"https:\/\/nordicmart.andreevmaster.com\/fi\/wp-json\/wp\/v2\/media\/39914"}],"wp:attachment":[{"href":"https:\/\/nordicmart.andreevmaster.com\/fi\/wp-json\/wp\/v2\/media?parent=30685"}],"wp:term":[{"taxonomy":"product_brand","embeddable":true,"href":"https:\/\/nordicmart.andreevmaster.com\/fi\/wp-json\/wp\/v2\/product_brand?post=30685"},{"taxonomy":"product_cat","embeddable":true,"href":"https:\/\/nordicmart.andreevmaster.com\/fi\/wp-json\/wp\/v2\/product_cat?post=30685"},{"taxonomy":"product_tag","embeddable":true,"href":"https:\/\/nordicmart.andreevmaster.com\/fi\/wp-json\/wp\/v2\/product_tag?post=30685"}],"curies":[{"name":"wp","href":"https:\/\/api.w.org\/{rel}","templated":true}]}}