{"id":30683,"date":"2026-02-27T00:10:54","date_gmt":"2026-02-27T00:10:54","guid":{"rendered":"https:\/\/nordicmart.andreevmaster.com\/product\/songmics-leijailutuoli-beige\/"},"modified":"2026-02-27T09:34:18","modified_gmt":"2026-02-27T09:34:18","slug":"songmics-leijailutuoli-beige","status":"publish","type":"product","link":"https:\/\/nordicmart.andreevmaster.com\/fi\/tuote\/songmics-leijailutuoli-beige\/","title":{"rendered":"SONGMICS leijailutuoli beige"},"content":{"rendered":"<p>L\u00f6yd\u00e4 sis\u00e4inen laiskiainen Auringon laskiessa ja lintujen laulaessa puutarhassasi voit rentoutua ergonomisesti muotoillulla riippumatolla, k\u00e4perty\u00e4 paksulle pehmusteelle ja tyynylle ja nauttia t\u00e4ydellisest\u00e4 rauhasta ja rentoutuksesta. Mik\u00e4 ihana ilta!Nauti kes\u00e4st\u00e4 ilman auringonpolttamiaSis\u00e4\u00e4nrakennetun aurinkovarjon ansiosta lepotuoli tarjoaa mukavasti varjoa. Jos aurinko ei kuitenkaan paista liian voimakkaasti ja haluat aloittaa kes\u00e4n kevyesti ruskettuneena, voit my\u00f6s poistaa aurinkovarjon helposti.Tuotetiedot:V\u00e4ri: BeigeMateriaali: Muovikuitu, rauta, polyesteri, PP-muovit\u00e4yte (polypropeeni) Koko: 185 x 108 x 195 cm (P x L x K) Paino: 38 kg Maks. staattinen kantavuus: 150 kg Toimitus sis\u00e4lt\u00e4\u00e4: 1 x riippumatto telineell\u00e4 ja pehmusteella 1 x ohjeet (DE, EN, FR, IT, ES) SONGMICS-ohjeet: Suojaa t\u00e4m\u00e4 tuote sateelta.T\u00e4m\u00e4n tuotteen suurin staattinen kantavuus on 150 kg. \u00c4l\u00e4 ylit\u00e4 t\u00e4t\u00e4 enimm\u00e4ispainoa. Tarkista aina riippumatotuen vakaus ennen k\u00e4ytt\u00f6\u00e4. Lapset saavat k\u00e4ytt\u00e4\u00e4 t\u00e4t\u00e4 tuotetta vain aikuisen valvonnassa. T\u00e4m\u00e4 tuote toimitetaan 2 paketissa. Normaalisti ne saapuvat sinulle samaan aikaan. Jos kuitenkin saat ensin vain yhden paketin, pyyd\u00e4mme sinua odottamaan hetken. Toinen toimitus tapahtuu yleens\u00e4 pian.<\/p>\n","protected":false},"excerpt":{"rendered":"<p>SONGMICS riippumatto, riipputuoli telineell\u00e4 ja aurinkovarjolla, riipputuoli 5 cm paksulla pehmusteella, riippukeinu, terassi, parveke, puutarha, kantavuus 150 kg, beige GHC10BE<\/p>\n","protected":false},"featured_media":39912,"comment_status":"open","ping_status":"closed","template":"","meta":[],"product_brand":[],"product_cat":[32],"product_tag":[],"class_list":{"0":"post-30683","1":"product","2":"type-product","3":"status-publish","4":"has-post-thumbnail","6":"product_cat-uncategorized-fi","8":"first","9":"instock","10":"shipping-taxable","11":"purchasable","12":"product-type-simple"},"_links":{"self":[{"href":"https:\/\/nordicmart.andreevmaster.com\/fi\/wp-json\/wp\/v2\/product\/30683","targetHints":{"allow":["GET"]}}],"collection":[{"href":"https:\/\/nordicmart.andreevmaster.com\/fi\/wp-json\/wp\/v2\/product"}],"about":[{"href":"https:\/\/nordicmart.andreevmaster.com\/fi\/wp-json\/wp\/v2\/types\/product"}],"replies":[{"embeddable":true,"href":"https:\/\/nordicmart.andreevmaster.com\/fi\/wp-json\/wp\/v2\/comments?post=30683"}],"wp:featuredmedia":[{"embeddable":true,"href":"https:\/\/nordicmart.andreevmaster.com\/fi\/wp-json\/wp\/v2\/media\/39912"}],"wp:attachment":[{"href":"https:\/\/nordicmart.andreevmaster.com\/fi\/wp-json\/wp\/v2\/media?parent=30683"}],"wp:term":[{"taxonomy":"product_brand","embeddable":true,"href":"https:\/\/nordicmart.andreevmaster.com\/fi\/wp-json\/wp\/v2\/product_brand?post=30683"},{"taxonomy":"product_cat","embeddable":true,"href":"https:\/\/nordicmart.andreevmaster.com\/fi\/wp-json\/wp\/v2\/product_cat?post=30683"},{"taxonomy":"product_tag","embeddable":true,"href":"https:\/\/nordicmart.andreevmaster.com\/fi\/wp-json\/wp\/v2\/product_tag?post=30683"}],"curies":[{"name":"wp","href":"https:\/\/api.w.org\/{rel}","templated":true}]}}