{"id":30681,"date":"2026-02-27T00:10:53","date_gmt":"2026-02-27T00:10:53","guid":{"rendered":"https:\/\/nordicmart.andreevmaster.com\/product\/songmics-puutarhakalusteet-parvekekalusteet-pe-polyrottingista-poytineen\/"},"modified":"2026-02-27T09:34:18","modified_gmt":"2026-02-27T09:34:18","slug":"songmics-puutarhakalusteet-parvekekalusteet-pe-polyrottingista-poytineen","status":"publish","type":"product","link":"https:\/\/nordicmart.andreevmaster.com\/fi\/tuote\/songmics-puutarhakalusteet-parvekekalusteet-pe-polyrottingista-poytineen\/","title":{"rendered":"SONGMICS puutarhakalusteet, parvekekalusteet PE-polyrottingista, p\u00f6ytineen"},"content":{"rendered":"<p>Puutarhakalusteet, parvekekalusteet PE-polyrottingista, p\u00f6yt\u00e4, puutarhapenkki, terassikalusteet tyynyill\u00e4, ulkok\u00e4ytt\u00f6\u00f6n, musta-tummanharmaa<br \/>\nTuotetiedot:<br \/>\n&#8211; V\u00e4ri: musta-tummanharmaa<br \/>\n&#8211; Materiaali: ter\u00e4s, PE (polyeteeni), polyesteri, vaahtomuovipehmuste, karkaistu lasi<br \/>\n&#8211; Koko: 65 x 131 x 84 cm (S x L x K)<br \/>\n&#8211; Paino: 13 kg<br \/>\n&#8211; Maks. staattinen kantavuus per istuin: 130 kg<\/p>\n<p>Toimitus sis\u00e4lt\u00e4\u00e4<br \/>\n&#8211; 1 x puutarhasohva<br \/>\n&#8211; 2 x tyyny<br \/>\n&#8211; 1 x lis\u00e4varustepaketti<br \/>\n&#8211; 1 x ohjeet<\/p>\n<p>Huomautukset:<br \/>\n&#8211; Turvallisen k\u00e4ytt\u00f6ymp\u00e4rist\u00f6n luomiseksi enimm\u00e4iskuormitusta ei saa ylitt\u00e4\u00e4.<\/p>\n","protected":false},"excerpt":{"rendered":"<p>Puutarhakalusteet, parvekekalusteet PE-polyrottingista, p\u00f6yt\u00e4, puutarhapenkki, terassikalusteet tyynyill\u00e4, ulkok\u00e4ytt\u00f6\u00f6n, musta-tummanharmaa<\/p>\n","protected":false},"featured_media":39910,"comment_status":"open","ping_status":"closed","template":"","meta":[],"product_brand":[],"product_cat":[32],"product_tag":[],"class_list":{"0":"post-30681","1":"product","2":"type-product","3":"status-publish","4":"has-post-thumbnail","6":"product_cat-uncategorized-fi","8":"first","9":"instock","10":"shipping-taxable","11":"purchasable","12":"product-type-simple"},"_links":{"self":[{"href":"https:\/\/nordicmart.andreevmaster.com\/fi\/wp-json\/wp\/v2\/product\/30681","targetHints":{"allow":["GET"]}}],"collection":[{"href":"https:\/\/nordicmart.andreevmaster.com\/fi\/wp-json\/wp\/v2\/product"}],"about":[{"href":"https:\/\/nordicmart.andreevmaster.com\/fi\/wp-json\/wp\/v2\/types\/product"}],"replies":[{"embeddable":true,"href":"https:\/\/nordicmart.andreevmaster.com\/fi\/wp-json\/wp\/v2\/comments?post=30681"}],"wp:featuredmedia":[{"embeddable":true,"href":"https:\/\/nordicmart.andreevmaster.com\/fi\/wp-json\/wp\/v2\/media\/39910"}],"wp:attachment":[{"href":"https:\/\/nordicmart.andreevmaster.com\/fi\/wp-json\/wp\/v2\/media?parent=30681"}],"wp:term":[{"taxonomy":"product_brand","embeddable":true,"href":"https:\/\/nordicmart.andreevmaster.com\/fi\/wp-json\/wp\/v2\/product_brand?post=30681"},{"taxonomy":"product_cat","embeddable":true,"href":"https:\/\/nordicmart.andreevmaster.com\/fi\/wp-json\/wp\/v2\/product_cat?post=30681"},{"taxonomy":"product_tag","embeddable":true,"href":"https:\/\/nordicmart.andreevmaster.com\/fi\/wp-json\/wp\/v2\/product_tag?post=30681"}],"curies":[{"name":"wp","href":"https:\/\/api.w.org\/{rel}","templated":true}]}}