{"id":30680,"date":"2026-02-27T00:10:53","date_gmt":"2026-02-27T00:10:53","guid":{"rendered":"https:\/\/nordicmart.andreevmaster.com\/product\/songmics-parvekekalustesetti-poydalla-ja-2-tuolilla-kamelinruskea\/"},"modified":"2026-02-27T09:34:17","modified_gmt":"2026-02-27T09:34:17","slug":"songmics-parvekekalustesetti-poydalla-ja-2-tuolilla-kamelinruskea","status":"publish","type":"product","link":"https:\/\/nordicmart.andreevmaster.com\/fi\/tuote\/songmics-parvekekalustesetti-poydalla-ja-2-tuolilla-kamelinruskea\/","title":{"rendered":"SONGMICS parvekekalustesetti p\u00f6yd\u00e4ll\u00e4 ja 2 tuolilla, kamelinruskea"},"content":{"rendered":"<p>Parvekekalusteet, 3-osainen sarja, puutarhakalusteet, p\u00f6yt\u00e4 ja 2 tuolia, PE-polyrottinki, terassille, puutarhaan, parvekkeelle, musta<br \/>\nV\u00e4ri: kamelinruskea<br \/>\nMateriaali: PE (polyeteeni), jauhemaalattu ter\u00e4s<br \/>\nP\u00f6yd\u00e4n koko: 50 cm (syvyys) x 45 cm (korkeus)<br \/>\nTuolin koko: 68 x 74 x 78 cm (syvyys x leveys x korkeus)<br \/>\nKokonaispaino: 10,3 kg<br \/>\nTuolin maks. staattinen kantavuus: 130 kg<\/p>\n","protected":false},"excerpt":{"rendered":"<p>Parvekekalusteet, 3-osainen sarja, puutarhakalusteet, p\u00f6yt\u00e4 ja 2 tuolia, PE-polyrottinki, terassille, puutarhaan, parvekkeelle, musta<\/p>\n","protected":false},"featured_media":46569,"comment_status":"open","ping_status":"closed","template":"","meta":[],"product_brand":[],"product_cat":[32],"product_tag":[],"class_list":{"0":"post-30680","1":"product","2":"type-product","3":"status-publish","4":"has-post-thumbnail","6":"product_cat-uncategorized-fi","8":"first","9":"instock","10":"shipping-taxable","11":"purchasable","12":"product-type-simple"},"_links":{"self":[{"href":"https:\/\/nordicmart.andreevmaster.com\/fi\/wp-json\/wp\/v2\/product\/30680","targetHints":{"allow":["GET"]}}],"collection":[{"href":"https:\/\/nordicmart.andreevmaster.com\/fi\/wp-json\/wp\/v2\/product"}],"about":[{"href":"https:\/\/nordicmart.andreevmaster.com\/fi\/wp-json\/wp\/v2\/types\/product"}],"replies":[{"embeddable":true,"href":"https:\/\/nordicmart.andreevmaster.com\/fi\/wp-json\/wp\/v2\/comments?post=30680"}],"wp:featuredmedia":[{"embeddable":true,"href":"https:\/\/nordicmart.andreevmaster.com\/fi\/wp-json\/wp\/v2\/media\/46569"}],"wp:attachment":[{"href":"https:\/\/nordicmart.andreevmaster.com\/fi\/wp-json\/wp\/v2\/media?parent=30680"}],"wp:term":[{"taxonomy":"product_brand","embeddable":true,"href":"https:\/\/nordicmart.andreevmaster.com\/fi\/wp-json\/wp\/v2\/product_brand?post=30680"},{"taxonomy":"product_cat","embeddable":true,"href":"https:\/\/nordicmart.andreevmaster.com\/fi\/wp-json\/wp\/v2\/product_cat?post=30680"},{"taxonomy":"product_tag","embeddable":true,"href":"https:\/\/nordicmart.andreevmaster.com\/fi\/wp-json\/wp\/v2\/product_tag?post=30680"}],"curies":[{"name":"wp","href":"https:\/\/api.w.org\/{rel}","templated":true}]}}