{"id":30679,"date":"2026-02-27T00:10:53","date_gmt":"2026-02-27T00:10:53","guid":{"rendered":"https:\/\/nordicmart.andreevmaster.com\/product\/songmics-parvekekalusteet-3-osainen-sarja-puutarhakalusteet-poyta-ja-2-tuolia-pe-polyrottinki\/"},"modified":"2026-02-27T09:34:17","modified_gmt":"2026-02-27T09:34:17","slug":"songmics-parvekekalusteet-3-osainen-sarja-puutarhakalusteet-poyta-ja-2-tuolia-pe-polyrottinki","status":"publish","type":"product","link":"https:\/\/nordicmart.andreevmaster.com\/fi\/tuote\/songmics-parvekekalusteet-3-osainen-sarja-puutarhakalusteet-poyta-ja-2-tuolia-pe-polyrottinki\/","title":{"rendered":"SONGMICS Parvekekalusteet 3-osainen sarja, puutarhakalusteet, p\u00f6yt\u00e4 ja 2 tuolia, PE-polyrottinki"},"content":{"rendered":"<p>Parvekekalusteet, 3-osainen sarja, puutarhakalusteet, p\u00f6yt\u00e4 ja 2 tuolia, PE-polyrottinki, terassille, puutarhaan, parvekkeelle, musta<br \/>\nTuotetiedot:<br \/>\n&#8211; V\u00e4ri: musta<br \/>\n&#8211; Materiaali: PE (polyeteeni), jauhemaalattu ter\u00e4s<br \/>\n&#8211; P\u00f6yd\u00e4n koko: 50 cm (halkaisija) x 45 cm (korkeus)<br \/>\n&#8211; Tuolin koko: 68 x 74 x 78 cm (S x L x K)<br \/>\n&#8211; Kokonaispaino: 10,3 kg<br \/>\n&#8211; Tuolin maks. staattinen kantavuus: 130 kg<\/p>\n<p>Toimitus sis\u00e4lt\u00e4\u00e4:<br \/>\n&#8211; 2 x tuoli<br \/>\n&#8211; 1 x sivup\u00f6yt\u00e4<br \/>\n&#8211; 1 x lis\u00e4varustepaketti<br \/>\n&#8211; 1 x ohjeet<\/p>\n<p>Huomautukset:<br \/>\n&#8211; Jotta puutarhakalusteet kest\u00e4v\u00e4t pitk\u00e4\u00e4n, on suositeltavaa peitt\u00e4\u00e4 ne huonolla s\u00e4\u00e4ll\u00e4 tai talvella.<br \/>\n&#8211; \u00c4l\u00e4 ylit\u00e4 t\u00e4m\u00e4n parvekekaluston enimm\u00e4ispainoa.<\/p>\n","protected":false},"excerpt":{"rendered":"<p>Parvekekalusteet, 3-osainen sarja, puutarhakalusteet, p\u00f6yt\u00e4 ja 2 tuolia, PE-polyrottinki, terassille, puutarhaan, parvekkeelle, musta<\/p>\n","protected":false},"featured_media":39909,"comment_status":"open","ping_status":"closed","template":"","meta":[],"product_brand":[],"product_cat":[32],"product_tag":[],"class_list":{"0":"post-30679","1":"product","2":"type-product","3":"status-publish","4":"has-post-thumbnail","6":"product_cat-uncategorized-fi","8":"first","9":"instock","10":"shipping-taxable","11":"purchasable","12":"product-type-simple"},"_links":{"self":[{"href":"https:\/\/nordicmart.andreevmaster.com\/fi\/wp-json\/wp\/v2\/product\/30679","targetHints":{"allow":["GET"]}}],"collection":[{"href":"https:\/\/nordicmart.andreevmaster.com\/fi\/wp-json\/wp\/v2\/product"}],"about":[{"href":"https:\/\/nordicmart.andreevmaster.com\/fi\/wp-json\/wp\/v2\/types\/product"}],"replies":[{"embeddable":true,"href":"https:\/\/nordicmart.andreevmaster.com\/fi\/wp-json\/wp\/v2\/comments?post=30679"}],"wp:featuredmedia":[{"embeddable":true,"href":"https:\/\/nordicmart.andreevmaster.com\/fi\/wp-json\/wp\/v2\/media\/39909"}],"wp:attachment":[{"href":"https:\/\/nordicmart.andreevmaster.com\/fi\/wp-json\/wp\/v2\/media?parent=30679"}],"wp:term":[{"taxonomy":"product_brand","embeddable":true,"href":"https:\/\/nordicmart.andreevmaster.com\/fi\/wp-json\/wp\/v2\/product_brand?post=30679"},{"taxonomy":"product_cat","embeddable":true,"href":"https:\/\/nordicmart.andreevmaster.com\/fi\/wp-json\/wp\/v2\/product_cat?post=30679"},{"taxonomy":"product_tag","embeddable":true,"href":"https:\/\/nordicmart.andreevmaster.com\/fi\/wp-json\/wp\/v2\/product_tag?post=30679"}],"curies":[{"name":"wp","href":"https:\/\/api.w.org\/{rel}","templated":true}]}}