{"id":30677,"date":"2026-02-27T00:10:52","date_gmt":"2026-02-27T00:10:52","guid":{"rendered":"https:\/\/nordicmart.andreevmaster.com\/product\/songmics-parvekekalusteet-3-kpl-puutarhakalusteet-2-tuolia\/"},"modified":"2026-02-27T09:34:17","modified_gmt":"2026-02-27T09:34:17","slug":"songmics-parvekekalusteet-3-kpl-puutarhakalusteet-2-tuolia","status":"publish","type":"product","link":"https:\/\/nordicmart.andreevmaster.com\/fi\/tuote\/songmics-parvekekalusteet-3-kpl-puutarhakalusteet-2-tuolia\/","title":{"rendered":"SONGMICS parvekekalusteet 3 kpl, puutarhakalusteet, 2 tuolia"},"content":{"rendered":"<p>Rauhallinen pakopaikka: rentoudu kes\u00e4ll\u00e4 uima-altaalla ja p\u00e4\u00e4t\u00e4 p\u00e4iv\u00e4 eritt\u00e4in mukavilla Acapulco-tuoleillamme. Ergonominen muotoilu tarjoaa mukavan istuimen, joten voit nojata taaksep\u00e4in ja nauttia rennosti lasillisen viile\u00e4\u00e4 viini\u00e4. Lasin voit asettaa sivup\u00f6yd\u00e4lle. Tuo lomailmapiiri jokaiseen huoneeseen: Moderni estetiikka luo meksikolaisen loma-ilmapiirin parvekkeille, terasseille ja sis\u00e4pihoille. Rentoudu ulkona t\u00e4ll\u00e4 Acapulco-tuolisarjalla ja nauti raikkaasta tuulesta tai k\u00e4yt\u00e4 sit\u00e4 sis\u00e4tiloissa. Tietenkin se sopii my\u00f6s sinne! T\u00e4m\u00e4 istuinryhm\u00e4 muuttaa pienen tilan hetkess\u00e4 mukavaksi oleskelupaikaksi. Tuotetiedot:V\u00e4ri: musta Materiaali: jauhemaalattu ter\u00e4s, PE (polyeteeni), kova lasi P\u00f6yd\u00e4n koko: 50,5 x 52 cm (\u00d8 x K) Tuolin koko: 64 x 65 x 77 cm (P x L x K) P\u00f6yd\u00e4n paino: 4,2 kg Tuolin paino: 4,4 kg Tuolin maks. staattinen kantavuus: 130 kg P\u00f6yd\u00e4n pinnan maksimaalinen staattinen kantavuus: 60 kg Toimitus sis\u00e4lt\u00e4\u00e4: 2 x tuoli 1 x p\u00f6yt\u00e4 1 x lis\u00e4varustepaketti 1 x ohjeet SONGMICS-huomautukset: Suosittelemme peitt\u00e4m\u00e4\u00e4n t\u00e4m\u00e4n huonekalusetin huonolla s\u00e4\u00e4ll\u00e4 tai talvella. N\u00e4in pidenn\u00e4t sen k\u00e4ytt\u00f6ik\u00e4\u00e4. Turvallisen k\u00e4yt\u00f6n varmistamiseksi enimm\u00e4iskantavuutta ei saa ylitt\u00e4\u00e4.<\/p>\n","protected":false},"excerpt":{"rendered":"<p>Parvekekalusteet, 3-osainen sarja, puutarhakalusteet, 2 tuolia, terassikalusteet, lasinen p\u00f6yt\u00e4levy, sis\u00e4- ja ulkok\u00e4ytt\u00f6\u00f6n, terassi, puutarha, parveke, musta<\/p>\n","protected":false},"featured_media":39907,"comment_status":"open","ping_status":"closed","template":"","meta":[],"product_brand":[],"product_cat":[32],"product_tag":[],"class_list":{"0":"post-30677","1":"product","2":"type-product","3":"status-publish","4":"has-post-thumbnail","6":"product_cat-uncategorized-fi","8":"first","9":"instock","10":"shipping-taxable","11":"purchasable","12":"product-type-simple"},"_links":{"self":[{"href":"https:\/\/nordicmart.andreevmaster.com\/fi\/wp-json\/wp\/v2\/product\/30677","targetHints":{"allow":["GET"]}}],"collection":[{"href":"https:\/\/nordicmart.andreevmaster.com\/fi\/wp-json\/wp\/v2\/product"}],"about":[{"href":"https:\/\/nordicmart.andreevmaster.com\/fi\/wp-json\/wp\/v2\/types\/product"}],"replies":[{"embeddable":true,"href":"https:\/\/nordicmart.andreevmaster.com\/fi\/wp-json\/wp\/v2\/comments?post=30677"}],"wp:featuredmedia":[{"embeddable":true,"href":"https:\/\/nordicmart.andreevmaster.com\/fi\/wp-json\/wp\/v2\/media\/39907"}],"wp:attachment":[{"href":"https:\/\/nordicmart.andreevmaster.com\/fi\/wp-json\/wp\/v2\/media?parent=30677"}],"wp:term":[{"taxonomy":"product_brand","embeddable":true,"href":"https:\/\/nordicmart.andreevmaster.com\/fi\/wp-json\/wp\/v2\/product_brand?post=30677"},{"taxonomy":"product_cat","embeddable":true,"href":"https:\/\/nordicmart.andreevmaster.com\/fi\/wp-json\/wp\/v2\/product_cat?post=30677"},{"taxonomy":"product_tag","embeddable":true,"href":"https:\/\/nordicmart.andreevmaster.com\/fi\/wp-json\/wp\/v2\/product_tag?post=30677"}],"curies":[{"name":"wp","href":"https:\/\/api.w.org\/{rel}","templated":true}]}}