{"id":30676,"date":"2026-02-27T00:10:52","date_gmt":"2026-02-27T00:10:52","guid":{"rendered":"https:\/\/nordicmart.andreevmaster.com\/product\/songmics-puutarhakalustesetti-pe-polyrottinkia-parvekekalusteet\/"},"modified":"2026-02-27T09:34:17","modified_gmt":"2026-02-27T09:34:17","slug":"songmics-puutarhakalustesetti-pe-polyrottinkia-parvekekalusteet","status":"publish","type":"product","link":"https:\/\/nordicmart.andreevmaster.com\/fi\/tuote\/songmics-puutarhakalustesetti-pe-polyrottinkia-parvekekalusteet\/","title":{"rendered":"SONGMICS puutarhakalustesetti, PE-polyrottinkia, parvekekalusteet"},"content":{"rendered":"<p>Kudottu kauneus: PE-polyrottinki ei vain anna n\u00e4ille huonekaluille erityist\u00e4 charmia, vaan tuo my\u00f6s luonnetta ja vieh\u00e4tysvoimaa puutarhaanne. Hauskaa ulkona: Lounas puutarhassa? Kahvitauko terassilla? T\u00e4m\u00e4 parvekekalustesetti toteuttaa kaikki suunnitelmanne. K\u00e4yt\u00e4 sit\u00e4 jokaisena kauniina kes\u00e4p\u00e4iv\u00e4n\u00e4 katsellaksesi auringonlaskua yhdess\u00e4 puolisosi kanssa! Onko kauniimpaa tapaa p\u00e4\u00e4tt\u00e4\u00e4 p\u00e4iv\u00e4? Tai aseta p\u00f6yt\u00e4 uima-altaasi viereen juomien nauttimista varten. Sopii my\u00f6s sis\u00e4tiloihin: Voit tietysti k\u00e4ytt\u00e4\u00e4 t\u00e4t\u00e4 huonekalusarjaa my\u00f6s sis\u00e4tiloissa. Aseta se olohuoneesi nurkkaan nauttiaksesi siell\u00e4 v\u00e4lipaloja. Lis\u00e4ksi n\u00e4m\u00e4 tuolit tarjoavat lis\u00e4istumapaikkoja, kun yst\u00e4v\u00e4si tulevat vierailulle. Tuotetiedot: V\u00e4ri: musta Huonekalujen materiaali: PE (polyeteeni), jauhemaalattu ter\u00e4s, karkaistu lasi Tyynyjen materiaali: VFT-pehmuste (Vertical Fibre Technology), polyesterikangas Koko per tuoli: 53 x 57,5 x 76 cm (P x L x K) P\u00f6yd\u00e4n koko: 42 x 40 x 39 cm (P x L x K) Kokonaispaino: 17,1 kg Tuolin maks. staattinen kantavuus: 150 kg P\u00f6yd\u00e4n maks. staattinen kantavuus: 30 kg SONGMICS-ohjeet: Suosittelemme peitt\u00e4m\u00e4\u00e4n t\u00e4m\u00e4n huonekalusarjan huonolla s\u00e4\u00e4ll\u00e4 tai talvella. N\u00e4in pidenn\u00e4t sen k\u00e4ytt\u00f6ik\u00e4\u00e4. Puhdista n\u00e4m\u00e4 tuotteet vain kostealla liinalla. Turvallisen k\u00e4yt\u00f6n varmistamiseksi enimm\u00e4iskuormitusta ei saa ylitt\u00e4\u00e4.<\/p>\n","protected":false},"excerpt":{"rendered":"<p>Puutarhakalustesetti, PE-polyrottingia, parvekekalusteet, oleskelusetti, p\u00f6yt\u00e4 ja 2 tuolia, terassikalusteet, helppo asentaa, ulkok\u00e4ytt\u00f6\u00f6n, musta<\/p>\n","protected":false},"featured_media":39906,"comment_status":"open","ping_status":"closed","template":"","meta":[],"product_brand":[],"product_cat":[32],"product_tag":[],"class_list":{"0":"post-30676","1":"product","2":"type-product","3":"status-publish","4":"has-post-thumbnail","6":"product_cat-uncategorized-fi","8":"first","9":"instock","10":"shipping-taxable","11":"purchasable","12":"product-type-simple"},"_links":{"self":[{"href":"https:\/\/nordicmart.andreevmaster.com\/fi\/wp-json\/wp\/v2\/product\/30676","targetHints":{"allow":["GET"]}}],"collection":[{"href":"https:\/\/nordicmart.andreevmaster.com\/fi\/wp-json\/wp\/v2\/product"}],"about":[{"href":"https:\/\/nordicmart.andreevmaster.com\/fi\/wp-json\/wp\/v2\/types\/product"}],"replies":[{"embeddable":true,"href":"https:\/\/nordicmart.andreevmaster.com\/fi\/wp-json\/wp\/v2\/comments?post=30676"}],"wp:featuredmedia":[{"embeddable":true,"href":"https:\/\/nordicmart.andreevmaster.com\/fi\/wp-json\/wp\/v2\/media\/39906"}],"wp:attachment":[{"href":"https:\/\/nordicmart.andreevmaster.com\/fi\/wp-json\/wp\/v2\/media?parent=30676"}],"wp:term":[{"taxonomy":"product_brand","embeddable":true,"href":"https:\/\/nordicmart.andreevmaster.com\/fi\/wp-json\/wp\/v2\/product_brand?post=30676"},{"taxonomy":"product_cat","embeddable":true,"href":"https:\/\/nordicmart.andreevmaster.com\/fi\/wp-json\/wp\/v2\/product_cat?post=30676"},{"taxonomy":"product_tag","embeddable":true,"href":"https:\/\/nordicmart.andreevmaster.com\/fi\/wp-json\/wp\/v2\/product_tag?post=30676"}],"curies":[{"name":"wp","href":"https:\/\/api.w.org\/{rel}","templated":true}]}}