{"id":30668,"date":"2026-02-27T00:10:50","date_gmt":"2026-02-27T00:10:50","guid":{"rendered":"https:\/\/nordicmart.andreevmaster.com\/product\/songmics-puutarhakalustesetti-4-tuolia-ja-poyta\/"},"modified":"2026-02-27T09:34:16","modified_gmt":"2026-02-27T09:34:16","slug":"songmics-puutarhakalustesetti-4-tuolia-ja-poyta","status":"publish","type":"product","link":"https:\/\/nordicmart.andreevmaster.com\/fi\/tuote\/songmics-puutarhakalustesetti-4-tuolia-ja-poyta\/","title":{"rendered":"SONGMICS puutarhakalustesetti, 4 tuolia ja p\u00f6yt\u00e4"},"content":{"rendered":"<p>SONGMICS puutarhakalusteet, puutarhakalustesetti, 4 tuolia ja p\u00f6yt\u00e4, 4+1 parvekekalusteet, terassikalusteet, ulkok\u00e4ytt\u00f6\u00f6n, terassille, parvekkeelle, puutarhaan<br \/>\nV\u00e4ri: antrasiitinharmaa-mustanmusta<br \/>\nMateriaali: ter\u00e4s, synteettinen kuitukangas, puu-muovi-komposiitti<br \/>\nKoko per tuoli: 66 x 56 x 82 cm (S x L x K)<br \/>\nP\u00f6yd\u00e4n koko: 88 x 88 x 70 cm (S x L x K)<br \/>\nKokonaispaino: 33,9 kg<br \/>\nTuolin maks. staattinen kantavuus: 135 kg<br \/>\nP\u00f6yd\u00e4n maks. staattinen kantavuus: 90 kg<\/p>\n","protected":false},"excerpt":{"rendered":"<p>SONGMICS puutarhakalusteet, puutarhakalustesetti, 4 tuolia ja p\u00f6yt\u00e4, 4+1 parvekekalusteet, terassikalusteet, ulkok\u00e4ytt\u00f6\u00f6n, terassille, parvekkeelle, puutarhaan<\/p>\n","protected":false},"featured_media":39898,"comment_status":"open","ping_status":"closed","template":"","meta":[],"product_brand":[],"product_cat":[32],"product_tag":[],"class_list":{"0":"post-30668","1":"product","2":"type-product","3":"status-publish","4":"has-post-thumbnail","6":"product_cat-uncategorized-fi","8":"first","9":"instock","10":"shipping-taxable","11":"purchasable","12":"product-type-simple"},"_links":{"self":[{"href":"https:\/\/nordicmart.andreevmaster.com\/fi\/wp-json\/wp\/v2\/product\/30668","targetHints":{"allow":["GET"]}}],"collection":[{"href":"https:\/\/nordicmart.andreevmaster.com\/fi\/wp-json\/wp\/v2\/product"}],"about":[{"href":"https:\/\/nordicmart.andreevmaster.com\/fi\/wp-json\/wp\/v2\/types\/product"}],"replies":[{"embeddable":true,"href":"https:\/\/nordicmart.andreevmaster.com\/fi\/wp-json\/wp\/v2\/comments?post=30668"}],"wp:featuredmedia":[{"embeddable":true,"href":"https:\/\/nordicmart.andreevmaster.com\/fi\/wp-json\/wp\/v2\/media\/39898"}],"wp:attachment":[{"href":"https:\/\/nordicmart.andreevmaster.com\/fi\/wp-json\/wp\/v2\/media?parent=30668"}],"wp:term":[{"taxonomy":"product_brand","embeddable":true,"href":"https:\/\/nordicmart.andreevmaster.com\/fi\/wp-json\/wp\/v2\/product_brand?post=30668"},{"taxonomy":"product_cat","embeddable":true,"href":"https:\/\/nordicmart.andreevmaster.com\/fi\/wp-json\/wp\/v2\/product_cat?post=30668"},{"taxonomy":"product_tag","embeddable":true,"href":"https:\/\/nordicmart.andreevmaster.com\/fi\/wp-json\/wp\/v2\/product_tag?post=30668"}],"curies":[{"name":"wp","href":"https:\/\/api.w.org\/{rel}","templated":true}]}}