{"id":30667,"date":"2026-02-27T00:10:50","date_gmt":"2026-02-27T00:10:50","guid":{"rendered":"https:\/\/nordicmart.andreevmaster.com\/product\/songmics-puutarhakalusteet-savuharmaa-valkoinen\/"},"modified":"2026-02-27T09:34:15","modified_gmt":"2026-02-27T09:34:15","slug":"songmics-puutarhakalusteet-savuharmaa-valkoinen","status":"publish","type":"product","link":"https:\/\/nordicmart.andreevmaster.com\/fi\/tuote\/songmics-puutarhakalusteet-savuharmaa-valkoinen\/","title":{"rendered":"SONGMICS puutarhakalusteet savuharmaa-valkoinen"},"content":{"rendered":"<p>K\u00e4yt\u00e4 t\u00e4t\u00e4 SONGMICS-puutarhakalustesarjaa jokaisena kauniina kes\u00e4p\u00e4iv\u00e4n\u00e4 katsellaksesi auringonlaskua yhdess\u00e4 puolisosi kanssa! Onko kauniimpaa tapaa p\u00e4\u00e4tt\u00e4\u00e4 p\u00e4iv\u00e4? Tee olosi mukavaksi Sano hyv\u00e4stit kapeille, ep\u00e4mukaville tuoleille ja hauraille p\u00f6ydille! N\u00e4iss\u00e4 puutarhatuoleissa on suuri istuinpinta ja mukavat istuintyynyt. Koko sarja on lis\u00e4ksi tuettu tukevalla jauhemaalatulla rautarakenteella. Puhdista, poista, vaihda Tyynyjen p\u00e4\u00e4llinen on valmistettu vedenkest\u00e4v\u00e4st\u00e4 polyesterist\u00e4, joka on helppo puhdistaa kostealla liinalla. Voit my\u00f6s avata p\u00e4\u00e4llisen ja pest\u00e4 sen pesukoneessa tai vaihtaa sen kokonaan toiseen kankaaseen. Tuotetiedot: &#8211; V\u00e4ri: savuharmaa-valkoinen &#8211; Materiaali: jauhemaalatusta raudasta valmistettu runko, p\u00f6yt\u00e4levy, istuin ja selk\u00e4noja HDPE-muovia, VFT-pehmuste (Vertical Fibre Technology), vedenkest\u00e4v\u00e4 polyesterikangas &#8211; Tuolin koko: 62,5 x 64 x 78 cm (P x L x K) &#8211; P\u00f6yd\u00e4n koko: 52 x 48 x 39 cm (P x L x K) &#8211; Tyynyn koko: 52 x 52 x 4 cm (P x L x K) &#8211; Paino: 23,5 kg &#8211; Tuolin maks. staattinen kantavuus: 150 kg &#8211; P\u00f6yd\u00e4n maks. staattinen kantavuus: 60 kg Toimitus sis\u00e4lt\u00e4\u00e4: &#8211; 2 x puutarhatuoli &#8211; 1 x puutarhap\u00f6yt\u00e4 &#8211; 2 x tyyny &#8211; 1 x lis\u00e4varustepaketti &#8211; 1 x ohjeet (DE, EN, IT, FR, ES) SONGMICS Huomautukset:- Lasten on k\u00e4ytett\u00e4v\u00e4 tuotetta aikuisen valvonnassa mahdollisten loukkaantumisten v\u00e4ltt\u00e4miseksi. &#8211; Pid\u00e4 tuote poissa l\u00e4mm\u00f6nl\u00e4hteist\u00e4.<\/p>\n","protected":false},"excerpt":{"rendered":"<p>SONGMICS puutarhakalusteet, 3-osainen sarja, 2 puutarhatuolia, 1 puutarhap\u00f6yt\u00e4, 2 irrotettavaa tyyny\u00e4, terassille, puutarhaan, parvekkeelle, rauta, musta GGF03BK<\/p>\n","protected":false},"featured_media":39897,"comment_status":"open","ping_status":"closed","template":"","meta":[],"product_brand":[],"product_cat":[32],"product_tag":[],"class_list":{"0":"post-30667","1":"product","2":"type-product","3":"status-publish","4":"has-post-thumbnail","6":"product_cat-uncategorized-fi","8":"first","9":"instock","10":"shipping-taxable","11":"purchasable","12":"product-type-simple"},"_links":{"self":[{"href":"https:\/\/nordicmart.andreevmaster.com\/fi\/wp-json\/wp\/v2\/product\/30667","targetHints":{"allow":["GET"]}}],"collection":[{"href":"https:\/\/nordicmart.andreevmaster.com\/fi\/wp-json\/wp\/v2\/product"}],"about":[{"href":"https:\/\/nordicmart.andreevmaster.com\/fi\/wp-json\/wp\/v2\/types\/product"}],"replies":[{"embeddable":true,"href":"https:\/\/nordicmart.andreevmaster.com\/fi\/wp-json\/wp\/v2\/comments?post=30667"}],"wp:featuredmedia":[{"embeddable":true,"href":"https:\/\/nordicmart.andreevmaster.com\/fi\/wp-json\/wp\/v2\/media\/39897"}],"wp:attachment":[{"href":"https:\/\/nordicmart.andreevmaster.com\/fi\/wp-json\/wp\/v2\/media?parent=30667"}],"wp:term":[{"taxonomy":"product_brand","embeddable":true,"href":"https:\/\/nordicmart.andreevmaster.com\/fi\/wp-json\/wp\/v2\/product_brand?post=30667"},{"taxonomy":"product_cat","embeddable":true,"href":"https:\/\/nordicmart.andreevmaster.com\/fi\/wp-json\/wp\/v2\/product_cat?post=30667"},{"taxonomy":"product_tag","embeddable":true,"href":"https:\/\/nordicmart.andreevmaster.com\/fi\/wp-json\/wp\/v2\/product_tag?post=30667"}],"curies":[{"name":"wp","href":"https:\/\/api.w.org\/{rel}","templated":true}]}}