{"id":30664,"date":"2026-02-27T00:10:49","date_gmt":"2026-02-27T00:10:49","guid":{"rendered":"https:\/\/nordicmart.andreevmaster.com\/product\/songmics-parvekekalusteet-pe-polyrottingista-poyta\/"},"modified":"2026-02-27T09:34:15","modified_gmt":"2026-02-27T09:34:15","slug":"songmics-parvekekalusteet-pe-polyrottingista-poyta","status":"publish","type":"product","link":"https:\/\/nordicmart.andreevmaster.com\/fi\/tuote\/songmics-parvekekalusteet-pe-polyrottingista-poyta\/","title":{"rendered":"SONGMICS parvekekalusteet PE-polyrottingista, p\u00f6yt\u00e4"},"content":{"rendered":"<p>SONGMICS puutarhakalusteet, parvekekalusteet PE-polyrottingista, puutarhapenkki, p\u00f6yt\u00e4, sohva, terassikalusteet, ulkok\u00e4ytt\u00f6\u00f6n, tyynyill\u00e4, terassille, puutarhaan, parvekkeelle<br \/>\nV\u00e4ri: musta-taupe<br \/>\nMateriaali: ter\u00e4s, PE (polyeteeni), polyesteri, vaahtomuovipehmuste, karkaistu lasi<br \/>\nKoko: 65 x 131 x 84 cm (S x L x K)<br \/>\nPaino: 13 kg<br \/>\nMaks. staattinen kantavuus per istuin: 130 kg<\/p>\n","protected":false},"excerpt":{"rendered":"<p>SONGMICS puutarhakalusteet, parvekekalusteet PE-polyrottingista, puutarhapenkki, p\u00f6yt\u00e4, sohva, terassikalusteet, ulkok\u00e4ytt\u00f6\u00f6n, tyynyill\u00e4, terassille, puutarhaan, parvekkeelle<\/p>\n","protected":false},"featured_media":39895,"comment_status":"open","ping_status":"closed","template":"","meta":[],"product_brand":[],"product_cat":[32],"product_tag":[],"class_list":{"0":"post-30664","1":"product","2":"type-product","3":"status-publish","4":"has-post-thumbnail","6":"product_cat-uncategorized-fi","8":"first","9":"instock","10":"shipping-taxable","11":"purchasable","12":"product-type-simple"},"_links":{"self":[{"href":"https:\/\/nordicmart.andreevmaster.com\/fi\/wp-json\/wp\/v2\/product\/30664","targetHints":{"allow":["GET"]}}],"collection":[{"href":"https:\/\/nordicmart.andreevmaster.com\/fi\/wp-json\/wp\/v2\/product"}],"about":[{"href":"https:\/\/nordicmart.andreevmaster.com\/fi\/wp-json\/wp\/v2\/types\/product"}],"replies":[{"embeddable":true,"href":"https:\/\/nordicmart.andreevmaster.com\/fi\/wp-json\/wp\/v2\/comments?post=30664"}],"wp:featuredmedia":[{"embeddable":true,"href":"https:\/\/nordicmart.andreevmaster.com\/fi\/wp-json\/wp\/v2\/media\/39895"}],"wp:attachment":[{"href":"https:\/\/nordicmart.andreevmaster.com\/fi\/wp-json\/wp\/v2\/media?parent=30664"}],"wp:term":[{"taxonomy":"product_brand","embeddable":true,"href":"https:\/\/nordicmart.andreevmaster.com\/fi\/wp-json\/wp\/v2\/product_brand?post=30664"},{"taxonomy":"product_cat","embeddable":true,"href":"https:\/\/nordicmart.andreevmaster.com\/fi\/wp-json\/wp\/v2\/product_cat?post=30664"},{"taxonomy":"product_tag","embeddable":true,"href":"https:\/\/nordicmart.andreevmaster.com\/fi\/wp-json\/wp\/v2\/product_tag?post=30664"}],"curies":[{"name":"wp","href":"https:\/\/api.w.org\/{rel}","templated":true}]}}