{"id":30660,"date":"2026-02-27T00:10:48","date_gmt":"2026-02-27T00:10:48","guid":{"rendered":"https:\/\/nordicmart.andreevmaster.com\/product\/songmics-parvekekalusteet-3-osainen-sarja-poyta-ja-2-tuolia-musta\/"},"modified":"2026-02-27T09:34:14","modified_gmt":"2026-02-27T09:34:14","slug":"songmics-parvekekalusteet-3-osainen-sarja-poyta-ja-2-tuolia-musta","status":"publish","type":"product","link":"https:\/\/nordicmart.andreevmaster.com\/fi\/tuote\/songmics-parvekekalusteet-3-osainen-sarja-poyta-ja-2-tuolia-musta\/","title":{"rendered":"SONGMICS parvekekalusteet, 3-osainen sarja, p\u00f6yt\u00e4 ja 2 tuolia, musta"},"content":{"rendered":"<p>SONGMICS parvekekalusteet, 3-osainen sarja, puutarhakalustesarja, PE-polyrottingia, ulkok\u00e4ytt\u00f6\u00f6n, p\u00f6yt\u00e4, 2 tuolia, terassille, puutarhaan, parvekkeelle<br \/>\nV\u00e4ri: musta<br \/>\nMateriaali: PE (polyeteeni), jauhemaalattu ter\u00e4s<br \/>\nP\u00f6yd\u00e4n koko: 50 x 45 cm (\u00d8 x K)<br \/>\nTuolin koko: 68 x 74 x 78 cm (S x L x K)<br \/>\nKokonaispaino: 10,3 kg<br \/>\nTuolin maks. staattinen kantavuus: 130 kg<\/p>\n","protected":false},"excerpt":{"rendered":"<p>SONGMICS parvekekalusteet, 3-osainen sarja, puutarhakalustesarja, PE-polyrottingia, ulkok\u00e4ytt\u00f6\u00f6n, p\u00f6yt\u00e4, 2 tuolia, terassille, puutarhaan, parvekkeelle<\/p>\n","protected":false},"featured_media":39891,"comment_status":"open","ping_status":"closed","template":"","meta":[],"product_brand":[],"product_cat":[32],"product_tag":[],"class_list":{"0":"post-30660","1":"product","2":"type-product","3":"status-publish","4":"has-post-thumbnail","6":"product_cat-uncategorized-fi","8":"first","9":"instock","10":"shipping-taxable","11":"purchasable","12":"product-type-simple"},"_links":{"self":[{"href":"https:\/\/nordicmart.andreevmaster.com\/fi\/wp-json\/wp\/v2\/product\/30660","targetHints":{"allow":["GET"]}}],"collection":[{"href":"https:\/\/nordicmart.andreevmaster.com\/fi\/wp-json\/wp\/v2\/product"}],"about":[{"href":"https:\/\/nordicmart.andreevmaster.com\/fi\/wp-json\/wp\/v2\/types\/product"}],"replies":[{"embeddable":true,"href":"https:\/\/nordicmart.andreevmaster.com\/fi\/wp-json\/wp\/v2\/comments?post=30660"}],"wp:featuredmedia":[{"embeddable":true,"href":"https:\/\/nordicmart.andreevmaster.com\/fi\/wp-json\/wp\/v2\/media\/39891"}],"wp:attachment":[{"href":"https:\/\/nordicmart.andreevmaster.com\/fi\/wp-json\/wp\/v2\/media?parent=30660"}],"wp:term":[{"taxonomy":"product_brand","embeddable":true,"href":"https:\/\/nordicmart.andreevmaster.com\/fi\/wp-json\/wp\/v2\/product_brand?post=30660"},{"taxonomy":"product_cat","embeddable":true,"href":"https:\/\/nordicmart.andreevmaster.com\/fi\/wp-json\/wp\/v2\/product_cat?post=30660"},{"taxonomy":"product_tag","embeddable":true,"href":"https:\/\/nordicmart.andreevmaster.com\/fi\/wp-json\/wp\/v2\/product_tag?post=30660"}],"curies":[{"name":"wp","href":"https:\/\/api.w.org\/{rel}","templated":true}]}}