{"id":30659,"date":"2026-02-27T00:10:48","date_gmt":"2026-02-27T00:10:48","guid":{"rendered":"https:\/\/nordicmart.andreevmaster.com\/product\/songmics-puutarhakalusteet-3-osainen-sarja\/"},"modified":"2026-02-27T09:34:14","modified_gmt":"2026-02-27T09:34:14","slug":"songmics-puutarhakalusteet-3-osainen-sarja","status":"publish","type":"product","link":"https:\/\/nordicmart.andreevmaster.com\/fi\/tuote\/songmics-puutarhakalusteet-3-osainen-sarja\/","title":{"rendered":"SONGMICS puutarhakalusteet, 3-osainen sarja"},"content":{"rendered":"<p>Tuotetiedot: V\u00e4ri: valkoinen Materiaali: jauhemaalattu ter\u00e4s, PE (polyeteeni), karkaistu lasi P\u00f6yd\u00e4n koko: 50,5 x 52 cm (\u00d8 x K) Tuolin koko: 64 x 65 x 77 cm (P x L x K)P\u00f6yd\u00e4n paino: 4,2 kgTuolin paino: 4,4 kgTuolin maks. staattinen kantavuus: 130 kgP\u00f6yd\u00e4n pinnan maks. staattinen kantavuus: 60 kgToimitus sis\u00e4lt\u00e4\u00e4:2 x tuoli1 x p\u00f6yt\u00e41 x lis\u00e4varustepaketti1 x ohjeetSONGMICS Huomautukset:Suosittelemme peitt\u00e4m\u00e4\u00e4n t\u00e4m\u00e4n huonekalusetin huonolla s\u00e4\u00e4ll\u00e4 tai talvella. N\u00e4in pidenn\u00e4t sen k\u00e4ytt\u00f6ik\u00e4\u00e4. Turvallisen k\u00e4yt\u00f6n varmistamiseksi enimm\u00e4iskuormitusta ei saa ylitt\u00e4\u00e4.<\/p>\n","protected":false},"excerpt":{"rendered":"<p>SONGMICS parvekekalusteet, puutarhakalustesetti, 3-osainen Acapulco-setti, istuinryhm\u00e4, terassikalusteet, lasinen p\u00f6yt\u00e4levy, 2 tuolia, sis\u00e4- ja ulkok\u00e4ytt\u00f6\u00f6n, terassille, puutarhaan, parvekkeelle, ulkok\u00e4ytt\u00f6\u00f6n, musta GGF013B02<\/p>\n","protected":false},"featured_media":39890,"comment_status":"open","ping_status":"closed","template":"","meta":[],"product_brand":[],"product_cat":[32],"product_tag":[],"class_list":{"0":"post-30659","1":"product","2":"type-product","3":"status-publish","4":"has-post-thumbnail","6":"product_cat-uncategorized-fi","8":"first","9":"instock","10":"shipping-taxable","11":"purchasable","12":"product-type-simple"},"_links":{"self":[{"href":"https:\/\/nordicmart.andreevmaster.com\/fi\/wp-json\/wp\/v2\/product\/30659","targetHints":{"allow":["GET"]}}],"collection":[{"href":"https:\/\/nordicmart.andreevmaster.com\/fi\/wp-json\/wp\/v2\/product"}],"about":[{"href":"https:\/\/nordicmart.andreevmaster.com\/fi\/wp-json\/wp\/v2\/types\/product"}],"replies":[{"embeddable":true,"href":"https:\/\/nordicmart.andreevmaster.com\/fi\/wp-json\/wp\/v2\/comments?post=30659"}],"wp:featuredmedia":[{"embeddable":true,"href":"https:\/\/nordicmart.andreevmaster.com\/fi\/wp-json\/wp\/v2\/media\/39890"}],"wp:attachment":[{"href":"https:\/\/nordicmart.andreevmaster.com\/fi\/wp-json\/wp\/v2\/media?parent=30659"}],"wp:term":[{"taxonomy":"product_brand","embeddable":true,"href":"https:\/\/nordicmart.andreevmaster.com\/fi\/wp-json\/wp\/v2\/product_brand?post=30659"},{"taxonomy":"product_cat","embeddable":true,"href":"https:\/\/nordicmart.andreevmaster.com\/fi\/wp-json\/wp\/v2\/product_cat?post=30659"},{"taxonomy":"product_tag","embeddable":true,"href":"https:\/\/nordicmart.andreevmaster.com\/fi\/wp-json\/wp\/v2\/product_tag?post=30659"}],"curies":[{"name":"wp","href":"https:\/\/api.w.org\/{rel}","templated":true}]}}