{"id":30655,"date":"2026-02-27T00:10:47","date_gmt":"2026-02-27T00:10:47","guid":{"rendered":"https:\/\/nordicmart.andreevmaster.com\/product\/songmics-puutarhakalustesetti-harmaa\/"},"modified":"2026-02-27T09:34:13","modified_gmt":"2026-02-27T09:34:13","slug":"songmics-puutarhakalustesetti-harmaa","status":"publish","type":"product","link":"https:\/\/nordicmart.andreevmaster.com\/fi\/tuote\/songmics-puutarhakalustesetti-harmaa\/","title":{"rendered":"SONGMICS puutarhakalustesetti, harmaa"},"content":{"rendered":"<p>Jos viet\u00e4t vapaa-aikaasi mielell\u00e4si terassilla tai parvekkeella, t\u00e4m\u00e4 huonekalusetti on k\u00e4yt\u00e4nn\u00f6llinen lis\u00e4 ulkokalusteisiisi. N\u00e4iden huonekalujen pinta on vett\u00e4 hylkiv\u00e4 ja helppo puhdistaa. Vakaudella on merkityst\u00e4: halusitpa sitten grillata makkaraa ja juoda olutta terassilla tai asettaa kauniin ruukkukasvin ja kahvikupin parvekkeen p\u00f6yd\u00e4lle, tukevat ter\u00e4sjalat ja kest\u00e4v\u00e4 p\u00f6yt\u00e4levy takaavat n\u00e4iden ulkokalusteiden korkean vakauden.Kun et k\u00e4yt\u00e4 n\u00e4it\u00e4 terassikalusteita, voit taittaa ne kokoon ja s\u00e4ilytt\u00e4\u00e4 ne kellarin tai ullakon nurkassa. Tai laita ne auton tavaratilaan ja ota mukaan retkelle! Tuotetiedot: V\u00e4ri: harmaa Materiaali: PE (polyeteeni), jauhemaalattu ter\u00e4s Tuolin koko: 45 x 45 x 83,5 cm (P x L x K) P\u00f6yd\u00e4n koko: 56 x 56 x 68,5 cm (P x L x K) Kokonaispaino: 13 kg Tuolin maks. staattinen kantavuus: 130 kg P\u00f6yd\u00e4n maks. staattinen kantavuus: 30 kg Toimitus sis\u00e4lt\u00e4\u00e4: 2 x taitettava tuoli 1 x taitettava p\u00f6yt\u00e4 SONGMICS-ohjeet:Suosittelemme peitt\u00e4m\u00e4\u00e4n t\u00e4m\u00e4n huonekalusetin huonolla s\u00e4\u00e4ll\u00e4 tai talvella. N\u00e4in pidenn\u00e4t sen k\u00e4ytt\u00f6ik\u00e4\u00e4. Turvallisen k\u00e4yt\u00f6n varmistamiseksi enimm\u00e4iskuormitusta ei saa ylitt\u00e4\u00e4.<\/p>\n","protected":false},"excerpt":{"rendered":"<p>SONGMICS puutarhakalustesetti, 3-osainen setti, terassikalusteet, parvekekalusteet, taitettava p\u00f6yt\u00e4, taitettavat tuolit, polyrottingia, ter\u00e4srunko, taitettava, ei vaadi kokoonpanoa, ulkok\u00e4ytt\u00f6\u00f6n, harmaa GGF012G01<\/p>\n","protected":false},"featured_media":39886,"comment_status":"open","ping_status":"closed","template":"","meta":[],"product_brand":[],"product_cat":[32],"product_tag":[],"class_list":{"0":"post-30655","1":"product","2":"type-product","3":"status-publish","4":"has-post-thumbnail","6":"product_cat-uncategorized-fi","8":"first","9":"instock","10":"shipping-taxable","11":"purchasable","12":"product-type-simple"},"_links":{"self":[{"href":"https:\/\/nordicmart.andreevmaster.com\/fi\/wp-json\/wp\/v2\/product\/30655","targetHints":{"allow":["GET"]}}],"collection":[{"href":"https:\/\/nordicmart.andreevmaster.com\/fi\/wp-json\/wp\/v2\/product"}],"about":[{"href":"https:\/\/nordicmart.andreevmaster.com\/fi\/wp-json\/wp\/v2\/types\/product"}],"replies":[{"embeddable":true,"href":"https:\/\/nordicmart.andreevmaster.com\/fi\/wp-json\/wp\/v2\/comments?post=30655"}],"wp:featuredmedia":[{"embeddable":true,"href":"https:\/\/nordicmart.andreevmaster.com\/fi\/wp-json\/wp\/v2\/media\/39886"}],"wp:attachment":[{"href":"https:\/\/nordicmart.andreevmaster.com\/fi\/wp-json\/wp\/v2\/media?parent=30655"}],"wp:term":[{"taxonomy":"product_brand","embeddable":true,"href":"https:\/\/nordicmart.andreevmaster.com\/fi\/wp-json\/wp\/v2\/product_brand?post=30655"},{"taxonomy":"product_cat","embeddable":true,"href":"https:\/\/nordicmart.andreevmaster.com\/fi\/wp-json\/wp\/v2\/product_cat?post=30655"},{"taxonomy":"product_tag","embeddable":true,"href":"https:\/\/nordicmart.andreevmaster.com\/fi\/wp-json\/wp\/v2\/product_tag?post=30655"}],"curies":[{"name":"wp","href":"https:\/\/api.w.org\/{rel}","templated":true}]}}