{"id":30652,"date":"2026-02-27T00:10:46","date_gmt":"2026-02-27T00:10:46","guid":{"rendered":"https:\/\/nordicmart.andreevmaster.com\/product\/songmics-3-osainen-rottinkityylinen-puutarhakalustesetti\/"},"modified":"2026-02-27T09:34:13","modified_gmt":"2026-02-27T09:34:13","slug":"songmics-3-osainen-rottinkityylinen-puutarhakalustesetti","status":"publish","type":"product","link":"https:\/\/nordicmart.andreevmaster.com\/fi\/tuote\/songmics-3-osainen-rottinkityylinen-puutarhakalustesetti\/","title":{"rendered":"SONGMICS 3-osainen rottinkityylinen puutarhakalustesetti"},"content":{"rendered":"<p>SONGMICS puutarhakalustesetti, 3-osainen, polyrottingia, ulkok\u00e4ytt\u00f6\u00f6n, terassille, parvekkeelle, puutarhaan, helppo asentaa, sivup\u00f6yt\u00e4 ja 2 tuolia, musta-beige GGF010M01<br \/>\nV\u00e4ri: ruskea-harmaa<br \/>\nHuonekalujen materiaali: PE (polyeteeni), jauhemaalattu ter\u00e4s, karkaistu lasi<br \/>\nTyynyjen materiaali: VFT-pehmuste (Vertical Fibre Technology), polyesterikangasverhoilu<br \/>\nTuolin koko: 57,5 x 53 x 76 cm (S x L x K)<br \/>\nP\u00f6yd\u00e4n koko: 40 x 42 x 39 cm (S x L x K)<br \/>\nKokonaispaino: 17,1 kg<br \/>\nTuolin maks. staattinen kantavuus: 150 kg<br \/>\nP\u00f6yd\u00e4n maks. staattinen kantavuus: 30 kg<\/p>\n","protected":false},"excerpt":{"rendered":"<p>SONGMICS puutarhakalustesetti, 3-osainen, polyrottingia, ulkok\u00e4ytt\u00f6\u00f6n, terassille, parvekkeelle, puutarhaan, helppo asentaa, sivup\u00f6yt\u00e4 ja 2 tuolia, musta-beige GGF010M01<\/p>\n","protected":false},"featured_media":39883,"comment_status":"open","ping_status":"closed","template":"","meta":[],"product_brand":[],"product_cat":[32],"product_tag":[],"class_list":{"0":"post-30652","1":"product","2":"type-product","3":"status-publish","4":"has-post-thumbnail","6":"product_cat-uncategorized-fi","8":"first","9":"instock","10":"shipping-taxable","11":"purchasable","12":"product-type-simple"},"_links":{"self":[{"href":"https:\/\/nordicmart.andreevmaster.com\/fi\/wp-json\/wp\/v2\/product\/30652","targetHints":{"allow":["GET"]}}],"collection":[{"href":"https:\/\/nordicmart.andreevmaster.com\/fi\/wp-json\/wp\/v2\/product"}],"about":[{"href":"https:\/\/nordicmart.andreevmaster.com\/fi\/wp-json\/wp\/v2\/types\/product"}],"replies":[{"embeddable":true,"href":"https:\/\/nordicmart.andreevmaster.com\/fi\/wp-json\/wp\/v2\/comments?post=30652"}],"wp:featuredmedia":[{"embeddable":true,"href":"https:\/\/nordicmart.andreevmaster.com\/fi\/wp-json\/wp\/v2\/media\/39883"}],"wp:attachment":[{"href":"https:\/\/nordicmart.andreevmaster.com\/fi\/wp-json\/wp\/v2\/media?parent=30652"}],"wp:term":[{"taxonomy":"product_brand","embeddable":true,"href":"https:\/\/nordicmart.andreevmaster.com\/fi\/wp-json\/wp\/v2\/product_brand?post=30652"},{"taxonomy":"product_cat","embeddable":true,"href":"https:\/\/nordicmart.andreevmaster.com\/fi\/wp-json\/wp\/v2\/product_cat?post=30652"},{"taxonomy":"product_tag","embeddable":true,"href":"https:\/\/nordicmart.andreevmaster.com\/fi\/wp-json\/wp\/v2\/product_tag?post=30652"}],"curies":[{"name":"wp","href":"https:\/\/api.w.org\/{rel}","templated":true}]}}