{"id":30651,"date":"2026-02-27T00:10:46","date_gmt":"2026-02-27T00:10:46","guid":{"rendered":"https:\/\/nordicmart.andreevmaster.com\/product\/songmics-ggf010g05-terassikalustesetti-pe-polyrottinkinen-oleskelusetti-poyta-ja-2-tuolia-puutarhakalusteet-helppo-asentaa-ulkokayttoon-terassille-parvekkeelle-puutarhaan-musta-harmaa\/"},"modified":"2026-02-27T09:34:13","modified_gmt":"2026-02-27T09:34:13","slug":"songmics-ggf010g05-terassikalustesetti-pe-polyrottinkinen-oleskelusetti-poyta-ja-2-tuolia-puutarhakalusteet-helppo-asentaa-ulkokayttoon-terassille-parvekkeelle-puutarhaan-musta-harmaa","status":"publish","type":"product","link":"https:\/\/nordicmart.andreevmaster.com\/fi\/tuote\/songmics-ggf010g05-terassikalustesetti-pe-polyrottinkinen-oleskelusetti-poyta-ja-2-tuolia-puutarhakalusteet-helppo-asentaa-ulkokayttoon-terassille-parvekkeelle-puutarhaan-musta-harmaa\/","title":{"rendered":"Songmics GGF010G05 Terassikalustesetti, PE-polyrottinkinen oleskelusetti, p\u00f6yt\u00e4 ja 2 tuolia, puutarhakalusteet, helppo asentaa, ulkok\u00e4ytt\u00f6\u00f6n, terassille, parvekkeelle, puutarhaan, musta\/harmaa"},"content":{"rendered":"<p>Lomafiilis omassa kodissa: Haluatko hyp\u00e4t\u00e4 lomafiilikseen? Sitten t\u00e4m\u00e4 huonekalusetti on t\u00e4ydellinen valinta sinulle. Se antaa puutarhallesi koristeellisen ilmeen puhtaiden linjojensa ja rottinkimaisen ulkon\u00e4k\u00f6ns\u00e4 ansiosta. <\/p>\n<p>Ei monimutkaista kokoamista: T\u00e4m\u00e4 puutarhakalustesetti on helppo koota, vaikka et olisikaan DIY-asiantuntija! Asennustarvikkeet, tarkasti poratut rei\u00e4t ja selke\u00e4t ohjeet helpottavat ty\u00f6t\u00e4. <\/p>\n<p>Vakaa rakenne: jauhemaalatut ter\u00e4sjalat, s\u00e4\u00e4nkest\u00e4v\u00e4 polyrottinki \u2013 jokainen tuoli kest\u00e4\u00e4 jopa 150 kg:n painon. P\u00f6yd\u00e4ss\u00e4 on ylim\u00e4\u00e4r\u00e4inen vahvistustanko pohjassa, ja se kest\u00e4\u00e4 jopa 30 kg:n painon.<\/p>\n<p>Mukava paikka: 5 cm paksu vaahtomuovipehmuste, ergonomisesti muotoiltu selk\u00e4noja, joka mukautuu t\u00e4ydellisesti kehoosi \u2013 istu vain johonkin n\u00e4ist\u00e4 tuoleista rentoutumaan ja lataamaan uutta energiaa.K\u00e4yt\u00e4 niit\u00e4 tarpeen mukaan: parvekkeella, terassilla, puutarhassa ja miss\u00e4 tahansa, miss\u00e4 haluat rentoutua tai jutella yst\u00e4vien kanssa. Tai sijoita parvekekalusteet sis\u00e4tiloihin luodaksesi ruokailutilan tai viihtyis\u00e4n lukunurkkauksen.<\/p>\n","protected":false},"excerpt":{"rendered":"<p>Lomafiilis omassa kodissa: Haluatko hyp\u00e4t\u00e4 lomafiilikseen? Sitten t\u00e4m\u00e4 huonekalusetti on t\u00e4ydellinen valinta sinulle. Se antaa puutarhallesi koristeellisen ilmeen puhtaiden linjojensa ja rottinkimaisen ulkon\u00e4k\u00f6ns\u00e4 ansiosta. Ei monimutkaista kokoamista: T\u00e4m\u00e4 puutarhakalustesetti on helppo koota, vaikka et olisikaan DIY-asiantuntija! Asennustarvikkeet, tarkasti poratut rei\u00e4t ja selke\u00e4t ohjeet helpottavat ty\u00f6t\u00e4. Vakaa rakenne: jauhemaalatut ter\u00e4sjalat, s\u00e4\u00e4nkest\u00e4v\u00e4 polyrottinki \u2013 jokainen tuoli kest\u00e4\u00e4 [&hellip;]<\/p>\n","protected":false},"featured_media":0,"comment_status":"open","ping_status":"closed","template":"","meta":[],"product_brand":[],"product_cat":[32],"product_tag":[],"class_list":{"0":"post-30651","1":"product","2":"type-product","3":"status-publish","5":"product_cat-uncategorized-fi","7":"first","8":"instock","9":"shipping-taxable","10":"purchasable","11":"product-type-simple"},"_links":{"self":[{"href":"https:\/\/nordicmart.andreevmaster.com\/fi\/wp-json\/wp\/v2\/product\/30651","targetHints":{"allow":["GET"]}}],"collection":[{"href":"https:\/\/nordicmart.andreevmaster.com\/fi\/wp-json\/wp\/v2\/product"}],"about":[{"href":"https:\/\/nordicmart.andreevmaster.com\/fi\/wp-json\/wp\/v2\/types\/product"}],"replies":[{"embeddable":true,"href":"https:\/\/nordicmart.andreevmaster.com\/fi\/wp-json\/wp\/v2\/comments?post=30651"}],"wp:attachment":[{"href":"https:\/\/nordicmart.andreevmaster.com\/fi\/wp-json\/wp\/v2\/media?parent=30651"}],"wp:term":[{"taxonomy":"product_brand","embeddable":true,"href":"https:\/\/nordicmart.andreevmaster.com\/fi\/wp-json\/wp\/v2\/product_brand?post=30651"},{"taxonomy":"product_cat","embeddable":true,"href":"https:\/\/nordicmart.andreevmaster.com\/fi\/wp-json\/wp\/v2\/product_cat?post=30651"},{"taxonomy":"product_tag","embeddable":true,"href":"https:\/\/nordicmart.andreevmaster.com\/fi\/wp-json\/wp\/v2\/product_tag?post=30651"}],"curies":[{"name":"wp","href":"https:\/\/api.w.org\/{rel}","templated":true}]}}