{"id":30648,"date":"2026-02-27T00:10:45","date_gmt":"2026-02-27T00:10:45","guid":{"rendered":"https:\/\/nordicmart.andreevmaster.com\/product\/songmics-pe-rottinkinen-parvekekalustesetti\/"},"modified":"2026-02-27T09:34:12","modified_gmt":"2026-02-27T09:34:12","slug":"songmics-pe-rottinkinen-parvekekalustesetti","status":"publish","type":"product","link":"https:\/\/nordicmart.andreevmaster.com\/fi\/tuote\/songmics-pe-rottinkinen-parvekekalustesetti\/","title":{"rendered":"SONGMICS PE-rottinkinen parvekekalustesetti"},"content":{"rendered":"<p>Kaunis s\u00e4\u00e4 houkuttelee kaikki ulos raittiiseen ilmaan. Haluatko nauttia l\u00e4mpim\u00e4st\u00e4 auringosta puutarhassasi? Hemmottele itse\u00e4si t\u00e4ll\u00e4 SONGMICS-puutarhakalustesarjalla ja viet\u00e4 mukavia hetki\u00e4 ulkona rakkaimpiesi kanssa! Anna enemm\u00e4n, ota v\u00e4hemm\u00e4n: 9-osainen kalustesarja vie yht\u00e4 paljon tilaa kuin p\u00f6yt\u00e4? Kyll\u00e4, se on mahdollista! T\u00e4m\u00e4n huonekalusarjan \u00e4lykk\u00e4\u00e4n suunnittelun ansiosta voit ty\u00f6nt\u00e4\u00e4 jakkarat tuolien alle ja tuolit p\u00f6yd\u00e4n alle. N\u00e4in huonekalut voidaan s\u00e4ilytt\u00e4\u00e4 tilaa s\u00e4\u00e4st\u00e4en, kun niit\u00e4 ei k\u00e4ytet\u00e4. Eritt\u00e4in k\u00e4yt\u00e4nn\u00f6llist\u00e4! Rentoutumisen keidas: Luo rento ilmapiiri t\u00e4ll\u00e4 ulkok\u00e4ytt\u00f6\u00f6n tarkoitetulla puutarhakalustesarjalla. Nauti l\u00e4mpim\u00e4ll\u00e4 s\u00e4\u00e4ll\u00e4 puolisosi kanssa ateriasta puutarhassa, terassilla tai uima-altaalla. Raikkaalla ja luonnollisella ulkon\u00e4\u00f6ll\u00e4\u00e4n t\u00e4m\u00e4 terassikalustesetti on kaunis koriste monien vuosien ajan! Tuotetiedot:V\u00e4ri: ruskea-beige Tuolin ja p\u00f6yd\u00e4n materiaali: PE-polyrottinki (polyeteeni), jauhemaalattu ter\u00e4s, karkaistu lasi Tyynyjen materiaali: VFT-pehmuste (Vertical Fibre Technology), polyesterikangas Koko per tuoli: 52 x 52 x 86 cm (P x L x K) Koko per jakkara: 41 x 41 x 35 cm (P x L x K)P\u00f6yd\u00e4n koko: 109 x 109 x 72 cm (P x L x K)Kokonaispaino: 64 kgTuolin maks. staattinen kantavuus: 130 kgJakkaran maks. staattinen kantavuus: 130 kgP\u00f6yd\u00e4n maks. staattinen kantavuus: 30 kg<\/p>\n","protected":false},"excerpt":{"rendered":"<p>SONGMICS parvekekalusteet, puutarhakalusteet, ruokailuhuonekalusteet, ruokap\u00f6yt\u00e4 ja tuolit, 9-osainen sarja, PE-rottinkia, terassikalusteet, lasipintaisella sohvap\u00f6yd\u00e4ll\u00e4, tyynyill\u00e4, tilaa s\u00e4\u00e4st\u00e4v\u00e4, ruskea-beige GGF009K02<\/p>\n","protected":false},"featured_media":39880,"comment_status":"open","ping_status":"closed","template":"","meta":[],"product_brand":[],"product_cat":[32],"product_tag":[],"class_list":{"0":"post-30648","1":"product","2":"type-product","3":"status-publish","4":"has-post-thumbnail","6":"product_cat-uncategorized-fi","8":"first","9":"instock","10":"shipping-taxable","11":"purchasable","12":"product-type-simple"},"_links":{"self":[{"href":"https:\/\/nordicmart.andreevmaster.com\/fi\/wp-json\/wp\/v2\/product\/30648","targetHints":{"allow":["GET"]}}],"collection":[{"href":"https:\/\/nordicmart.andreevmaster.com\/fi\/wp-json\/wp\/v2\/product"}],"about":[{"href":"https:\/\/nordicmart.andreevmaster.com\/fi\/wp-json\/wp\/v2\/types\/product"}],"replies":[{"embeddable":true,"href":"https:\/\/nordicmart.andreevmaster.com\/fi\/wp-json\/wp\/v2\/comments?post=30648"}],"wp:featuredmedia":[{"embeddable":true,"href":"https:\/\/nordicmart.andreevmaster.com\/fi\/wp-json\/wp\/v2\/media\/39880"}],"wp:attachment":[{"href":"https:\/\/nordicmart.andreevmaster.com\/fi\/wp-json\/wp\/v2\/media?parent=30648"}],"wp:term":[{"taxonomy":"product_brand","embeddable":true,"href":"https:\/\/nordicmart.andreevmaster.com\/fi\/wp-json\/wp\/v2\/product_brand?post=30648"},{"taxonomy":"product_cat","embeddable":true,"href":"https:\/\/nordicmart.andreevmaster.com\/fi\/wp-json\/wp\/v2\/product_cat?post=30648"},{"taxonomy":"product_tag","embeddable":true,"href":"https:\/\/nordicmart.andreevmaster.com\/fi\/wp-json\/wp\/v2\/product_tag?post=30648"}],"curies":[{"name":"wp","href":"https:\/\/api.w.org\/{rel}","templated":true}]}}