{"id":30647,"date":"2026-02-27T00:10:45","date_gmt":"2026-02-27T00:10:45","guid":{"rendered":"https:\/\/nordicmart.andreevmaster.com\/product\/songmics-puutarhakalustesetti-polyrottingista-ruskea-beige\/"},"modified":"2026-02-27T09:34:12","modified_gmt":"2026-02-27T09:34:12","slug":"songmics-puutarhakalustesetti-polyrottingista-ruskea-beige","status":"publish","type":"product","link":"https:\/\/nordicmart.andreevmaster.com\/fi\/tuote\/songmics-puutarhakalustesetti-polyrottingista-ruskea-beige\/","title":{"rendered":"SONGMICS puutarhakalustesetti polyrottingista, ruskea-beige"},"content":{"rendered":"<p>Kaunis s\u00e4\u00e4 houkuttelee kaikki ulos raittiiseen ilmaan. Haluatko nauttia l\u00e4mpim\u00e4st\u00e4 auringosta puutarhassasi? Hemmottele itse\u00e4si t\u00e4ll\u00e4 puutarhakalustesarjalla ja viet\u00e4 mukavia hetki\u00e4 ulkona rakkaimpiesi kanssa! Anna enemm\u00e4n, ota v\u00e4hemm\u00e4n: 9-osainen kalustesarja vie yht\u00e4 paljon tilaa kuin p\u00f6yt\u00e4? Kyll\u00e4, se on mahdollista! T\u00e4m\u00e4n huonekalusarjan \u00e4lykk\u00e4\u00e4n suunnittelun ansiosta voit ty\u00f6nt\u00e4\u00e4 jakkarat tuolien alle ja tuolit p\u00f6yd\u00e4n alle. N\u00e4in n\u00e4m\u00e4 huonekalut voidaan s\u00e4ilytt\u00e4\u00e4 tilaa s\u00e4\u00e4st\u00e4en, kun niit\u00e4 ei k\u00e4ytet\u00e4. Eritt\u00e4in k\u00e4yt\u00e4nn\u00f6llist\u00e4!Toimitus sis\u00e4lt\u00e4\u00e4: 4 x puutarhatuoli; 4 x jakkara; 1 x puutarhap\u00f6yt\u00e4; 12 x tyyny; 1 x lis\u00e4varustepaketti; 1 x ohjeet<\/p>\n","protected":false},"excerpt":{"rendered":"<p>SONGMICS parvekekalusteet, puutarhakalusteet, ruokailuhuonekalusteet, ruokap\u00f6yt\u00e4 ja tuolit, 9-osainen sarja, PE-rottinkia, terassikalusteet, lasipintaisella sohvap\u00f6yd\u00e4ll\u00e4, tyynyill\u00e4, tilaa s\u00e4\u00e4st\u00e4v\u00e4, ruskea-beige GGF009K02<\/p>\n","protected":false},"featured_media":39879,"comment_status":"open","ping_status":"closed","template":"","meta":[],"product_brand":[],"product_cat":[32],"product_tag":[],"class_list":{"0":"post-30647","1":"product","2":"type-product","3":"status-publish","4":"has-post-thumbnail","6":"product_cat-uncategorized-fi","8":"first","9":"instock","10":"shipping-taxable","11":"purchasable","12":"product-type-simple"},"_links":{"self":[{"href":"https:\/\/nordicmart.andreevmaster.com\/fi\/wp-json\/wp\/v2\/product\/30647","targetHints":{"allow":["GET"]}}],"collection":[{"href":"https:\/\/nordicmart.andreevmaster.com\/fi\/wp-json\/wp\/v2\/product"}],"about":[{"href":"https:\/\/nordicmart.andreevmaster.com\/fi\/wp-json\/wp\/v2\/types\/product"}],"replies":[{"embeddable":true,"href":"https:\/\/nordicmart.andreevmaster.com\/fi\/wp-json\/wp\/v2\/comments?post=30647"}],"wp:featuredmedia":[{"embeddable":true,"href":"https:\/\/nordicmart.andreevmaster.com\/fi\/wp-json\/wp\/v2\/media\/39879"}],"wp:attachment":[{"href":"https:\/\/nordicmart.andreevmaster.com\/fi\/wp-json\/wp\/v2\/media?parent=30647"}],"wp:term":[{"taxonomy":"product_brand","embeddable":true,"href":"https:\/\/nordicmart.andreevmaster.com\/fi\/wp-json\/wp\/v2\/product_brand?post=30647"},{"taxonomy":"product_cat","embeddable":true,"href":"https:\/\/nordicmart.andreevmaster.com\/fi\/wp-json\/wp\/v2\/product_cat?post=30647"},{"taxonomy":"product_tag","embeddable":true,"href":"https:\/\/nordicmart.andreevmaster.com\/fi\/wp-json\/wp\/v2\/product_tag?post=30647"}],"curies":[{"name":"wp","href":"https:\/\/api.w.org\/{rel}","templated":true}]}}