{"id":30644,"date":"2026-02-27T00:10:45","date_gmt":"2026-02-27T00:10:45","guid":{"rendered":"https:\/\/nordicmart.andreevmaster.com\/product\/songmics-puutarhasohva-poydalla\/"},"modified":"2026-02-27T09:34:12","modified_gmt":"2026-02-27T09:34:12","slug":"songmics-puutarhasohva-poydalla","status":"publish","type":"product","link":"https:\/\/nordicmart.andreevmaster.com\/fi\/tuote\/songmics-puutarhasohva-poydalla\/","title":{"rendered":"SONGMICS puutarhasohva p\u00f6yd\u00e4ll\u00e4"},"content":{"rendered":"<p>Kaunis s\u00e4\u00e4 houkuttelee kaikki ulos raittiiseen ilmaan. Haluatko nauttia l\u00e4mpim\u00e4st\u00e4 auringosta omassa puutarhassasi? Hemmottele itse\u00e4si t\u00e4ll\u00e4 puutarhakalustesarjalla ja viet\u00e4 mukavia hetki\u00e4 ulkona rakkaimpiesi kanssa! Mukavampaa kuin koskaan ennen! Nauti p\u00e4iv\u00e4unesta puutarhassa, kahvitauosta terassilla, auringonlaskusta rakkaimpiesi kanssa&#8230; T\u00e4m\u00e4 puutarhakalustesetti tekee kaikista suunnitelmistasi totta, ja suuret, pehmustetut istuimet takaavat korkean mukavuuden. Pitk\u00e4ik\u00e4inen ilo: t\u00e4ll\u00e4 kest\u00e4v\u00e4ll\u00e4 kalustesetill\u00e4 luot rentoutumisen keitaan, josta voit nauttia pitk\u00e4\u00e4n. Vankka metallirunko, korkealaatuinen PE-polyrottinki, kest\u00e4v\u00e4 karkaistu lasilevy \u2013 n\u00e4m\u00e4 kalusteet palvelevat sinua monien vuosien ajan. Lis\u00e4ksi t\u00e4m\u00e4n huonekalusetin vieh\u00e4tt\u00e4v\u00e4 rottinkimainen ulkon\u00e4k\u00f6 tekee siit\u00e4 puutarhasi katseenvangitsijan ja antaa sille erityisen koristeellisen ilmeen. Tuotetiedot: V\u00e4ri: ruskea-taupe Sofan ja p\u00f6yd\u00e4n materiaali: PE-polyrottinki (polyeteeni), jauhemaalattu ter\u00e4s, karkaistu lasi Tyynyjen materiaali: VFT-pehmuste (Vertical Fibre Technology), polyesterikangasverhoilu 3-istuttavan sohvan koko: 173 x 60 x 66 cm (P x L x K) Jalkapallon koko: 58 x 58 x 34 cm (P x L x K) Sohvap\u00f6yd\u00e4n koko: 58 x 58 x 34 cm (P x L x K) Kokonaispaino: 32,6 kg 3-istuttavan sohvan maks. staattinen kantavuus: 350 kg Jalkap\u00f6yd\u00e4n maks. staattinen kantavuus: 150 kg P\u00f6yd\u00e4n maks. staattinen kantavuus: 30 kg SONGMICS-ohjeet:Suosittelemme peitt\u00e4m\u00e4\u00e4n t\u00e4m\u00e4n huonekalusarjan huonolla s\u00e4\u00e4ll\u00e4 tai talvella. N\u00e4in pidenn\u00e4t sen k\u00e4ytt\u00f6ik\u00e4\u00e4. Puhdista n\u00e4m\u00e4 tuotteet vain kostealla liinalla. Turvallisen k\u00e4yt\u00f6n varmistamiseksi enimm\u00e4iskuormitusta ei saa ylitt\u00e4\u00e4.<\/p>\n","protected":false},"excerpt":{"rendered":"<p>SONGMICS puutarhakalustesetti, 5-osainen, polyrottingia, k\u00e4sin kudottu, puutarhasohva, puutarhap\u00f6yt\u00e4 lasilevyll\u00e4, tyynyill\u00e4, ulkok\u00e4ytt\u00f6\u00f6n, puutarhaan, ruskea-beige GGF005K01<\/p>\n","protected":false},"featured_media":39876,"comment_status":"open","ping_status":"closed","template":"","meta":[],"product_brand":[],"product_cat":[32],"product_tag":[],"class_list":{"0":"post-30644","1":"product","2":"type-product","3":"status-publish","4":"has-post-thumbnail","6":"product_cat-uncategorized-fi","8":"first","9":"instock","10":"shipping-taxable","11":"purchasable","12":"product-type-simple"},"_links":{"self":[{"href":"https:\/\/nordicmart.andreevmaster.com\/fi\/wp-json\/wp\/v2\/product\/30644","targetHints":{"allow":["GET"]}}],"collection":[{"href":"https:\/\/nordicmart.andreevmaster.com\/fi\/wp-json\/wp\/v2\/product"}],"about":[{"href":"https:\/\/nordicmart.andreevmaster.com\/fi\/wp-json\/wp\/v2\/types\/product"}],"replies":[{"embeddable":true,"href":"https:\/\/nordicmart.andreevmaster.com\/fi\/wp-json\/wp\/v2\/comments?post=30644"}],"wp:featuredmedia":[{"embeddable":true,"href":"https:\/\/nordicmart.andreevmaster.com\/fi\/wp-json\/wp\/v2\/media\/39876"}],"wp:attachment":[{"href":"https:\/\/nordicmart.andreevmaster.com\/fi\/wp-json\/wp\/v2\/media?parent=30644"}],"wp:term":[{"taxonomy":"product_brand","embeddable":true,"href":"https:\/\/nordicmart.andreevmaster.com\/fi\/wp-json\/wp\/v2\/product_brand?post=30644"},{"taxonomy":"product_cat","embeddable":true,"href":"https:\/\/nordicmart.andreevmaster.com\/fi\/wp-json\/wp\/v2\/product_cat?post=30644"},{"taxonomy":"product_tag","embeddable":true,"href":"https:\/\/nordicmart.andreevmaster.com\/fi\/wp-json\/wp\/v2\/product_tag?post=30644"}],"curies":[{"name":"wp","href":"https:\/\/api.w.org\/{rel}","templated":true}]}}