{"id":30643,"date":"2026-02-27T00:10:45","date_gmt":"2026-02-27T00:10:45","guid":{"rendered":"https:\/\/nordicmart.andreevmaster.com\/product\/songmics-puutarhakalustesetti-ruskea-beige\/"},"modified":"2026-02-27T09:34:12","modified_gmt":"2026-02-27T09:34:12","slug":"songmics-puutarhakalustesetti-ruskea-beige","status":"publish","type":"product","link":"https:\/\/nordicmart.andreevmaster.com\/fi\/tuote\/songmics-puutarhakalustesetti-ruskea-beige\/","title":{"rendered":"SONGMICS puutarhakalustesetti ruskea-beige"},"content":{"rendered":"<p>Nukkuminen puutarhassa, kahvitauko terassilla, auringonlaskun katselu rakkaiden kanssa&#8230; T\u00e4m\u00e4 puutarhakalustesetti tekee kaikista suunnitelmistasi totta, ja suuret, pehmustetut istuimet takaavat korkean mukavuuden. Kaunis s\u00e4\u00e4 houkuttelee kaikki ulos raittiiseen ilmaan. Haluatko nauttia l\u00e4mpim\u00e4st\u00e4 auringosta puutarhassasi? Hemmottele itse\u00e4si t\u00e4ll\u00e4 puutarhakalustesarjalla ja viet\u00e4 rakkaimpiesi kanssa mukavia hetki\u00e4 ulkona! Toimitussis\u00e4lt\u00f6: 2 x sohvaosa k\u00e4sinojalla\uff1b1 x sohvaosa ilman k\u00e4sinojaa1 x jakkara\uff1b1 x puutarhap\u00f6yt\u00e43 x selk\u00e4tyyny \uff1b1 x lis\u00e4varustepaketti \uff1b1 x ohjeet<\/p>\n","protected":false},"excerpt":{"rendered":"<p>SONGMICS puutarhakalustesetti, 5-osainen, polyrottingia, k\u00e4sin kudottu, puutarhasohva, puutarhap\u00f6yt\u00e4 lasilevyll\u00e4, tyynyill\u00e4, ulkok\u00e4ytt\u00f6\u00f6n, puutarhaan, ruskea-beige GGF005K01<\/p>\n","protected":false},"featured_media":39875,"comment_status":"open","ping_status":"closed","template":"","meta":[],"product_brand":[],"product_cat":[32],"product_tag":[],"class_list":{"0":"post-30643","1":"product","2":"type-product","3":"status-publish","4":"has-post-thumbnail","6":"product_cat-uncategorized-fi","8":"first","9":"instock","10":"shipping-taxable","11":"purchasable","12":"product-type-simple"},"_links":{"self":[{"href":"https:\/\/nordicmart.andreevmaster.com\/fi\/wp-json\/wp\/v2\/product\/30643","targetHints":{"allow":["GET"]}}],"collection":[{"href":"https:\/\/nordicmart.andreevmaster.com\/fi\/wp-json\/wp\/v2\/product"}],"about":[{"href":"https:\/\/nordicmart.andreevmaster.com\/fi\/wp-json\/wp\/v2\/types\/product"}],"replies":[{"embeddable":true,"href":"https:\/\/nordicmart.andreevmaster.com\/fi\/wp-json\/wp\/v2\/comments?post=30643"}],"wp:featuredmedia":[{"embeddable":true,"href":"https:\/\/nordicmart.andreevmaster.com\/fi\/wp-json\/wp\/v2\/media\/39875"}],"wp:attachment":[{"href":"https:\/\/nordicmart.andreevmaster.com\/fi\/wp-json\/wp\/v2\/media?parent=30643"}],"wp:term":[{"taxonomy":"product_brand","embeddable":true,"href":"https:\/\/nordicmart.andreevmaster.com\/fi\/wp-json\/wp\/v2\/product_brand?post=30643"},{"taxonomy":"product_cat","embeddable":true,"href":"https:\/\/nordicmart.andreevmaster.com\/fi\/wp-json\/wp\/v2\/product_cat?post=30643"},{"taxonomy":"product_tag","embeddable":true,"href":"https:\/\/nordicmart.andreevmaster.com\/fi\/wp-json\/wp\/v2\/product_tag?post=30643"}],"curies":[{"name":"wp","href":"https:\/\/api.w.org\/{rel}","templated":true}]}}