{"id":30641,"date":"2026-02-27T00:10:44","date_gmt":"2026-02-27T00:10:44","guid":{"rendered":"https:\/\/nordicmart.andreevmaster.com\/product\/songmics-puutarhakalustesetti-tyynyilla-ja-lasipoydalla-musta-harmaa\/"},"modified":"2026-02-27T09:34:11","modified_gmt":"2026-02-27T09:34:11","slug":"songmics-puutarhakalustesetti-tyynyilla-ja-lasipoydalla-musta-harmaa","status":"publish","type":"product","link":"https:\/\/nordicmart.andreevmaster.com\/fi\/tuote\/songmics-puutarhakalustesetti-tyynyilla-ja-lasipoydalla-musta-harmaa\/","title":{"rendered":"SONGMICS puutarhakalustesetti tyynyill\u00e4 ja lasip\u00f6yd\u00e4ll\u00e4, musta-harmaa"},"content":{"rendered":"<p>SONGMICS puutarhakalustesetti, parvekekalusteet PE-polyrottingista, terassikalusteet, kulmasohva, ulkok\u00e4ytt\u00f6\u00f6n, k\u00e4sin kudottu rottinki, oleskelusetti, tyynyill\u00e4 ja lasip\u00f6yd\u00e4ll\u00e4, musta-harmaa GGF005B04<br \/>\nV\u00e4ri: musta-harmaa<br \/>\nSohvan ja p\u00f6yd\u00e4n materiaali: PE-polyrottinki (polyeteeni), jauhemaalattu ter\u00e4s, karkaistu lasi<br \/>\nTyynyjen materiaali: VFT-pehmuste (Vertical Fibre Technology), polyesterikangasverhoilu<br \/>\n3-istuttavan sohvan koko: 60 x 173 x 66 cm (S x L x K)<br \/>\nJalkapallon koko: 58 x 58 x 34 cm (S x L x K)<br \/>\nSohvap\u00f6yd\u00e4n koko: 58 x 58 x 34 cm (S x L x K)<br \/>\nKokonaispaino: 32,6 kg<br \/>\n3-istuttavan sohvan maks. staattinen kantavuus: 350 kg<br \/>\nJalkapallon maksimaalinen staattinen kantavuus: 150 kg<br \/>\nP\u00f6yd\u00e4n maks. staattinen kantavuus: 30 kg<\/p>\n","protected":false},"excerpt":{"rendered":"<p>SONGMICS puutarhakalustesetti, parvekekalusteet PE-polyrottingista, terassikalusteet, kulmasohva, ulkok\u00e4ytt\u00f6\u00f6n, k\u00e4sin kudottu rottinki, oleskelusetti, tyynyill\u00e4 ja lasip\u00f6yd\u00e4ll\u00e4, musta-harmaa GGF005B04<\/p>\n","protected":false},"featured_media":39873,"comment_status":"open","ping_status":"closed","template":"","meta":[],"product_brand":[],"product_cat":[32],"product_tag":[],"class_list":{"0":"post-30641","1":"product","2":"type-product","3":"status-publish","4":"has-post-thumbnail","6":"product_cat-uncategorized-fi","8":"first","9":"instock","10":"shipping-taxable","11":"purchasable","12":"product-type-simple"},"_links":{"self":[{"href":"https:\/\/nordicmart.andreevmaster.com\/fi\/wp-json\/wp\/v2\/product\/30641","targetHints":{"allow":["GET"]}}],"collection":[{"href":"https:\/\/nordicmart.andreevmaster.com\/fi\/wp-json\/wp\/v2\/product"}],"about":[{"href":"https:\/\/nordicmart.andreevmaster.com\/fi\/wp-json\/wp\/v2\/types\/product"}],"replies":[{"embeddable":true,"href":"https:\/\/nordicmart.andreevmaster.com\/fi\/wp-json\/wp\/v2\/comments?post=30641"}],"wp:featuredmedia":[{"embeddable":true,"href":"https:\/\/nordicmart.andreevmaster.com\/fi\/wp-json\/wp\/v2\/media\/39873"}],"wp:attachment":[{"href":"https:\/\/nordicmart.andreevmaster.com\/fi\/wp-json\/wp\/v2\/media?parent=30641"}],"wp:term":[{"taxonomy":"product_brand","embeddable":true,"href":"https:\/\/nordicmart.andreevmaster.com\/fi\/wp-json\/wp\/v2\/product_brand?post=30641"},{"taxonomy":"product_cat","embeddable":true,"href":"https:\/\/nordicmart.andreevmaster.com\/fi\/wp-json\/wp\/v2\/product_cat?post=30641"},{"taxonomy":"product_tag","embeddable":true,"href":"https:\/\/nordicmart.andreevmaster.com\/fi\/wp-json\/wp\/v2\/product_tag?post=30641"}],"curies":[{"name":"wp","href":"https:\/\/api.w.org\/{rel}","templated":true}]}}