{"id":30638,"date":"2026-02-27T00:10:43","date_gmt":"2026-02-27T00:10:43","guid":{"rendered":"https:\/\/nordicmart.andreevmaster.com\/product\/songmics-parvekekalustesetti-4-osainen\/"},"modified":"2026-02-27T09:34:11","modified_gmt":"2026-02-27T09:34:11","slug":"songmics-parvekekalustesetti-4-osainen","status":"publish","type":"product","link":"https:\/\/nordicmart.andreevmaster.com\/fi\/tuote\/songmics-parvekekalustesetti-4-osainen\/","title":{"rendered":"SONGMICS parvekekalustesetti, 4-osainen"},"content":{"rendered":"<p>T\u00e4ytt\u00e4\u00e4k\u00f6 perheesi kanssa vietetty aika syd\u00e4mesi ilolla? Istu alas SONGMICSin puutarhakalustesarjaan ja viet\u00e4 mukavia hetki\u00e4 ulkona rakkaimpiesi kanssa! Tee olosi mukavaksi: Puutarhatuoleissa ja sohvassa on ulosp\u00e4in kaarevat k\u00e4sinojat ja yli 90\u00b0 kallistuva selk\u00e4noja, joka mukautuu kehosi muotoihin ja tukee selk\u00e4rankaasi. Nauti vapaa-ajastasi ulkona: Aseta terassikalustesetti puutarhaan tai pihalle luodaksesi rentouttavan paikan. Voit lukea kirjaa mukavana iltap\u00e4iv\u00e4n\u00e4, jutella yst\u00e4v\u00e4n kanssa varjossa tai nauttia miellytt\u00e4v\u00e4st\u00e4 kes\u00e4tuulesta uima-altaalla. T\u00e4m\u00e4n istuinryhm\u00e4n avulla kaikki on mahdollista! SONGMICS-ohjeet: Suosittelemme peitt\u00e4m\u00e4\u00e4n t\u00e4m\u00e4n huonekalusarjan huonolla s\u00e4\u00e4ll\u00e4 tai talvella. N\u00e4in pidenn\u00e4t sen k\u00e4ytt\u00f6ik\u00e4\u00e4. Puhdista n\u00e4m\u00e4 tuotteet vain kostealla liinalla.Turvallisen k\u00e4yt\u00f6n varmistamiseksi enimm\u00e4iskuormitusta ei saa ylitt\u00e4\u00e4. \u00c4l\u00e4 kirist\u00e4 ruuveja heti asennuksen yhteydess\u00e4. Kirist\u00e4 ruuvit varovasti vasta, kun olet asettanut ne kaikki paikoilleen. Jos tuote heiluu, s\u00e4\u00e4d\u00e4 ruuveja tuotteen vakauttamiseksi. Tuotetiedot: V\u00e4ri: ruskea-taupe Tuolin, p\u00f6yd\u00e4n ja sohvan materiaali: runko galvanoitua metallia, PE-polyrottinki, kova lasi, tyynyjen materiaali: VFT-pehmuste (Vertical Fibre Technology), polyesterikangasverhoilu Tuolin koko: 56,5 x 54,5 x 81,5 cm (P x L x K) Sohvan koko: 99 x 54,5 x 81,5 cm (P x L x K) P\u00f6yd\u00e4n koko: 71 x 41 x 39 cm (P x L x K) Kokonaispaino: 25,4 kg Tuolin maks. staattinen kantavuus: 150 kg Sohvan maks. staattinen kantavuus: 200 kg P\u00f6yd\u00e4n maks. staattinen kantavuus: 30 kg<\/p>\n","protected":false},"excerpt":{"rendered":"<p>SONGMICS parvekekalusteet, puutarhakalustesetti, PE-polyrottingista, oleskelusetti, terassikalusteet, ulkok\u00e4ytt\u00f6\u00f6n, terassille, parvekkeelle, puutarhaan, ruskea-taupe GGF004K05<\/p>\n","protected":false},"featured_media":39870,"comment_status":"open","ping_status":"closed","template":"","meta":[],"product_brand":[],"product_cat":[32],"product_tag":[],"class_list":{"0":"post-30638","1":"product","2":"type-product","3":"status-publish","4":"has-post-thumbnail","6":"product_cat-uncategorized-fi","8":"first","9":"instock","10":"shipping-taxable","11":"purchasable","12":"product-type-simple"},"_links":{"self":[{"href":"https:\/\/nordicmart.andreevmaster.com\/fi\/wp-json\/wp\/v2\/product\/30638","targetHints":{"allow":["GET"]}}],"collection":[{"href":"https:\/\/nordicmart.andreevmaster.com\/fi\/wp-json\/wp\/v2\/product"}],"about":[{"href":"https:\/\/nordicmart.andreevmaster.com\/fi\/wp-json\/wp\/v2\/types\/product"}],"replies":[{"embeddable":true,"href":"https:\/\/nordicmart.andreevmaster.com\/fi\/wp-json\/wp\/v2\/comments?post=30638"}],"wp:featuredmedia":[{"embeddable":true,"href":"https:\/\/nordicmart.andreevmaster.com\/fi\/wp-json\/wp\/v2\/media\/39870"}],"wp:attachment":[{"href":"https:\/\/nordicmart.andreevmaster.com\/fi\/wp-json\/wp\/v2\/media?parent=30638"}],"wp:term":[{"taxonomy":"product_brand","embeddable":true,"href":"https:\/\/nordicmart.andreevmaster.com\/fi\/wp-json\/wp\/v2\/product_brand?post=30638"},{"taxonomy":"product_cat","embeddable":true,"href":"https:\/\/nordicmart.andreevmaster.com\/fi\/wp-json\/wp\/v2\/product_cat?post=30638"},{"taxonomy":"product_tag","embeddable":true,"href":"https:\/\/nordicmart.andreevmaster.com\/fi\/wp-json\/wp\/v2\/product_tag?post=30638"}],"curies":[{"name":"wp","href":"https:\/\/api.w.org\/{rel}","templated":true}]}}