{"id":30637,"date":"2026-02-27T00:10:43","date_gmt":"2026-02-27T00:10:43","guid":{"rendered":"https:\/\/nordicmart.andreevmaster.com\/product\/songmics-parvekekalusteet-pe-polyrottingista-musta-harmaa\/"},"modified":"2026-02-27T09:34:11","modified_gmt":"2026-02-27T09:34:11","slug":"songmics-parvekekalusteet-pe-polyrottingista-musta-harmaa","status":"publish","type":"product","link":"https:\/\/nordicmart.andreevmaster.com\/fi\/tuote\/songmics-parvekekalusteet-pe-polyrottingista-musta-harmaa\/","title":{"rendered":"SONGMICS parvekekalusteet PE-polyrottingista, musta-harmaa"},"content":{"rendered":"<p>SONGMICS parvekekalusteet, puutarhakalustesetti, PE-polyrottingista, oleskelusetti, terassikalusteet, ulkok\u00e4ytt\u00f6\u00f6n, terassille, parvekkeelle, puutarhaan, ruskea-taupe GGF004K05<br \/>\nV\u00e4ri: ruskea-taupe<br \/>\nTuolin, p\u00f6yd\u00e4n ja sohvan materiaali: runko galvanoidusta metallista, PE-polyrottinki, kova lasi<br \/>\nTyynyjen materiaali: VFT-pehmuste (Vertical Fibre Technology), polyesterikangasverhoilu<br \/>\nTuolin koko: 56,5 x 54,5 x 81,5 cm (P x L x K)<br \/>\nSohvan koko: 99 x 54,5 x 81,5 cm (P x L x K)<br \/>\nP\u00f6yd\u00e4n koko: 71 x 41 x 39 cm (P x L x K)<br \/>\nKokonaispaino: 25,4 kg<br \/>\nTuolin maks. staattinen kantavuus: 150 kg<br \/>\nSohvan maks. staattinen kantavuus: 200 kg<br \/>\nP\u00f6yd\u00e4n maks. staattinen kantavuus: 30 kg<\/p>\n","protected":false},"excerpt":{"rendered":"<p>SONGMICS parvekekalusteet, puutarhakalustesetti, PE-polyrottingista, oleskelusetti, terassikalusteet, ulkok\u00e4ytt\u00f6\u00f6n, terassille, parvekkeelle, puutarhaan, ruskea-taupe GGF004K05<\/p>\n","protected":false},"featured_media":39869,"comment_status":"open","ping_status":"closed","template":"","meta":[],"product_brand":[],"product_cat":[32],"product_tag":[],"class_list":{"0":"post-30637","1":"product","2":"type-product","3":"status-publish","4":"has-post-thumbnail","6":"product_cat-uncategorized-fi","8":"first","9":"instock","10":"shipping-taxable","11":"purchasable","12":"product-type-simple"},"_links":{"self":[{"href":"https:\/\/nordicmart.andreevmaster.com\/fi\/wp-json\/wp\/v2\/product\/30637","targetHints":{"allow":["GET"]}}],"collection":[{"href":"https:\/\/nordicmart.andreevmaster.com\/fi\/wp-json\/wp\/v2\/product"}],"about":[{"href":"https:\/\/nordicmart.andreevmaster.com\/fi\/wp-json\/wp\/v2\/types\/product"}],"replies":[{"embeddable":true,"href":"https:\/\/nordicmart.andreevmaster.com\/fi\/wp-json\/wp\/v2\/comments?post=30637"}],"wp:featuredmedia":[{"embeddable":true,"href":"https:\/\/nordicmart.andreevmaster.com\/fi\/wp-json\/wp\/v2\/media\/39869"}],"wp:attachment":[{"href":"https:\/\/nordicmart.andreevmaster.com\/fi\/wp-json\/wp\/v2\/media?parent=30637"}],"wp:term":[{"taxonomy":"product_brand","embeddable":true,"href":"https:\/\/nordicmart.andreevmaster.com\/fi\/wp-json\/wp\/v2\/product_brand?post=30637"},{"taxonomy":"product_cat","embeddable":true,"href":"https:\/\/nordicmart.andreevmaster.com\/fi\/wp-json\/wp\/v2\/product_cat?post=30637"},{"taxonomy":"product_tag","embeddable":true,"href":"https:\/\/nordicmart.andreevmaster.com\/fi\/wp-json\/wp\/v2\/product_tag?post=30637"}],"curies":[{"name":"wp","href":"https:\/\/api.w.org\/{rel}","templated":true}]}}