{"id":30634,"date":"2026-02-27T00:10:42","date_gmt":"2026-02-27T00:10:42","guid":{"rendered":"https:\/\/nordicmart.andreevmaster.com\/product\/songmics-puutarhakalustesetti-pe-polyrattanista-musta-harmaa\/"},"modified":"2026-02-27T09:34:10","modified_gmt":"2026-02-27T09:34:10","slug":"songmics-puutarhakalustesetti-pe-polyrattanista-musta-harmaa","status":"publish","type":"product","link":"https:\/\/nordicmart.andreevmaster.com\/fi\/tuote\/songmics-puutarhakalustesetti-pe-polyrattanista-musta-harmaa\/","title":{"rendered":"SONGMICS puutarhakalustesetti PE-polyrattanista, musta-harmaa"},"content":{"rendered":"<p>SONGMICS parvekekalusteet, puutarhakalustesetti, PE-polyrottingista, oleskelusetti, p\u00f6yt\u00e4 ja 2 tuolia, terassikalusteet, ulkok\u00e4ytt\u00f6\u00f6n, terassille, parvekkeelle, puutarhaan, musta-taupea GGF003B01<br \/>\nV\u00e4ri: musta-harmaa<br \/>\nTuolin ja p\u00f6yd\u00e4n materiaali: runko galvanoidusta metallista, PE-polyrottinki, kova lasi,<br \/>\nTyynyjen materiaali: VFT-pehmuste (Vertical Fibre Technology), polyesterikangasverhoilu<br \/>\nTuolin koko: 56,5 x 54,5 x 81,5 cm (P x L x K)<br \/>\nP\u00f6yd\u00e4n koko: 40 x 40 x 45,5 cm (P x L x K)<br \/>\nKokonaispaino: 16,3 kg<br \/>\nTuolin maks. staattinen kantavuus: 150 kg<br \/>\nP\u00f6yd\u00e4n maks. staattinen kantavuus: 30 kg<\/p>\n","protected":false},"excerpt":{"rendered":"<p>SONGMICS parvekekalusteet, puutarhakalustesetti, PE-polyrottingista, oleskelusetti, p\u00f6yt\u00e4 ja 2 tuolia, terassikalusteet, ulkok\u00e4ytt\u00f6\u00f6n, terassille, parvekkeelle, puutarhaan, musta-taupea GGF003B01<\/p>\n","protected":false},"featured_media":0,"comment_status":"open","ping_status":"closed","template":"","meta":[],"product_brand":[],"product_cat":[32],"product_tag":[],"class_list":{"0":"post-30634","1":"product","2":"type-product","3":"status-publish","5":"product_cat-uncategorized-fi","7":"first","8":"instock","9":"shipping-taxable","10":"purchasable","11":"product-type-simple"},"_links":{"self":[{"href":"https:\/\/nordicmart.andreevmaster.com\/fi\/wp-json\/wp\/v2\/product\/30634","targetHints":{"allow":["GET"]}}],"collection":[{"href":"https:\/\/nordicmart.andreevmaster.com\/fi\/wp-json\/wp\/v2\/product"}],"about":[{"href":"https:\/\/nordicmart.andreevmaster.com\/fi\/wp-json\/wp\/v2\/types\/product"}],"replies":[{"embeddable":true,"href":"https:\/\/nordicmart.andreevmaster.com\/fi\/wp-json\/wp\/v2\/comments?post=30634"}],"wp:attachment":[{"href":"https:\/\/nordicmart.andreevmaster.com\/fi\/wp-json\/wp\/v2\/media?parent=30634"}],"wp:term":[{"taxonomy":"product_brand","embeddable":true,"href":"https:\/\/nordicmart.andreevmaster.com\/fi\/wp-json\/wp\/v2\/product_brand?post=30634"},{"taxonomy":"product_cat","embeddable":true,"href":"https:\/\/nordicmart.andreevmaster.com\/fi\/wp-json\/wp\/v2\/product_cat?post=30634"},{"taxonomy":"product_tag","embeddable":true,"href":"https:\/\/nordicmart.andreevmaster.com\/fi\/wp-json\/wp\/v2\/product_tag?post=30634"}],"curies":[{"name":"wp","href":"https:\/\/api.w.org\/{rel}","templated":true}]}}