{"id":30633,"date":"2026-02-27T00:10:42","date_gmt":"2026-02-27T00:10:42","guid":{"rendered":"https:\/\/nordicmart.andreevmaster.com\/product\/songmics-puutarhakalustesetti-poydalla-ja-2-tuolilla\/"},"modified":"2026-02-27T09:34:10","modified_gmt":"2026-02-27T09:34:10","slug":"songmics-puutarhakalustesetti-poydalla-ja-2-tuolilla","status":"publish","type":"product","link":"https:\/\/nordicmart.andreevmaster.com\/fi\/tuote\/songmics-puutarhakalustesetti-poydalla-ja-2-tuolilla\/","title":{"rendered":"SONGMICS puutarhakalustesetti p\u00f6yd\u00e4ll\u00e4 ja 2 tuolilla"},"content":{"rendered":"<p>Tuotetiedot: V\u00e4ri: musta-taupe Tuolin ja p\u00f6yd\u00e4n materiaali: galvanoitu metallirunko, PE-polyrottinki, karkaistu lasi, tyynyjen materiaali: VFT-pehmuste (Vertical Fibre Technology), polyesterikangasverhoilu Tuolin koko: 56,5 x 54,5 x 81,5 cm (P x L x K) P\u00f6yd\u00e4n koko: 40 x 40 x 45,5 cm (P x L x K) Kokonaispaino: 16,3 kg Tuolin maks. staattinen kantavuus: 150 kg P\u00f6yd\u00e4n maks. staattinen kantavuus: 30 kg Toimitus sis\u00e4lt\u00e4\u00e4: 2 x puutarhatuoli 1 x puutarhap\u00f6yt\u00e4 2 x tyyny 1 x lis\u00e4varustepaketti 1 x ohjeet SONGMICS Huomautukset: Suosittelemme peitt\u00e4m\u00e4\u00e4n t\u00e4m\u00e4n huonekalusetin huonolla s\u00e4\u00e4ll\u00e4 tai talvella. N\u00e4in pidenn\u00e4t sen k\u00e4ytt\u00f6ik\u00e4\u00e4. Puhdista n\u00e4m\u00e4 tuotteet vain kostealla liinalla. Turvallisen k\u00e4yt\u00f6n varmistamiseksi enimm\u00e4iskuormitusta ei saa ylitt\u00e4\u00e4. \u00c4l\u00e4 kirist\u00e4 ruuveja heti asennuksen yhteydess\u00e4. Kirist\u00e4 ruuvit varovasti vasta, kun olet asettanut ne kaikki paikoilleen. Jos tuote heiluu, s\u00e4\u00e4d\u00e4 ruuveja tuotteen vakauttamiseksi.<\/p>\n","protected":false},"excerpt":{"rendered":"<p>SONGMICS parvekekalusteet, puutarhakalustesetti, PE-polyrottingista, oleskelusetti, p\u00f6yt\u00e4 ja 2 tuolia, terassikalusteet, ulkok\u00e4ytt\u00f6\u00f6n, terassille, parvekkeelle, puutarhaan, musta-taupea GGF003B01<\/p>\n","protected":false},"featured_media":39866,"comment_status":"open","ping_status":"closed","template":"","meta":[],"product_brand":[],"product_cat":[32],"product_tag":[],"class_list":{"0":"post-30633","1":"product","2":"type-product","3":"status-publish","4":"has-post-thumbnail","6":"product_cat-uncategorized-fi","8":"first","9":"instock","10":"shipping-taxable","11":"purchasable","12":"product-type-simple"},"_links":{"self":[{"href":"https:\/\/nordicmart.andreevmaster.com\/fi\/wp-json\/wp\/v2\/product\/30633","targetHints":{"allow":["GET"]}}],"collection":[{"href":"https:\/\/nordicmart.andreevmaster.com\/fi\/wp-json\/wp\/v2\/product"}],"about":[{"href":"https:\/\/nordicmart.andreevmaster.com\/fi\/wp-json\/wp\/v2\/types\/product"}],"replies":[{"embeddable":true,"href":"https:\/\/nordicmart.andreevmaster.com\/fi\/wp-json\/wp\/v2\/comments?post=30633"}],"wp:featuredmedia":[{"embeddable":true,"href":"https:\/\/nordicmart.andreevmaster.com\/fi\/wp-json\/wp\/v2\/media\/39866"}],"wp:attachment":[{"href":"https:\/\/nordicmart.andreevmaster.com\/fi\/wp-json\/wp\/v2\/media?parent=30633"}],"wp:term":[{"taxonomy":"product_brand","embeddable":true,"href":"https:\/\/nordicmart.andreevmaster.com\/fi\/wp-json\/wp\/v2\/product_brand?post=30633"},{"taxonomy":"product_cat","embeddable":true,"href":"https:\/\/nordicmart.andreevmaster.com\/fi\/wp-json\/wp\/v2\/product_cat?post=30633"},{"taxonomy":"product_tag","embeddable":true,"href":"https:\/\/nordicmart.andreevmaster.com\/fi\/wp-json\/wp\/v2\/product_tag?post=30633"}],"curies":[{"name":"wp","href":"https:\/\/api.w.org\/{rel}","templated":true}]}}